{"id":16180,"date":"2023-10-02T06:59:01","date_gmt":"2023-10-02T06:59:01","guid":{"rendered":"https:\/\/mariswiss.com\/?page_id=16180"},"modified":"2024-12-05T15:25:42","modified_gmt":"2024-12-05T15:25:42","slug":"qui-sommes-nous","status":"publish","type":"page","link":"https:\/\/mariswiss.com\/da\/qui-sommes-nous\/","title":{"rendered":"Hvem er vi?"},"content":{"rendered":"<h1>\u00c0 propos de MariSwiss : Votre Source de Confiance pour le Cannabis L\u00e9gal de Qualit\u00e9 Suisse et Monde<\/h1>\n<p>Bienvenue chez MariSwiss, une soci\u00e9t\u00e9 europ\u00e9enne d\u00e9di\u00e9e \u00e0 l&#8217;offre de produits de cannabis l\u00e9gal de qualit\u00e9 depuis 2022. Nous sommes fiers de notre engagement envers l&#8217;excellence, la durabilit\u00e9 et la satisfaction de nos clients. Dans cette page, nous vous invitons \u00e0 en apprendre davantage sur notre histoire, notre engagement envers la qualit\u00e9 suisse, notre gamme de produits, notre service d&#8217;exp\u00e9dition en Europe, notre \u00e9quipe passionn\u00e9e, et comment nous contacter pour toute question ou demande.<\/p>\n<div class=\"ux-logo has-hover align-middle ux_logo inline-block\" style=\"max-width: 100%!important; width: 230px!important\"><a class=\"ux-logo-link block image-\" title=\"\" href=\"https:\/\/mariswiss.com\/da\/\" style=\"padding: 15px;\"><img decoding=\"async\" src=\"https:\/\/i0.wp.com\/mariswiss.com\/wp-content\/uploads\/2023\/10\/MariSwiss-B-scaled.jpg?w=1020&#038;ssl=1\" title=\"\" alt=\"\" class=\"ux-logo-image block\" style=\"height:200px;\" data-recalc-dims=\"1\"><\/a><\/div>\n<h2>Historien om MariSwiss<\/h2>\n<p>L&#8217;histoire de MariSwiss a commenc\u00e9 en 2022 avec une vision claire : devenir un leader dans l&#8217;industrie du cannabis l\u00e9gal. Fond\u00e9e par des passionn\u00e9s du cannabis et de la qualit\u00e9 suisse, notre entreprise a rapidement \u00e9volu\u00e9 pour r\u00e9pondre aux besoins croissants du march\u00e9 en produits de cannabis l\u00e9gal de haute qualit\u00e9.<\/p>\n<h2>Notre Engagement envers la Qualit\u00e9<\/h2>\n<p>Chez MariSwiss, la qualit\u00e9 est notre ma\u00eetre-mot. Nous croyons en la puret\u00e9 de la nature suisse et autre, et c&#8217;est pourquoi certains de nos produits de cannabis l\u00e9gal proviennent de cultures suisses biologiques. Les autres proviennent d&#8217;autres parties du monde (Uruguay, France, Italie), avec une rigueur de production que nous trions sur le volet. Nous sommes d\u00e9termin\u00e9s \u00e0 maintenir les normes les plus strictes en mati\u00e8re de contr\u00f4le de la qualit\u00e9 pour chaque produit que nous proposons. Nous travaillons en \u00e9troite collaboration avec des cultivateurs locaux qui partagent notre passion pour la culture durable et respectueuse de l&#8217;environnement.<\/p>\n<h2>Vores udvalg af produkter<\/h2>\n<p>Vi er stolte af at kunne tilbyde dig et varieret udvalg af lovlige cannabisprodukter, der er designet til at opfylde dine individuelle behov. Uanset om du er p\u00e5 udkig efter f\u00f8rsteklasses cannabisblomster, potente ekstrakter, raffinerede olier eller l\u00e6kre edibles, har MariSwiss det, du har brug for. Hvert af vores produkter er n\u00f8je udvalgt for deres kvalitet og potentiale til at levere en enest\u00e5ende forbrugsoplevelse.<\/p>\n<h2>Forsendelse i Europa<\/h2>\n<p>Hos MariSwiss er vores mission at g\u00f8re vores lovlige cannabisprodukter tilg\u00e6ngelige for et bredere publikum i Europa. Vi er glade for at kunne annoncere, at vi tilbyder en p\u00e5lidelig og sikker forsendelsesservice til mange europ\u00e6iske lande. Med vores erfaring inden for logistik er vi forpligtet til at sikre, at dine ordrer ankommer sikkert til dit d\u00f8rtrin.<\/p>\n<h2>Vores team<\/h2>\n<p>Vores team best\u00e5r af passionerede og dedikerede fagfolk, der deler den samme vision om kvalitet og innovation. Fra dyrkning til distribution bringer hvert medlem af vores team v\u00e6rdifuld ekspertise for at sikre, at MariSwiss forts\u00e6tter med at v\u00e6re et benchmark i den lovlige cannabisindustri.<\/p>\n<h2>Forpligtelse til b\u00e6redygtighed<\/h2>\n<p>Hos MariSwiss forst\u00e5r vi vigtigheden af b\u00e6redygtighed i cannabisindustrien. Derfor har vi forpligtet os til at reducere vores milj\u00f8m\u00e6ssige fodaftryk s\u00e5 meget som muligt. Vores avlere bruger milj\u00f8venlige dyrkningsmetoder, og vi bruger genanvendelig emballage for at reducere plastaffald. Vi er forpligtet til at bidrage til en gr\u00f8nnere fremtid, samtidig med at vi giver dig de bedste lovlige cannabisprodukter.<\/p>\n<h2>Innovation og forskning<\/h2>\n<p>Nous croyons en l&#8217;innovation continue pour am\u00e9liorer nos produits et r\u00e9pondre aux besoins changeants de nos clients. Notre \u00e9quipe de recherche et d\u00e9veloppement travaille sans rel\u00e2che pour d\u00e9velopper de nouvelles vari\u00e9t\u00e9s de cannabis, des m\u00e9thodes d&#8217;extraction avanc\u00e9es et des produits novateurs. Nous restons \u00e0 l&#8217;avant-garde de l&#8217;industrie du cannabis l\u00e9gal.<\/p>\n<h2>F\u00e6llesskab og socialt ansvar<\/h2>\n<p>MariSwiss est fier de faire partie int\u00e9grante de la communaut\u00e9. Nous nous engageons \u00e0 soutenir des initiatives locales et \u00e0 contribuer positivement \u00e0 notre soci\u00e9t\u00e9. De plus, nous plaidons pour une utilisation responsable du cannabis l\u00e9gal et nous promouvons des informations \u00e9ducatives pour aider nos clients \u00e0 prendre des d\u00e9cisions \u00e9clair\u00e9es.<\/p>\n<h2>Kontakt os<\/h2>\n<p>Vi er altid glade for at h\u00f8re fra vores kunder og besvare deres sp\u00f8rgsm\u00e5l. T\u00f8v ikke med at kontakte os for information, support eller produktforesp\u00f8rgsler. Du kan kontakte os via e-mail p\u00e5 [e-mailadresse] eller via telefon p\u00e5 [telefonnummer]. Vi er ogs\u00e5 til stede p\u00e5 de sociale medier, hvor du kan f\u00f8lge os for at f\u00e5 de seneste nyheder og opdateringer.<\/p>\n<p>Tak, fordi du valgte MariSwiss til dine behov for lovlige cannabisprodukter af schweizisk kvalitet. Vi ser frem til at betjene dig og give dig en enest\u00e5ende oplevelse hvert trin p\u00e5 vejen.<\/p>","protected":false},"excerpt":{"rendered":"<p>\u00c0 propos de MariSwiss : Votre Source de Confiance pour le Cannabis L\u00e9gal de Qualit\u00e9 Suisse et Monde Bienvenue chez MariSwiss, une soci\u00e9t\u00e9 europ\u00e9enne d\u00e9di\u00e9e \u00e0 l&#8217;offre de produits de cannabis l\u00e9gal de qualit\u00e9 depuis 2022. Nous sommes fiers de notre engagement envers l&#8217;excellence, la durabilit\u00e9 et la satisfaction de nos clients. Dans cette page, [&#8230;]","protected":false},"author":2,"featured_media":16175,"parent":0,"menu_order":0,"comment_status":"closed","ping_status":"closed","template":"","meta":{"inline_featured_image":false,"footnotes":""},"class_list":["post-16180","page","type-page","status-publish","has-post-thumbnail","hentry"],"jetpack_sharing_enabled":true,"_links":{"self":[{"href":"https:\/\/mariswiss.com\/da\/wp-json\/wp\/v2\/pages\/16180","targetHints":{"allow":["GET"]}}],"collection":[{"href":"https:\/\/mariswiss.com\/da\/wp-json\/wp\/v2\/pages"}],"about":[{"href":"https:\/\/mariswiss.com\/da\/wp-json\/wp\/v2\/types\/page"}],"author":[{"embeddable":true,"href":"https:\/\/mariswiss.com\/da\/wp-json\/wp\/v2\/users\/2"}],"replies":[{"embeddable":true,"href":"https:\/\/mariswiss.com\/da\/wp-json\/wp\/v2\/comments?post=16180"}],"version-history":[{"count":13,"href":"https:\/\/mariswiss.com\/da\/wp-json\/wp\/v2\/pages\/16180\/revisions"}],"predecessor-version":[{"id":19797,"href":"https:\/\/mariswiss.com\/da\/wp-json\/wp\/v2\/pages\/16180\/revisions\/19797"}],"wp:featuredmedia":[{"embeddable":true,"href":"https:\/\/mariswiss.com\/da\/wp-json\/wp\/v2\/media\/16175"}],"wp:attachment":[{"href":"https:\/\/mariswiss.com\/da\/wp-json\/wp\/v2\/media?parent=16180"}],"curies":[{"name":"wp","href":"https:\/\/api.w.org\/{rel}","templated":true}]}}