{"id":16212,"date":"2023-10-03T12:59:53","date_gmt":"2023-10-03T12:59:53","guid":{"rendered":"https:\/\/mariswiss.com\/?page_id=16212"},"modified":"2024-12-05T15:16:10","modified_gmt":"2024-12-05T15:16:10","slug":"conditions-generales","status":"publish","type":"page","link":"https:\/\/mariswiss.com\/da\/conditions-generales\/","title":{"rendered":"Generelle vilk\u00e5r og betingelser (GTC)"},"content":{"rendered":"<h1>Generelle vilk\u00e5r og betingelser (GTC)<\/h1>\n<p>Ved at bruge vores hjemmeside og k\u00f8be produkter eller tjenester fra den, accepterer du automatisk vores vilk\u00e5r og betingelser og bekr\u00e6fter, at du er mindst 18 \u00e5r gammel.<\/p>\n<p><strong>1. Registrering<\/strong><br \/>\nDu er eneansvarlig for n\u00f8jagtigheden og fuldst\u00e6ndigheden af de data, du giver, n\u00e5r du registrerer dig p\u00e5 webstedet.<br \/>\nHvis det er n\u00f8dvendigt, skal du informere os om eventuelle \u00e6ndringer i de angivne data ved at opdatere profilen s\u00e5 hurtigt som muligt.<br \/>\nN\u00e5r du registrerer dig, skal du v\u00e6lge en adgangskode, der giver dig mulighed for at bruge vores websted. Denne adgangskode er strengt fortrolig. Det m\u00e5 ikke videregives til tredjeparter.<br \/>\nDu er eneansvarlig for brugen, opbevaringen og sikkerheden af din adgangskode.<br \/>\nHvis du ved eller har mistanke om, at en tredjepart har adgang til din adgangskode, bedes du straks informere os.<\/p>\n<p><strong>2. Priser<\/strong><br \/>\nDe priser, der vises p\u00e5 vores hjemmeside, er i euro (EUR), schweizerfranc (CHF) og britiske pund (\u00a3).<br \/>\nDen pris, der er angivet p\u00e5 produktbladene, inkluderer ikke transport.<br \/>\n<em>Priserne kan \u00e6ndres uden varsel.<\/em><\/p>\n<p><strong>3. Levering<\/strong><br \/>\nDin ordre vil blive afsendt inden for 24 til 48 timer efter modtagelse af betaling. N\u00e5r din ordre er afsendt, vil du modtage en e-mail med dit sporingsnummer.<br \/>\nDu kan ogs\u00e5 finde dit trackingnummer i din personlige sektion p\u00e5 vores hjemmeside under \"ordrer\".<br \/>\nDin ordre vil blive leveret til den adresse, der er angivet p\u00e5 ordren.<br \/>\nVi sender din ordre med prioriteret post med et sporingsnummer.<br \/>\nDin ordre kan sendes i flere pakker.<br \/>\nLeveringstiden er 3 (tre) til 5 (fem) arbejdsdage, eller l\u00e6ngere afh\u00e6ngigt af omst\u00e6ndighederne.<\/p>\n<p><strong>4. Politik for returnering<\/strong><br \/>\nI det usandsynlige tilf\u00e6lde, at du ikke er tilfreds med kvaliteten af vores produkter, tilbyder vi en refunderingsservice:<\/p>\n<p>Du skal kontakte os inden for 7 dage efter modtagelsen ved at sende en e-mail til <a href=\"mailto:hello@mariswiss.com\">hello@mariswiss.com<\/a> . Ved at give os din ordrereference og beskrive, hvorfor du \u00f8nsker en refusion. Vi er ikke ansvarlige for eventuelle tab eller skader, hvis du ikke g\u00f8r dette.<br \/>\nReturner produktet i den originale, u\u00e5bnede emballage. Hvis en vare har v\u00e6ret brugt\/\u00e5bnet, kan vi ikke tage den retur.<br \/>\nReturnerede varer vil blive inspiceret for defekter og enten erstattet eller refunderet, hvis der identificeres en defekt.<br \/>\nTilbagebetalingen vil v\u00e6re for produktets pris og ekskluderer alle porto-, emballage- og forsendelsesomkostninger.<br \/>\nTilbagebetalinger vil generelt blive krediteret med samme betalingsmetode som k\u00f8bet.<br \/>\nVi accepterer ikke returnering af produkter, hvis du ikke kan lide smagen eller duften.<\/p>\n<p><strong>5. Tilbagebetaling<\/strong><\/p>\n<p>Hvis du af en eller anden grund \u00f8nsker en refundering, bedes du kontakte os p\u00e5 f\u00f8lgende e-mailadresse: <a href=\"mailto:hello@mariswiss.com\">hello@mariswiss.com<\/a> og vi vil svare p\u00e5 din anmodning. Refusioner vil blive foretaget fra sag til sag og med uigendrivelige beviser.<\/p>\n<p><strong>6. Forsendelsesfejl<\/strong><br \/>\n- Du skal kontrollere den leverede ordre med det samme.<\/p>\n<p>- Hvis varen ikke svarer til den bestilte vare, kan det skyldes en forsendelsesfejl. I s\u00e5 fald har du tre (3) arbejdsdage til at underrette os om fejlen.<\/p>\n<p>- I tilf\u00e6lde af en forsendelsesfejl, som vi er ansvarlige for, vil vi foresl\u00e5 en kompensationsl\u00f8sning fra sag til sag.<\/p>\n<p><strong>7. Betalingsmetoder<\/strong><br \/>\nVi foresl\u00e5r f\u00f8lgende betalingsmetode:<\/p>\n<p>Kreditkort (Visa, MasterCard, American Express)<br \/>\nBankoverf\u00f8rsel: IBAN : FR76 3000 4006 8300 0102 5141 293. BIC : BNPAFRPPXXX<br \/>\n* Dit kreditkortnummer dirigeres til betalingsserverne. Din betaling foretages direkte i et sikkert milj\u00f8 uden at passere gennem www.mariswiss.com-serveren, hvilket garanterer, at dine kreditkortnumre kun er kendt af vores bankpartner.<\/p>\n<p><strong>8. Kundens ansvar<\/strong><br \/>\nBem\u00e6rk, at vi ikke er autoriseret til at give medicinsk r\u00e5dgivning eller stille diagnoser. Vi r\u00e5der dig til at konsultere din l\u00e6ge, f\u00f8r du begynder at indtage produkter, der indeholder CBD. Vi minder dig ogs\u00e5 om, at n\u00e5r du forpligter dig til at foretage et k\u00f8b, forpligter du dig til at respektere reglerne, til at v\u00e6re myndig og til at kende de g\u00e6ldende love i dit land vedr\u00f8rende CBD.<\/p>\n<p>Kunden p\u00e5tager sig ansvaret for:<\/p>\n<p>Personskade,<br \/>\nSkadeserstatning og renter,<br \/>\nStrafferetlige foranstaltninger,<br \/>\nTab af fortjeneste eller indt\u00e6gter,<br \/>\nTab af brug af et produkt eller udstyr,<br \/>\nTab af ejendom som f\u00f8lge af k\u00f8b, brug eller misbrug af et produkt.<br \/>\nMariswiss.com, dets ejere, agenter og medarbejdere kan ikke holdes ansvarlige for sine kunders handlinger.<\/p>\n<p><strong>9. Datapolitik<\/strong><br \/>\nL\u00e6s venligst vores side om privatlivspolitik omhyggeligt.<\/p>\n<p><strong>10. \u00c6ndring af vores generelle vilk\u00e5r og betingelser<\/strong><br \/>\nVi kan \u00e6ndre (opdatere) vores vilk\u00e5r og betingelser fra tid til anden. Vi giver dig besked om eventuelle \u00e6ndringer ved at offentligg\u00f8re den nye privatlivspolitik p\u00e5 denne side.<br \/>\nSe venligst denne side ofte, n\u00e5r du bruger vores service.<br \/>\nVi r\u00e5der dig til at l\u00e6se denne fortrolighedspolitik regelm\u00e6ssigt for at v\u00e6re opm\u00e6rksom p\u00e5 eventuelle \u00e6ndringer. \u00c6ndringer i denne fortrolighedspolitik tr\u00e6der i kraft, s\u00e5 snart de er offentliggjort p\u00e5 denne side.<\/p>\n<p><strong>11. Kontakt og kundeservice<\/strong><br \/>\nFor yderligere information, kontakt os venligst via e-mail p\u00e5 <a href=\"mailto:contact@mariswiss.com\">contatc@mariswiss.com<\/a> eller p\u00e5 vores <a href=\"https:\/\/ticket.mariswiss.com\/\">Kontakt os for mere information.<\/a><\/p>","protected":false},"excerpt":{"rendered":"<p>Conditions g\u00e9n\u00e9rales (CVG) L\u2019utilisation de notre site web et l\u2019achat de produits ou services sur celui-ci, confirme automatiquement que vous acceptez nos conditions g\u00e9n\u00e9rales et que vous confirmez que vous avez au moins 18 ans. 1. Inscription Vous \u00eates seul responsable de l\u2019exactitude et de l\u2019exhaustivit\u00e9 des donn\u00e9es que vous fournissez lors de votre inscription [&#8230;]","protected":false},"author":2,"featured_media":0,"parent":0,"menu_order":0,"comment_status":"closed","ping_status":"closed","template":"","meta":{"inline_featured_image":false,"footnotes":""},"class_list":["post-16212","page","type-page","status-publish","hentry"],"jetpack_sharing_enabled":true,"_links":{"self":[{"href":"https:\/\/mariswiss.com\/da\/wp-json\/wp\/v2\/pages\/16212","targetHints":{"allow":["GET"]}}],"collection":[{"href":"https:\/\/mariswiss.com\/da\/wp-json\/wp\/v2\/pages"}],"about":[{"href":"https:\/\/mariswiss.com\/da\/wp-json\/wp\/v2\/types\/page"}],"author":[{"embeddable":true,"href":"https:\/\/mariswiss.com\/da\/wp-json\/wp\/v2\/users\/2"}],"replies":[{"embeddable":true,"href":"https:\/\/mariswiss.com\/da\/wp-json\/wp\/v2\/comments?post=16212"}],"version-history":[{"count":7,"href":"https:\/\/mariswiss.com\/da\/wp-json\/wp\/v2\/pages\/16212\/revisions"}],"predecessor-version":[{"id":19794,"href":"https:\/\/mariswiss.com\/da\/wp-json\/wp\/v2\/pages\/16212\/revisions\/19794"}],"wp:attachment":[{"href":"https:\/\/mariswiss.com\/da\/wp-json\/wp\/v2\/media?parent=16212"}],"curies":[{"name":"wp","href":"https:\/\/api.w.org\/{rel}","templated":true}]}}