{"id":16230,"date":"2023-10-06T09:47:04","date_gmt":"2023-10-06T09:47:04","guid":{"rendered":"https:\/\/mariswiss.com\/?page_id=16230"},"modified":"2023-12-13T12:48:57","modified_gmt":"2023-12-13T12:48:57","slug":"faqs","status":"publish","type":"page","link":"https:\/\/mariswiss.com\/da\/faqs\/","title":{"rendered":"Ofte stillede sp\u00f8rgsm\u00e5l"},"content":{"rendered":"<div id=\"page-header-1016644177\" class=\"page-header-wrapper\">\n  <div class=\"page-title dark featured-title\">\n\n    \n    <div class=\"page-title-inner container align-center text-center flex-row-col medium-flex-wrap\" >\n              <div class=\"title-wrapper flex-col\">\n          <h1 class=\"entry-title mb-0\">\n            Ofte stillede sp\u00f8rgsm\u00e5l          <\/h1>\n        <\/div>\n                    <div class=\"title-content flex-col\">\n        <div class=\"title-breadcrumbs pb-half pt-half\"><nav class=\"woocommerce-breadcrumb breadcrumbs uppercase\" data-no-translation=\"\" data-trp-gettext=\"\">Forside<\/nav><\/div>      <\/div>\n    <\/div>\n\n       <\/div>\n    <\/div>\n  \n<div class=\"row\"  id=\"row-789248803\">\n\n\t<div id=\"col-1818559743\" class=\"col small-12 large-12\"  >\n\t\t\t\t<div class=\"col-inner\"  >\n\t\t\t\n\t\t\t\n\t<div id=\"gap-730031546\" class=\"gap-element clearfix\" style=\"display:block; height:auto;\">\n\t\t\n<style>\n#gap-730031546 {\n  padding-top: 30px;\n}\n<\/style>\n\t<\/div>\n\t\n\t<div id=\"text-2703340303\" class=\"text\">\n\t\t\n<h2>Forsendelse, returnering, betaling og annullering<\/h2>\n\t\t\n<style>\n#text-2703340303 {\n  text-align: center;\n}\n@media (min-width:550px) {\n  #text-2703340303 {\n    text-align: center;\n  }\n}\n@media (min-width:850px) {\n  #text-2703340303 {\n    text-align: center;\n  }\n}\n<\/style>\n\t<\/div>\n\t\n\t\t<\/div>\n\t\t\t\t\t<\/div>\n\n\t\n<\/div>\n<div class=\"accordion\">\n\t<div id=\"accordion-4237719246\" class=\"accordion-item\">\n\t\t<a id=\"accordion-4237719246-label\" class=\"accordion-title plain\" href=\"#accordion-item-o\u00f9-exp\u00e9diez-vous-vos-produits-?\" aria-expanded=\"false\" aria-controls=\"accordion-4237719246-content\" >\n\t\t\t<button class=\"toggle\" aria-label=\"Sl\u00e5 til\/fra\"><i class=\"icon-angle-down\"><\/i><\/button>\n\t\t\t<span>Hvor sender du dine produkter hen?<\/span>\n\t\t<\/a>\n\t\t<div id=\"accordion-4237719246-content\" class=\"accordion-inner\" aria-labelledby=\"accordion-4237719246-label\" >\n\t\t\t\n<p>Vi sender vores produkter til Schweiz og n\u00e6sten alle europ\u00e6iske lande (Frankrig, Storbritannien, Spanien, Italien osv.).<\/p>\n\t\t<\/div>\n\t<\/div>\n\t\n\t<div id=\"accordion-4047295685\" class=\"accordion-item\">\n\t\t<a id=\"accordion-4047295685-label\" class=\"accordion-title plain\" href=\"#accordion-item-comment-fonctionne-la-livraison-?\" aria-expanded=\"false\" aria-controls=\"accordion-4047295685-content\" >\n\t\t\t<button class=\"toggle\" aria-label=\"Sl\u00e5 til\/fra\"><i class=\"icon-angle-down\"><\/i><\/button>\n\t\t\t<span>Hvordan fungerer leveringen?<\/span>\n\t\t<\/a>\n\t\t<div id=\"accordion-4047295685-content\" class=\"accordion-inner\" aria-labelledby=\"accordion-4047295685-label\" >\n\t\t\t\n<p>S\u00e5 snart en pakke er overdraget til vores logistikpartner, modtager du sporingsnummeret med leveringsbekr\u00e6ftelsen via e-mail. Det giver dig mulighed for at f\u00f8lge din pakkes status p\u00e5 onlineportalen.<\/p>\n\t\t<\/div>\n\t<\/div>\n\t\n\t<div id=\"accordion-2488137939\" class=\"accordion-item\">\n\t\t<a id=\"accordion-2488137939-label\" class=\"accordion-title plain\" href=\"#accordion-item-quels-sont-les-d\u00e9lais-de-livraison?\" aria-expanded=\"false\" aria-controls=\"accordion-2488137939-content\" >\n\t\t\t<button class=\"toggle\" aria-label=\"Sl\u00e5 til\/fra\"><i class=\"icon-angle-down\"><\/i><\/button>\n\t\t\t<span>Hvad er leveringstiderne?<\/span>\n\t\t<\/a>\n\t\t<div id=\"accordion-2488137939-content\" class=\"accordion-inner\" aria-labelledby=\"accordion-2488137939-label\" >\n\t\t\t\n<p>Du finder leveringspriser, betingelser for gratis levering og forventede leveringstider nedenfor:<\/p>\n<div id=\"text-2205728838\" class=\"text\">\n<table class=\"shipping-table\" width=\"292\">\n<tbody>\n<tr>\n<th>LAND<\/th>\n<th>LEVERINGSOMKOSTNINGER<\/th>\n<th>FRI FRA<\/th>\n<th>DEADLINE<\/th>\n<\/tr>\n<tr>\n<td><strong>Frankrigs hovedstad<\/strong><\/td>\n<td class=\"price\"><strong>4.95 \u20ac<\/strong><\/td>\n<td class=\"price\"><strong>65.00 \u20ac<\/strong><\/td>\n<td class=\"time\"><strong>48 til 72 timer<\/strong><\/td>\n<\/tr>\n<tr>\n<td><strong>I udlandet<\/strong><\/td>\n<td class=\"price\"><strong>13.10 \u20ac<\/strong><\/td>\n<td class=\"price\"><strong>95 \u20ac<\/strong><\/td>\n<td class=\"time\"><strong>5 til 10 dage<\/strong><\/td>\n<\/tr>\n<tr>\n<td><strong>Europa<\/strong><\/td>\n<td class=\"price\"><strong>13.35 \u20ac<\/strong><\/td>\n<td class=\"price\"><strong>90 \u20ac<\/strong><\/td>\n<td class=\"time\"><strong>4 til 7 dage<\/strong><\/td>\n<\/tr>\n<tr>\n<td><strong>STORBRITANNIEN<\/strong><\/td>\n<td class=\"price\"><strong>16.5 \u20ac<\/strong><\/td>\n<td class=\"price\"><strong>110\u20ac<\/strong><\/td>\n<td class=\"time\"><strong>4 til 7 dage<\/strong><\/td>\n<\/tr>\n<tr>\n<td><strong>Schweiz<\/strong><\/td>\n<td class=\"price\"><strong>5 \u20ac<\/strong><\/td>\n<td class=\"price\"><strong>65 \u20ac<\/strong><\/td>\n<td class=\"time\"><strong>48 til 72 timer<\/strong><\/td>\n<\/tr>\n<\/tbody>\n<\/table>\n<\/div>\n\t\t<\/div>\n\t<\/div>\n\t\n\t<div id=\"accordion-606831892\" class=\"accordion-item\">\n\t\t<a id=\"accordion-606831892-label\" class=\"accordion-title plain\" href=\"#accordion-item-j&#039;habite-en-france,-dois-je-payer-des-droits-de-douane-et-des-taxes-\u00e0-l&#039;importation?\" aria-expanded=\"false\" aria-controls=\"accordion-606831892-content\" >\n\t\t\t<button class=\"toggle\" aria-label=\"Sl\u00e5 til\/fra\"><i class=\"icon-angle-down\"><\/i><\/button>\n\t\t\t<span>Jeg bor i Frankrig, skal jeg betale told og importafgifter?<\/span>\n\t\t<\/a>\n\t\t<div id=\"accordion-606831892-content\" class=\"accordion-inner\" aria-labelledby=\"accordion-606831892-label\" >\n\t\t\t\n<p>Nej, vi betaler momsen og eventuelle ekstraomkostninger. S\u00e5 du skal ikke betale noget som helst.<\/p>\n\t\t<\/div>\n\t<\/div>\n\t\n\t<div id=\"accordion-1945841835\" class=\"accordion-item\">\n\t\t<a id=\"accordion-1945841835-label\" class=\"accordion-title plain\" href=\"#accordion-item-mon-colis-ne-semble-pas-bouger,-que-se-passe-t&#039;il-?\" aria-expanded=\"false\" aria-controls=\"accordion-1945841835-content\" >\n\t\t\t<button class=\"toggle\" aria-label=\"Sl\u00e5 til\/fra\"><i class=\"icon-angle-down\"><\/i><\/button>\n\t\t\t<span>Min pakke ser ikke ud til at flytte sig. Hvad sker der?<\/span>\n\t\t<\/a>\n\t\t<div id=\"accordion-1945841835-content\" class=\"accordion-inner\" aria-labelledby=\"accordion-1945841835-label\" >\n\t\t\t\n<p>Bare rolig, det kan ske, at vores fragtmand ikke scanner din pakke med det samme.<\/p>\n<p>Det kan derfor tage 1 til 3 arbejdsdage for pakken at komme videre. Hvis pakken efter denne tid stadig ikke er flyttet, bedes du kontakte os p\u00e5 <strong> contact@mariswiss.com<\/strong><\/p>\n\t\t<\/div>\n\t<\/div>\n\t\n\t<div id=\"accordion-2913640625\" class=\"accordion-item\">\n\t\t<a id=\"accordion-2913640625-label\" class=\"accordion-title plain\" href=\"#accordion-item-est-ce-que-mes-articles-seront-regroup\u00e9s-dans-un-unique-colis-pour-la-livraison-?\" aria-expanded=\"false\" aria-controls=\"accordion-2913640625-content\" >\n\t\t\t<button class=\"toggle\" aria-label=\"Sl\u00e5 til\/fra\"><i class=\"icon-angle-down\"><\/i><\/button>\n\t\t\t<span>Vil mine varer blive samlet i en enkelt pakke til levering?<\/span>\n\t\t<\/a>\n\t\t<div id=\"accordion-2913640625-content\" class=\"accordion-inner\" aria-labelledby=\"accordion-2913640625-label\" >\n\t\t\t\n<p>I visse situationer kan vi v\u00e6re n\u00f8dt til at sende din ordre i flere pakker. Vi vil informere dig p\u00e5 forh\u00e5nd og give dig de tilsvarende sporingsnumre, hvis det er n\u00f8dvendigt.<\/p>\n\t\t<\/div>\n\t<\/div>\n\t\n\t<div id=\"accordion-62452984\" class=\"accordion-item\">\n\t\t<a id=\"accordion-62452984-label\" class=\"accordion-title plain\" href=\"#accordion-item-quels-modes-de-paiement-sont-propos\u00e9s-?\" aria-expanded=\"false\" aria-controls=\"accordion-62452984-content\" >\n\t\t\t<button class=\"toggle\" aria-label=\"Sl\u00e5 til\/fra\"><i class=\"icon-angle-down\"><\/i><\/button>\n\t\t\t<span>Hvilke betalingsmetoder er tilg\u00e6ngelige?<\/span>\n\t\t<\/a>\n\t\t<div id=\"accordion-62452984-content\" class=\"accordion-inner\" aria-labelledby=\"accordion-62452984-label\" >\n\t\t\t\n<p>Vi tilbyder f\u00f8lgende betalingsmetoder:<\/p>\n<ol>\n<li>Kreditkort (Visa, MasterCard, American Express).<\/li>\n<li>Twint (f\u00e5s kun i Schweiz).<\/li>\n<li>Kontant betaling p\u00e5 stedet. (kun tilg\u00e6ngelig i Schweiz)<\/li>\n<\/ol>\n\t\t<\/div>\n\t<\/div>\n\t\n\t<div id=\"accordion-2535083337\" class=\"accordion-item\">\n\t\t<a id=\"accordion-2535083337-label\" class=\"accordion-title plain\" href=\"#accordion-item-\u00c0-partir-de-quel-\u00e2ge-est-il-autoris\u00e9-d&#039;acheter-du-cbd-l\u00e9galement-?\" aria-expanded=\"false\" aria-controls=\"accordion-2535083337-content\" >\n\t\t\t<button class=\"toggle\" aria-label=\"Sl\u00e5 til\/fra\"><i class=\"icon-angle-down\"><\/i><\/button>\n\t\t\t<span>I hvilken alder er det lovligt at k\u00f8be CBD?<\/span>\n\t\t<\/a>\n\t\t<div id=\"accordion-2535083337-content\" class=\"accordion-inner\" aria-labelledby=\"accordion-2535083337-label\" >\n\t\t\t\n<p>Du skal v\u00e6re mindst 18 \u00e5r gammel for at bestille produkter p\u00e5 vores hjemmeside.<\/p>\n\t\t<\/div>\n\t<\/div>\n\t\n\t<div id=\"accordion-888403136\" class=\"accordion-item\">\n\t\t<a id=\"accordion-888403136-label\" class=\"accordion-title plain\" href=\"#accordion-item-est-ce-que-les-transactions-en-ligne-sont-s\u00e9curis\u00e9es-?\" aria-expanded=\"false\" aria-controls=\"accordion-888403136-content\" >\n\t\t\t<button class=\"toggle\" aria-label=\"Sl\u00e5 til\/fra\"><i class=\"icon-angle-down\"><\/i><\/button>\n\t\t\t<span>Er onlinetransaktioner sikre?<\/span>\n\t\t<\/a>\n\t\t<div id=\"accordion-888403136-content\" class=\"accordion-inner\" aria-labelledby=\"accordion-888403136-label\" >\n\t\t\t\n<p>Dit kreditkortnummer omdirigeres til betalingsserverne, hvor din betaling behandles direkte i et sikkert milj\u00f8 uden at passere gennem vores servere. <a href=\"https:\/\/mariswiss.com\/da\/\">mariswiss.com.<\/a> Det sikrer, at dine kreditkortoplysninger kun er tilg\u00e6ngelige for vores bankpartner.<\/p>\n\t\t<\/div>\n\t<\/div>\n\t\n\t<div id=\"accordion-2991739425\" class=\"accordion-item\">\n\t\t<a id=\"accordion-2991739425-label\" class=\"accordion-title plain\" href=\"#accordion-item-si-vous-avez-re\u00e7u-le-mauvais-article,-que-devez-vous-faire-?\" aria-expanded=\"false\" aria-controls=\"accordion-2991739425-content\" >\n\t\t\t<button class=\"toggle\" aria-label=\"Sl\u00e5 til\/fra\"><i class=\"icon-angle-down\"><\/i><\/button>\n\t\t\t<span>Hvis du har modtaget en forkert vare, hvad skal du s\u00e5 g\u00f8re?<\/span>\n\t\t<\/a>\n\t\t<div id=\"accordion-2991739425-content\" class=\"accordion-inner\" aria-labelledby=\"accordion-2991739425-label\" >\n\t\t\t\n<p>Du har derefter tre (3) arbejdsdage til at underrette os om fejlen.<\/p>\n<p>I tilf\u00e6lde af en forsendelsesfejl, som vi er ansvarlige for, vil vi foresl\u00e5 en kompensationsl\u00f8sning fra sag til sag.<\/p>\n\t\t<\/div>\n\t<\/div>\n\t\n\t<div id=\"accordion-488358103\" class=\"accordion-item\">\n\t\t<a id=\"accordion-488358103-label\" class=\"accordion-title plain\" href=\"#accordion-item-est-il-possible-d&#039;annuler-ou-de-modifier-ma-commande-?\" aria-expanded=\"false\" aria-controls=\"accordion-488358103-content\" >\n\t\t\t<button class=\"toggle\" aria-label=\"Sl\u00e5 til\/fra\"><i class=\"icon-angle-down\"><\/i><\/button>\n\t\t\t<span>Kan jeg annullere eller \u00e6ndre min ordre?<\/span>\n\t\t<\/a>\n\t\t<div id=\"accordion-488358103-content\" class=\"accordion-inner\" aria-labelledby=\"accordion-488358103-label\" >\n\t\t\t\n<p>Ja, du kan annullere eller \u00e6ndre din ordre, s\u00e5 l\u00e6nge den endnu ikke er afsendt.<\/p>\n\t\t<\/div>\n\t<\/div>\n\t\n<\/div>\n<div class=\"accordion\">\n<\/div>","protected":false},"excerpt":{"rendered":"","protected":false},"author":2,"featured_media":0,"parent":0,"menu_order":0,"comment_status":"closed","ping_status":"closed","template":"","meta":{"inline_featured_image":false,"footnotes":""},"class_list":["post-16230","page","type-page","status-publish","hentry"],"jetpack_sharing_enabled":true,"_links":{"self":[{"href":"https:\/\/mariswiss.com\/da\/wp-json\/wp\/v2\/pages\/16230","targetHints":{"allow":["GET"]}}],"collection":[{"href":"https:\/\/mariswiss.com\/da\/wp-json\/wp\/v2\/pages"}],"about":[{"href":"https:\/\/mariswiss.com\/da\/wp-json\/wp\/v2\/types\/page"}],"author":[{"embeddable":true,"href":"https:\/\/mariswiss.com\/da\/wp-json\/wp\/v2\/users\/2"}],"replies":[{"embeddable":true,"href":"https:\/\/mariswiss.com\/da\/wp-json\/wp\/v2\/comments?post=16230"}],"version-history":[{"count":6,"href":"https:\/\/mariswiss.com\/da\/wp-json\/wp\/v2\/pages\/16230\/revisions"}],"predecessor-version":[{"id":16666,"href":"https:\/\/mariswiss.com\/da\/wp-json\/wp\/v2\/pages\/16230\/revisions\/16666"}],"wp:attachment":[{"href":"https:\/\/mariswiss.com\/da\/wp-json\/wp\/v2\/media?parent=16230"}],"curies":[{"name":"wp","href":"https:\/\/api.w.org\/{rel}","templated":true}]}}