{"id":16396,"date":"2023-10-18T11:57:06","date_gmt":"2023-10-18T11:57:06","guid":{"rendered":"https:\/\/mariswiss.com\/?page_id=16396"},"modified":"2024-04-02T12:43:15","modified_gmt":"2024-04-02T12:43:15","slug":"programme-de-fidelite","status":"publish","type":"page","link":"https:\/\/mariswiss.com\/da\/programme-de-fidelite\/","title":{"rendered":"Loyalitetsprogram"},"content":{"rendered":"<ol>\n<li>Hvordan fungerer systemet?\n<ul>\n<li>For hver euro, du bruger p\u00e5 vores hjemmeside, f\u00e5r du 1 point.<\/li>\n<\/ul>\n<\/li>\n<li>Skriv en anmeldelse af vores butik og optjen 20 point.<\/li>\n<li>Opret dig som kunde i vores butik og f\u00e5 100 point.<\/li>\n<li>Med disse point kan du s\u00e5 k\u00f8be til nedsat pris p\u00e5 vores hjemmeside eller endda bestille gratis, hvis du har nok point.\n<ul>\n<li>1 brugt = 1 point<\/li>\n<li>1 anmeldelse indsendt = 20 point<\/li>\n<li>Registrer en kundekonto = 100 point<\/li>\n<\/ul>\n<\/li>\n<li>N\u00e5r du har modtaget din pakke, og hvis du er tilfreds med produkterne og servicen, kan du give os en 5-stjernet anmeldelse p\u00e5 f\u00f8lgende side: [Trustpilot-link]. N\u00e5r du g\u00f8r det, giver vi dig 100 loyalitetspoint, svarende til \u20ac5 i rabat p\u00e5 din n\u00e6ste ordre.\n<ul>\n<li>100 point = 5 \u20ac rabat p\u00e5 din n\u00e6ste ordre<\/li>\n<\/ul>\n<\/li>\n<li>Vil du samle flere point? Skriv anmeldelser af de produkter, du har k\u00f8bt, og hver anmeldelse vil give dig 20 point.<\/li>\n<li>For at tjekke din pointsaldo skal du blot logge ind p\u00e5 din konto og v\u00e6lge \"Points\" i hovedmenuen.<\/li>\n<li>For at finde ud af, hvordan du bruger dine point, bedes du bes\u00f8ge vores dedikerede side.<\/li>\n<\/ol>","protected":false},"excerpt":{"rendered":"<p>Comment fonctionne ce syst\u00e8me ? Chaque euro que vous d\u00e9pensez sur notre site vous rapporte 1 point. Laissez un avis sur notre boutique pour accumuler 20 points. Enregistrez-vous en tant que client sur notre boutique et recevez 100 points. Ensuite, avec ces points, vous pouvez effectuer des achats \u00e0 prix r\u00e9duit sur notre site web, [&#8230;]","protected":false},"author":2,"featured_media":0,"parent":0,"menu_order":0,"comment_status":"closed","ping_status":"closed","template":"","meta":{"inline_featured_image":false,"footnotes":""},"class_list":["post-16396","page","type-page","status-publish","hentry"],"jetpack_sharing_enabled":true,"_links":{"self":[{"href":"https:\/\/mariswiss.com\/da\/wp-json\/wp\/v2\/pages\/16396","targetHints":{"allow":["GET"]}}],"collection":[{"href":"https:\/\/mariswiss.com\/da\/wp-json\/wp\/v2\/pages"}],"about":[{"href":"https:\/\/mariswiss.com\/da\/wp-json\/wp\/v2\/types\/page"}],"author":[{"embeddable":true,"href":"https:\/\/mariswiss.com\/da\/wp-json\/wp\/v2\/users\/2"}],"replies":[{"embeddable":true,"href":"https:\/\/mariswiss.com\/da\/wp-json\/wp\/v2\/comments?post=16396"}],"version-history":[{"count":4,"href":"https:\/\/mariswiss.com\/da\/wp-json\/wp\/v2\/pages\/16396\/revisions"}],"predecessor-version":[{"id":16403,"href":"https:\/\/mariswiss.com\/da\/wp-json\/wp\/v2\/pages\/16396\/revisions\/16403"}],"wp:attachment":[{"href":"https:\/\/mariswiss.com\/da\/wp-json\/wp\/v2\/media?parent=16396"}],"curies":[{"name":"wp","href":"https:\/\/api.w.org\/{rel}","templated":true}]}}