{"id":16416,"date":"2023-10-24T14:33:45","date_gmt":"2023-10-24T14:33:45","guid":{"rendered":"https:\/\/mariswiss.com\/?post_type=product&#038;p=16416"},"modified":"2026-03-13T18:46:01","modified_gmt":"2026-03-13T18:46:01","slug":"harley-quinn-cbd-greenhouse","status":"publish","type":"product","link":"https:\/\/mariswiss.com\/da\/product\/harley-quinn-cbd-greenhouse\/","title":{"rendered":"Harley Quinn CBD indend\u00f8rs"},"content":{"rendered":"<p><span style=\"text-decoration: underline;\"><strong>HARLEY QUINN CBD INDEND\u00d8RS<\/strong><\/span><\/p>\n<ul>\n<li>Oprindelse: Dyrket indend\u00f8rs i Schweiz. Dyrkningsforholdene er derfor perfekte (fugtighed, varme, lys osv.).<\/li>\n<li>Udseende: Store, lysegr\u00f8nne knopper. Blomsterne er ret luftige og ikke for kompakte.<\/li>\n<li>Lugt\/smag: En typisk frugtagtig, tr\u00e6agtig aroma af sorten Harlequin. N\u00e5r den indtages, m\u00e6rkes en s\u00f8d smag i munden.<\/li>\n<li>CBD-indhold\/effekt: 17% CBD i denne blomst, s\u00e5 det er en ret st\u00e6rk blomst, der helt sikkert vil hj\u00e6lpe dig med at slappe af.<\/li>\n<\/ul>","protected":false},"excerpt":{"rendered":"<p><span style=\"text-decoration: underline;\"><strong>HARLEY QUINN CBD INDEND\u00d8RS<\/strong><\/span><\/p>\n<ul>\n<li>Oprindelse: Dyrket indend\u00f8rs i Schweiz. Dyrkningsforholdene er derfor perfekte (fugtighed, varme, lys osv.).<\/li>\n<li>Udseende: Store, lysegr\u00f8nne knopper. Blomsterne er ret luftige og ikke for kompakte.<\/li>\n<li>Lugt\/smag: En typisk frugtagtig, tr\u00e6agtig aroma af sorten Harlequin. N\u00e5r den indtages, m\u00e6rkes en s\u00f8d smag i munden.<\/li>\n<li>CBD-indhold\/effekt: 17% CBD i denne blomst, s\u00e5 det er en ret st\u00e6rk blomst, der helt sikkert vil hj\u00e6lpe dig med at slappe af.<\/li>\n<\/ul>","protected":false},"featured_media":16422,"comment_status":"open","ping_status":"closed","template":"","meta":{"inline_featured_image":false},"product_cat":[353,354],"product_tag":[220,76],"class_list":{"0":"post-16416","1":"product","2":"type-product","3":"status-publish","4":"has-post-thumbnail","6":"product_brand-mari-swiss","7":"product_cat-fleurs-de-cbd","8":"product_cat-indoor","9":"product_tag-fleurs-cbd","10":"product_tag-indoor","12":"first","13":"instock","14":"sale","15":"taxable","16":"shipping-taxable","17":"purchasable","18":"product-type-variable"},"jetpack_sharing_enabled":true,"_links":{"self":[{"href":"https:\/\/mariswiss.com\/da\/wp-json\/wp\/v2\/product\/16416","targetHints":{"allow":["GET"]}}],"collection":[{"href":"https:\/\/mariswiss.com\/da\/wp-json\/wp\/v2\/product"}],"about":[{"href":"https:\/\/mariswiss.com\/da\/wp-json\/wp\/v2\/types\/product"}],"replies":[{"embeddable":true,"href":"https:\/\/mariswiss.com\/da\/wp-json\/wp\/v2\/comments?post=16416"}],"wp:featuredmedia":[{"embeddable":true,"href":"https:\/\/mariswiss.com\/da\/wp-json\/wp\/v2\/media\/16422"}],"wp:attachment":[{"href":"https:\/\/mariswiss.com\/da\/wp-json\/wp\/v2\/media?parent=16416"}],"wp:term":[{"taxonomy":"product_cat","embeddable":true,"href":"https:\/\/mariswiss.com\/da\/wp-json\/wp\/v2\/product_cat?post=16416"},{"taxonomy":"product_tag","embeddable":true,"href":"https:\/\/mariswiss.com\/da\/wp-json\/wp\/v2\/product_tag?post=16416"}],"curies":[{"name":"wp","href":"https:\/\/api.w.org\/{rel}","templated":true}]}}