{"id":16436,"date":"2023-10-24T15:03:16","date_gmt":"2023-10-24T15:03:16","guid":{"rendered":"https:\/\/mariswiss.com\/?post_type=product&#038;p=16436"},"modified":"2025-07-11T08:17:56","modified_gmt":"2025-07-11T08:17:56","slug":"strawberry-cbd-greenhouse","status":"publish","type":"product","link":"https:\/\/mariswiss.com\/da\/product\/strawberry-cbd-greenhouse\/","title":{"rendered":"Jordb\u00e6r CBD-drivhus"},"content":{"rendered":"<p><span style=\"text-decoration: underline;\"><strong>JORDB\u00c6R CBD DRIVHUS<\/strong><\/span><\/p>\n<ul>\n<li>Oprindelse: Dyrket i Schweiz (kantonen Valais) under glas. Tempereret klima, ideelt til dyrkning af blomster.<\/li>\n<li>Udseende: Store, m\u00f8rkegr\u00f8nne, kompakte blomster med sm\u00e5 orange trichomer, der skiller sig ud.<\/li>\n<li>Duft\/smag: Som navnet antyder, en blomst med en s\u00f8d jordb\u00e6rduft. N\u00e5r den br\u00e6ndes, kommer der frugtagtige og tr\u00e6agtige noter frem.<\/li>\n<li>CBD-indhold\/effekt: 14% CBD for denne blomst. Ikke for kraftig, ideel til b\u00e5de dag- og aftenbrug.<\/li>\n<\/ul>","protected":false},"excerpt":{"rendered":"<p><span style=\"text-decoration: underline;\"><strong>JORDB\u00c6R CBD DRIVHUS<\/strong><\/span><\/p>\n<ul>\n<li>Oprindelse: Dyrket i Schweiz (kantonen Valais) under glas. Tempereret klima<\/li>\n<li>Udseende: Store, m\u00f8rkegr\u00f8nne, kompakte blomster med fremtr\u00e6dende orange trichomer.<\/li>\n<li>Lugt\/smag: Som navnet antyder, en s\u00f8d jordb\u00e6rduft. N\u00e5r den br\u00e6nder, kommer der frugtagtige og tr\u00e6agtige noter frem.<\/li>\n<li>CBD-indhold\/-effekt: 15% CBD for denne blomst, en relativt afm\u00e5lt styrke, der vil sikre en let afslapning.<\/li>\n<\/ul>","protected":false},"featured_media":16441,"comment_status":"open","ping_status":"closed","template":"","meta":{"inline_featured_image":false},"product_cat":[353,355],"product_tag":[220,227],"class_list":{"0":"post-16436","1":"product","2":"type-product","3":"status-publish","4":"has-post-thumbnail","6":"product_brand-mari-swiss","7":"product_cat-fleurs-de-cbd","8":"product_cat-greenhouse","9":"product_tag-fleurs-cbd","10":"product_tag-greenhouse","12":"first","13":"instock","14":"sale","15":"taxable","16":"shipping-taxable","17":"purchasable","18":"product-type-variable"},"jetpack_sharing_enabled":true,"_links":{"self":[{"href":"https:\/\/mariswiss.com\/da\/wp-json\/wp\/v2\/product\/16436","targetHints":{"allow":["GET"]}}],"collection":[{"href":"https:\/\/mariswiss.com\/da\/wp-json\/wp\/v2\/product"}],"about":[{"href":"https:\/\/mariswiss.com\/da\/wp-json\/wp\/v2\/types\/product"}],"replies":[{"embeddable":true,"href":"https:\/\/mariswiss.com\/da\/wp-json\/wp\/v2\/comments?post=16436"}],"wp:featuredmedia":[{"embeddable":true,"href":"https:\/\/mariswiss.com\/da\/wp-json\/wp\/v2\/media\/16441"}],"wp:attachment":[{"href":"https:\/\/mariswiss.com\/da\/wp-json\/wp\/v2\/media?parent=16436"}],"wp:term":[{"taxonomy":"product_cat","embeddable":true,"href":"https:\/\/mariswiss.com\/da\/wp-json\/wp\/v2\/product_cat?post=16436"},{"taxonomy":"product_tag","embeddable":true,"href":"https:\/\/mariswiss.com\/da\/wp-json\/wp\/v2\/product_tag?post=16436"}],"curies":[{"name":"wp","href":"https:\/\/api.w.org\/{rel}","templated":true}]}}