{"id":16442,"date":"2023-10-31T08:12:12","date_gmt":"2023-10-31T08:12:12","guid":{"rendered":"https:\/\/mariswiss.com\/?post_type=product&#038;p=16442"},"modified":"2025-07-11T08:17:55","modified_gmt":"2025-07-11T08:17:55","slug":"queen-purple-cbd-greenhouse-copy","status":"publish","type":"product","link":"https:\/\/mariswiss.com\/da\/product\/queen-purple-cbd-greenhouse-copy\/","title":{"rendered":"Queen Purple CBD Drivhus"},"content":{"rendered":"<p><span style=\"text-decoration: underline;\"><strong>QUEEN PURPLE CBD DRIVHUS<\/strong><\/span><\/p>\n<ul>\n<li>Oprindelse: Dyrket i Schweiz (kantonen Valais) under glas. Tempereret klima, ideelt til dyrkning af blomster.<\/li>\n<li>Udseende: Store, m\u00f8rkegr\u00f8nne blomster med smukke lilla detaljer.<\/li>\n<li>Lugt\/smag: En ret blomsteragtig og frugtagtig lugt, n\u00e5r posen \u00e5bnes. N\u00e5r den indtages, har den en behagelig s\u00f8d smag.<\/li>\n<li>CBD-indhold\/effekt: 16% CBD for denne blomst. Ikke for kraftig, ideel til b\u00e5de dag- og aftenbrug.<\/li>\n<\/ul>","protected":false},"excerpt":{"rendered":"<p><span style=\"text-decoration: underline;\"><strong>QUEEN PURPLE CBD DRIVHUS<\/strong><\/span><\/p>\n<ul>\n<li>Oprindelse: Dyrket i Schweiz (kantonen Valais) under glas. Tempereret klima<\/li>\n<li>Udseende: Store, m\u00f8rkegr\u00f8nne blomster med smukke lilla detaljer.<\/li>\n<li>Lugt\/smag: En meget blomsteragtig, frugtagtig lugt. N\u00e5r den br\u00e6ndes, genkender man en bl\u00f8d, s\u00f8d blomst.<\/li>\n<li>CBD-indhold\/-effekt: 16% CBD for denne blomst, en relativt afm\u00e5lt styrke, der vil sikre en let afslapning.<\/li>\n<\/ul>","protected":false},"featured_media":16447,"comment_status":"open","ping_status":"closed","template":"","meta":{"inline_featured_image":false},"product_cat":[353,355],"product_tag":[220,227],"class_list":{"0":"post-16442","1":"product","2":"type-product","3":"status-publish","4":"has-post-thumbnail","6":"product_brand-mari-swiss","7":"product_cat-fleurs-de-cbd","8":"product_cat-greenhouse","9":"product_tag-fleurs-cbd","10":"product_tag-greenhouse","12":"first","13":"outofstock","14":"sale","15":"taxable","16":"shipping-taxable","17":"purchasable","18":"product-type-variable"},"jetpack_sharing_enabled":true,"_links":{"self":[{"href":"https:\/\/mariswiss.com\/da\/wp-json\/wp\/v2\/product\/16442","targetHints":{"allow":["GET"]}}],"collection":[{"href":"https:\/\/mariswiss.com\/da\/wp-json\/wp\/v2\/product"}],"about":[{"href":"https:\/\/mariswiss.com\/da\/wp-json\/wp\/v2\/types\/product"}],"replies":[{"embeddable":true,"href":"https:\/\/mariswiss.com\/da\/wp-json\/wp\/v2\/comments?post=16442"}],"wp:featuredmedia":[{"embeddable":true,"href":"https:\/\/mariswiss.com\/da\/wp-json\/wp\/v2\/media\/16447"}],"wp:attachment":[{"href":"https:\/\/mariswiss.com\/da\/wp-json\/wp\/v2\/media?parent=16442"}],"wp:term":[{"taxonomy":"product_cat","embeddable":true,"href":"https:\/\/mariswiss.com\/da\/wp-json\/wp\/v2\/product_cat?post=16442"},{"taxonomy":"product_tag","embeddable":true,"href":"https:\/\/mariswiss.com\/da\/wp-json\/wp\/v2\/product_tag?post=16442"}],"curies":[{"name":"wp","href":"https:\/\/api.w.org\/{rel}","templated":true}]}}