{"id":16448,"date":"2023-10-31T08:18:07","date_gmt":"2023-10-31T08:18:07","guid":{"rendered":"https:\/\/mariswiss.com\/?post_type=product&#038;p=16448"},"modified":"2026-03-15T20:35:07","modified_gmt":"2026-03-15T20:35:07","slug":"blueberry-mini-buds-cbd-indoor","status":"publish","type":"product","link":"https:\/\/mariswiss.com\/da\/product\/blueberry-mini-buds-cbd-indoor\/","title":{"rendered":"Bl\u00e5b\u00e6r mini knopper CBD Indend\u00f8rs"},"content":{"rendered":"<p><span style=\"text-decoration: underline;\"><strong>BL\u00c5B\u00c6R MINI KNOPPER CBD INDEND\u00d8RS<\/strong><\/span><\/p>\n<ul>\n<li>Oprindelse: Vokset i Schweiz og dyrket indend\u00f8rs. Optimale forhold (fugtighed, varme, lys).<\/li>\n<li>Udseende: Sm\u00e5 blomster p\u00e5 st\u00f8rrelse med popcorn, kompakte og klare, med sm\u00e5 farvede highlights p\u00e5 grund af pistillerne, der sidder p\u00e5 blomsterne.<\/li>\n<li>Duft\/smag: En frugtagtig duft, der er typisk for bl\u00e5b\u00e6rsorten, n\u00e5r posen \u00e5bnes. N\u00e5r den indtages, smager du en behagelig s\u00f8dme.<\/li>\n<li>CBD-indhold\/effekt: 16% CBD for denne blomst. Ikke for kraftig, ideel til b\u00e5de dag- og aftenbrug.<\/li>\n<\/ul>","protected":false},"excerpt":{"rendered":"<p><span style=\"text-decoration: underline;\"><strong>BL\u00c5B\u00c6R MINI KNOPPER CBD INDEND\u00d8RS<\/strong><\/span><\/p>\n<ul>\n<li>Oprindelse: Dyrket indend\u00f8rs i Schweiz under optimale forhold (luftfugtighed, varme, lys, temperatur).<\/li>\n<li>Udseende: Et udvalg af sm\u00e5 popcorn-agtige blomster. Lysegr\u00f8nne, med smukke farvede h\u00f8jdepunkter p\u00e5 grund af pistillerne p\u00e5 blomsten.<\/li>\n<li>Lugt\/smag: En frugtagtig aroma, typisk for bl\u00e5b\u00e6rsorten. Meget let at spise, med en frugtagtig eftersmag (bl\u00e5b\u00e6r, r\u00f8d frugt).<\/li>\n<li>CBD-indhold\/effekt: 16% CBD for denne blomst, en relativt afm\u00e5lt styrke, der vil sikre en let afslapning. Den kan tages p\u00e5 et hvilket som helst tidspunkt af dagen.<\/li>\n<\/ul>","protected":false},"featured_media":16453,"comment_status":"open","ping_status":"closed","template":"","meta":{"inline_featured_image":false},"product_cat":[353,354,407],"product_tag":[220,76],"class_list":{"0":"post-16448","1":"product","2":"type-product","3":"status-publish","4":"has-post-thumbnail","6":"product_brand-mari-swiss","7":"product_cat-fleurs-de-cbd","8":"product_cat-indoor","9":"product_cat-mini-buds","10":"product_tag-fleurs-cbd","11":"product_tag-indoor","13":"first","14":"instock","15":"sale","16":"taxable","17":"shipping-taxable","18":"purchasable","19":"product-type-variable"},"jetpack_sharing_enabled":true,"_links":{"self":[{"href":"https:\/\/mariswiss.com\/da\/wp-json\/wp\/v2\/product\/16448","targetHints":{"allow":["GET"]}}],"collection":[{"href":"https:\/\/mariswiss.com\/da\/wp-json\/wp\/v2\/product"}],"about":[{"href":"https:\/\/mariswiss.com\/da\/wp-json\/wp\/v2\/types\/product"}],"replies":[{"embeddable":true,"href":"https:\/\/mariswiss.com\/da\/wp-json\/wp\/v2\/comments?post=16448"}],"wp:featuredmedia":[{"embeddable":true,"href":"https:\/\/mariswiss.com\/da\/wp-json\/wp\/v2\/media\/16453"}],"wp:attachment":[{"href":"https:\/\/mariswiss.com\/da\/wp-json\/wp\/v2\/media?parent=16448"}],"wp:term":[{"taxonomy":"product_cat","embeddable":true,"href":"https:\/\/mariswiss.com\/da\/wp-json\/wp\/v2\/product_cat?post=16448"},{"taxonomy":"product_tag","embeddable":true,"href":"https:\/\/mariswiss.com\/da\/wp-json\/wp\/v2\/product_tag?post=16448"}],"curies":[{"name":"wp","href":"https:\/\/api.w.org\/{rel}","templated":true}]}}