{"id":16454,"date":"2023-10-31T08:27:23","date_gmt":"2023-10-31T08:27:23","guid":{"rendered":"https:\/\/mariswiss.com\/?post_type=product&#038;p=16454"},"modified":"2026-04-09T19:04:25","modified_gmt":"2026-04-09T19:04:25","slug":"charlotte-web-cbd-indoor","status":"publish","type":"product","link":"https:\/\/mariswiss.com\/da\/product\/charlotte-web-cbd-indoor\/","title":{"rendered":"Charlotte's web CBD indend\u00f8rs"},"content":{"rendered":"<p><span style=\"text-decoration: underline;\"><strong>CHARLOTTE'S WEB CBD INDEND\u00d8RS<\/strong><\/span><\/p>\n<ul>\n<li>Oprindelse: Vokset i Schweiz og dyrket indend\u00f8rs. Optimale forhold (fugtighed, varme, lys).<\/li>\n<li>Udseende: Sm\u00e5, popcornstore blomster, kompakte og klare, omgivet af pollen. Lidt fugtige blomster.<\/li>\n<li>Lugt\/smag: En tr\u00e6agtig lugt, n\u00e5r posen \u00e5bnes. N\u00e5r den br\u00e6ndes, er duften ret pebret og kraftig, og smagen er meget n\u00e6rv\u00e6rende.<\/li>\n<li>CBD-indhold\/effekt: 16% CBD for denne blomst. Ikke for kraftig, ideel til b\u00e5de dag- og aftenbrug.<\/li>\n<\/ul>","protected":false},"excerpt":{"rendered":"<p><span style=\"text-decoration: underline;\"><strong>CHARLOTTE'S WEB CBD INDEND\u00d8RS<\/strong><\/span><\/p>\n<ul>\n<li>Oprindelse: Dyrket indend\u00f8rs i Schweiz under optimale forhold (luftfugtighed, varme, lys, temperatur).<\/li>\n<li>Udseende: Et udvalg af sm\u00e5 popcorn-lignende blomster. Lysegr\u00f8nne med masser af pollen til stede. En ret let fugtig blomst.<\/li>\n<li>Lugt\/smag: En tr\u00e6agtig lugt, n\u00e5r posen \u00e5bnes. N\u00e5r den br\u00e6ndes, er duften ret pebret og kraftig, og smagen er meget n\u00e6rv\u00e6rende.<\/li>\n<li>CBD-indhold\/effekt: 16% CBD for denne blomst, en relativt afm\u00e5lt styrke, der vil sikre en let afslapning. Den kan tages p\u00e5 et hvilket som helst tidspunkt af dagen.<\/li>\n<\/ul>","protected":false},"featured_media":16459,"comment_status":"open","ping_status":"closed","template":"","meta":{"inline_featured_image":false},"product_cat":[353,354,407],"product_tag":[220,76],"class_list":{"0":"post-16454","1":"product","2":"type-product","3":"status-publish","4":"has-post-thumbnail","6":"product_brand-mari-swiss","7":"product_cat-fleurs-de-cbd","8":"product_cat-indoor","9":"product_cat-mini-buds","10":"product_tag-fleurs-cbd","11":"product_tag-indoor","13":"first","14":"instock","15":"sale","16":"taxable","17":"shipping-taxable","18":"purchasable","19":"product-type-variable"},"jetpack_sharing_enabled":true,"_links":{"self":[{"href":"https:\/\/mariswiss.com\/da\/wp-json\/wp\/v2\/product\/16454","targetHints":{"allow":["GET"]}}],"collection":[{"href":"https:\/\/mariswiss.com\/da\/wp-json\/wp\/v2\/product"}],"about":[{"href":"https:\/\/mariswiss.com\/da\/wp-json\/wp\/v2\/types\/product"}],"replies":[{"embeddable":true,"href":"https:\/\/mariswiss.com\/da\/wp-json\/wp\/v2\/comments?post=16454"}],"wp:featuredmedia":[{"embeddable":true,"href":"https:\/\/mariswiss.com\/da\/wp-json\/wp\/v2\/media\/16459"}],"wp:attachment":[{"href":"https:\/\/mariswiss.com\/da\/wp-json\/wp\/v2\/media?parent=16454"}],"wp:term":[{"taxonomy":"product_cat","embeddable":true,"href":"https:\/\/mariswiss.com\/da\/wp-json\/wp\/v2\/product_cat?post=16454"},{"taxonomy":"product_tag","embeddable":true,"href":"https:\/\/mariswiss.com\/da\/wp-json\/wp\/v2\/product_tag?post=16454"}],"curies":[{"name":"wp","href":"https:\/\/api.w.org\/{rel}","templated":true}]}}