{"id":16462,"date":"2023-10-31T08:42:00","date_gmt":"2023-10-31T08:42:00","guid":{"rendered":"https:\/\/mariswiss.com\/?post_type=product&#038;p=16462"},"modified":"2025-07-17T10:24:31","modified_gmt":"2025-07-17T10:24:31","slug":"nlx-baby-buds-cbd-indoor","status":"publish","type":"product","link":"https:\/\/mariswiss.com\/da\/product\/nlx-baby-buds-cbd-indoor\/","title":{"rendered":"NLX baby knopper CBD Indend\u00f8rs"},"content":{"rendered":"<p><span style=\"text-decoration: underline;\"><strong>NLX BABY BUDS CBD INDEND\u00d8RS<\/strong><\/span><\/p>\n<ul>\n<li>Oprindelse: Vokset i Schweiz og dyrket indend\u00f8rs. Optimale forhold (fugtighed, varme, lys).<\/li>\n<li>Udseende: Sm\u00e5, popcornstore blomster, kompakte og klare, omgivet af pollen. Lidt fugtige blomster.<\/li>\n<li>Lugt\/smag: En tr\u00e6agtig lugt, n\u00e5r posen \u00e5bnes. N\u00e5r den br\u00e6ndes, en peberagtig lugt og en st\u00e6rk smag.<\/li>\n<li>CBD-indhold\/effekt: 14% CBD for denne blomst. Ikke for kraftig, ideel til b\u00e5de dag- og aftenbrug.<\/li>\n<\/ul>","protected":false},"excerpt":{"rendered":"<p><span style=\"text-decoration: underline;\"><strong>NLX BABY BUDS CBD INDEND\u00d8RS<\/strong><\/span><\/p>\n<ul>\n<li>Oprindelse: Dyrket indend\u00f8rs i Schweiz under optimale forhold (luftfugtighed, varme, lys, temperatur).<\/li>\n<li>Udseende: Et udvalg af sm\u00e5, popcorn-lignende blomster. Lysegr\u00f8n, en ret fugtig, kompakt blomst.<\/li>\n<li>Lugt\/smag: En tr\u00e6agtig lugt, n\u00e5r posen \u00e5bnes, typisk for NLX-sorten, som ligner en V1. N\u00e5r den br\u00e6ndes, er duften ret pebret, og smagen er meget tydelig.<\/li>\n<li>CBD-indhold\/-effekt: 14% CBD for denne blomst, en relativt afm\u00e5lt styrke, der vil sikre en let afslapning. Den kan tages p\u00e5 et hvilket som helst tidspunkt af dagen.<\/li>\n<\/ul>","protected":false},"featured_media":16467,"comment_status":"open","ping_status":"closed","template":"","meta":{"inline_featured_image":false},"product_cat":[353,354,407],"product_tag":[220,76],"class_list":{"0":"post-16462","1":"product","2":"type-product","3":"status-publish","4":"has-post-thumbnail","6":"product_brand-mari-swiss","7":"product_cat-fleurs-de-cbd","8":"product_cat-indoor","9":"product_cat-mini-buds","10":"product_tag-fleurs-cbd","11":"product_tag-indoor","13":"first","14":"instock","15":"sale","16":"taxable","17":"shipping-taxable","18":"purchasable","19":"product-type-variable"},"jetpack_sharing_enabled":true,"_links":{"self":[{"href":"https:\/\/mariswiss.com\/da\/wp-json\/wp\/v2\/product\/16462","targetHints":{"allow":["GET"]}}],"collection":[{"href":"https:\/\/mariswiss.com\/da\/wp-json\/wp\/v2\/product"}],"about":[{"href":"https:\/\/mariswiss.com\/da\/wp-json\/wp\/v2\/types\/product"}],"replies":[{"embeddable":true,"href":"https:\/\/mariswiss.com\/da\/wp-json\/wp\/v2\/comments?post=16462"}],"wp:featuredmedia":[{"embeddable":true,"href":"https:\/\/mariswiss.com\/da\/wp-json\/wp\/v2\/media\/16467"}],"wp:attachment":[{"href":"https:\/\/mariswiss.com\/da\/wp-json\/wp\/v2\/media?parent=16462"}],"wp:term":[{"taxonomy":"product_cat","embeddable":true,"href":"https:\/\/mariswiss.com\/da\/wp-json\/wp\/v2\/product_cat?post=16462"},{"taxonomy":"product_tag","embeddable":true,"href":"https:\/\/mariswiss.com\/da\/wp-json\/wp\/v2\/product_tag?post=16462"}],"curies":[{"name":"wp","href":"https:\/\/api.w.org\/{rel}","templated":true}]}}