{"id":16468,"date":"2023-10-31T08:55:14","date_gmt":"2023-10-31T08:55:14","guid":{"rendered":"https:\/\/mariswiss.com\/?post_type=product&#038;p=16468"},"modified":"2025-12-05T14:59:57","modified_gmt":"2025-12-05T14:59:57","slug":"candy-baby-buds-cbd-indoor","status":"publish","type":"product","link":"https:\/\/mariswiss.com\/da\/product\/candy-baby-buds-cbd-indoor\/","title":{"rendered":"Candy baby knopper CBD Indend\u00f8rs"},"content":{"rendered":"<p><span style=\"text-decoration: underline;\"><strong>CANDY BABY BUDS CBD INDEND\u00d8RS<\/strong><\/span><\/p>\n<ul>\n<li>Oprindelse: Vokset i Schweiz og dyrket indend\u00f8rs. Optimale forhold (fugtighed, varme, lys).<\/li>\n<li>Udseende: Et udvalg af sm\u00e5, m\u00f8rkegr\u00f8nne blomster. Du vil se masser af sm\u00e5 orange trichomer.<\/li>\n<li>Duft\/smag: En frugtagtig duft for denne blomst, som ligner OG-sorten. Antydninger af citrusfrugter og en s\u00f8d smag, n\u00e5r den spises.<\/li>\n<li>CBD-indhold\/effekt: 14% CBD for denne blomst. Ikke for kraftig, ideel til b\u00e5de dag- og aftenbrug.<\/li>\n<\/ul>","protected":false},"excerpt":{"rendered":"<p><span style=\"text-decoration: underline;\"><strong>CANDY BABY BUDS CBD INDOOR (ny afgr\u00f8de)<\/strong><\/span><\/p>\n<ul>\n<li>Oprindelse: Colombiansk hybridblomst baseret p\u00e5 Orange Gelato-genetik.<\/li>\n<li>Udseende: Et udvalg af sm\u00e5 blomster. Lidt m\u00f8rkegr\u00f8n med orange trichomer.<\/li>\n<li>Duft\/smag: En frugtagtig duft for denne blomst, som ligner OG-sorten. Antydninger af citrusfrugter og en s\u00f8d smag, n\u00e5r den spises.<\/li>\n<li>CBD-indhold\/-effekt: 14% CBD for denne blomst, en relativt afm\u00e5lt styrke, der vil sikre en let afslapning. Den kan tages p\u00e5 et hvilket som helst tidspunkt af dagen.<\/li>\n<\/ul>","protected":false},"featured_media":16473,"comment_status":"open","ping_status":"closed","template":"","meta":{"inline_featured_image":false},"product_cat":[353,354,407],"product_tag":[220,76],"class_list":{"0":"post-16468","1":"product","2":"type-product","3":"status-publish","4":"has-post-thumbnail","6":"product_brand-mari-swiss","7":"product_cat-fleurs-de-cbd","8":"product_cat-indoor","9":"product_cat-mini-buds","10":"product_tag-fleurs-cbd","11":"product_tag-indoor","13":"first","14":"instock","15":"sale","16":"taxable","17":"shipping-taxable","18":"purchasable","19":"product-type-variable"},"jetpack_sharing_enabled":true,"_links":{"self":[{"href":"https:\/\/mariswiss.com\/da\/wp-json\/wp\/v2\/product\/16468","targetHints":{"allow":["GET"]}}],"collection":[{"href":"https:\/\/mariswiss.com\/da\/wp-json\/wp\/v2\/product"}],"about":[{"href":"https:\/\/mariswiss.com\/da\/wp-json\/wp\/v2\/types\/product"}],"replies":[{"embeddable":true,"href":"https:\/\/mariswiss.com\/da\/wp-json\/wp\/v2\/comments?post=16468"}],"wp:featuredmedia":[{"embeddable":true,"href":"https:\/\/mariswiss.com\/da\/wp-json\/wp\/v2\/media\/16473"}],"wp:attachment":[{"href":"https:\/\/mariswiss.com\/da\/wp-json\/wp\/v2\/media?parent=16468"}],"wp:term":[{"taxonomy":"product_cat","embeddable":true,"href":"https:\/\/mariswiss.com\/da\/wp-json\/wp\/v2\/product_cat?post=16468"},{"taxonomy":"product_tag","embeddable":true,"href":"https:\/\/mariswiss.com\/da\/wp-json\/wp\/v2\/product_tag?post=16468"}],"curies":[{"name":"wp","href":"https:\/\/api.w.org\/{rel}","templated":true}]}}