{"id":16493,"date":"2023-10-31T13:24:43","date_gmt":"2023-10-31T13:24:43","guid":{"rendered":"https:\/\/mariswiss.com\/?post_type=product&#038;p=16493"},"modified":"2026-01-29T17:07:21","modified_gmt":"2026-01-29T17:07:21","slug":"gold-mousseux-thcp","status":"publish","type":"product","link":"https:\/\/mariswiss.com\/da\/product\/gold-mousseux-thcp\/","title":{"rendered":"Guld funklende CBN+"},"content":{"rendered":"<p><span style=\"text-decoration: underline;\"><strong>GULD GLITRENDE HSD<\/strong><\/span><\/p>\n<ul>\n<li class=\"lead\">Oprindelse: Fremstillet i Schweiz i vores dyrkningslaboratorium af blomster, der er dyrket indend\u00f8rs.<\/li>\n<li class=\"lead\">Udseende: En storsl\u00e5et gylden hash, der er glat og nem at bruge.<\/li>\n<li class=\"lead\">Lugt\/smag: En let jordagtig harpiks, der i lugt minder om ungdommens lort. En udtalt, pebret smag, n\u00e5r den indtages.<\/li>\n<li class=\"lead\">CBD - HSD \/ effekter: 25% CBD, 10% HSD. Dette er en kraftig hash, som vi anbefaler, at du indtager sidst p\u00e5 dagen. HSD er en blanding af CBN- og CBD-isoletter og naturlig, lovlig musimol. Det er en fuldt godkendt blanding, st\u00e6rkere og med flere effekter end CBD, men uden st\u00e6rke psykotrope effekter.<\/li>\n<\/ul>","protected":false},"excerpt":{"rendered":"<p><span style=\"text-decoration: underline;\"><strong>GULD GLITRENDE HSD<\/strong><\/span><\/p>\n<ul>\n<li class=\"lead\">Oprindelse: Fremstillet i Schweiz i vores dyrkningslaboratorium af blomster, der er dyrket indend\u00f8rs.<\/li>\n<li class=\"lead\">Udseende: En storsl\u00e5et gylden hash, der er glat og nem at bruge.<\/li>\n<li class=\"lead\">Lugt\/smag: En let jordagtig harpiks, der i lugt minder om ungdommens lort. En udtalt, pebret smag, n\u00e5r den indtages.<\/li>\n<li class=\"lead\">CBD - HSD \/ effekter: 25% CBD, 10% HSD. Dette er en kraftig hash, som vi anbefaler, at du indtager sidst p\u00e5 dagen. HSD er en blanding af CBN- og CBD-isoletter og naturlig, lovlig musimol. Det er en fuldt godkendt blanding, st\u00e6rkere og med flere effekter end CBD, men uden st\u00e6rke psykotrope effekter.<\/li>\n<li style=\"list-style-type: none;\"><\/li>\n<\/ul>","protected":false},"featured_media":19307,"comment_status":"open","ping_status":"closed","template":"","meta":{"inline_featured_image":false},"product_cat":[362,360],"product_tag":[244,482,76],"class_list":{"0":"post-16493","1":"product","2":"type-product","3":"status-publish","4":"has-post-thumbnail","6":"product_brand-mari-swiss","7":"product_cat-resines-de-thcp","8":"product_cat-thcp","9":"product_tag-hash","10":"product_tag-hsd","11":"product_tag-indoor","13":"first","14":"instock","15":"sale","16":"taxable","17":"shipping-taxable","18":"purchasable","19":"product-type-variable"},"jetpack_sharing_enabled":true,"_links":{"self":[{"href":"https:\/\/mariswiss.com\/da\/wp-json\/wp\/v2\/product\/16493","targetHints":{"allow":["GET"]}}],"collection":[{"href":"https:\/\/mariswiss.com\/da\/wp-json\/wp\/v2\/product"}],"about":[{"href":"https:\/\/mariswiss.com\/da\/wp-json\/wp\/v2\/types\/product"}],"replies":[{"embeddable":true,"href":"https:\/\/mariswiss.com\/da\/wp-json\/wp\/v2\/comments?post=16493"}],"wp:featuredmedia":[{"embeddable":true,"href":"https:\/\/mariswiss.com\/da\/wp-json\/wp\/v2\/media\/19307"}],"wp:attachment":[{"href":"https:\/\/mariswiss.com\/da\/wp-json\/wp\/v2\/media?parent=16493"}],"wp:term":[{"taxonomy":"product_cat","embeddable":true,"href":"https:\/\/mariswiss.com\/da\/wp-json\/wp\/v2\/product_cat?post=16493"},{"taxonomy":"product_tag","embeddable":true,"href":"https:\/\/mariswiss.com\/da\/wp-json\/wp\/v2\/product_tag?post=16493"}],"curies":[{"name":"wp","href":"https:\/\/api.w.org\/{rel}","templated":true}]}}