{"id":16499,"date":"2023-10-31T13:59:01","date_gmt":"2023-10-31T13:59:01","guid":{"rendered":"https:\/\/mariswiss.com\/?post_type=product&#038;p=16499"},"modified":"2025-07-17T10:17:35","modified_gmt":"2025-07-17T10:17:35","slug":"red-lebanese-thcp","status":"publish","type":"product","link":"https:\/\/mariswiss.com\/da\/product\/red-lebanese-thcp\/","title":{"rendered":"R\u00f8d libaneser"},"content":{"rendered":"<p><span style=\"text-decoration: underline;\"><strong>R\u00d8D LEBANESISK<\/strong><\/span><\/p>\n<ul>\n<li>Oprindelse: Fremstillet i Schweiz i vores dyrkningslaboratorium af blomster, der er dyrket indend\u00f8rs.<\/li>\n<li>Udseende: Denne m\u00f8rker\u00f8de harpiks er lavet af afk\u00f8lede indend\u00f8rs blomster, som giver den dens r\u00f8de farve.<\/li>\n<li>Lugt\/smag: Som de fleste hash har den en st\u00e6rk jordagtig lugt. N\u00e5r den indtages, har den en let krydret smag.<\/li>\n<li>CBD-indhold\/effekt: 22% CBD. Dette er en kraftig hash, som vi anbefaler, at du indtager sidst p\u00e5 dagen.<\/li>\n<\/ul>","protected":false},"excerpt":{"rendered":"<p><span style=\"text-decoration: underline;\"><strong>R\u00d8D LEBANESISK<\/strong><\/span><\/p>\n<ul>\n<li class=\"lead\">Oprindelse: Fremstillet i Schweiz i vores dyrkningslaboratorium af blomster, der er dyrket indend\u00f8rs.<\/li>\n<li class=\"lead\">Udseende: Denne m\u00f8rker\u00f8de harpiks er lavet af afk\u00f8lede indend\u00f8rs blomster, som giver den dens r\u00f8de farve.<\/li>\n<li class=\"lead\">Lugt\/smag: Som de fleste hash har den en st\u00e6rk jordagtig lugt. N\u00e5r den indtages, har den en let krydret smag.<\/li>\n<li class=\"lead\">CBD-indhold\/effekt: 22% CBD. Dette er en kraftig hash, som vi anbefaler, at du indtager sidst p\u00e5 dagen.<\/li>\n<li style=\"list-style-type: none;\"><\/li>\n<\/ul>","protected":false},"featured_media":16504,"comment_status":"open","ping_status":"closed","template":"","meta":{"inline_featured_image":false},"product_cat":[362],"product_tag":[244,76],"class_list":{"0":"post-16499","1":"product","2":"type-product","3":"status-publish","4":"has-post-thumbnail","6":"product_brand-mari-swiss","7":"product_cat-resines-de-thcp","8":"product_tag-hash","9":"product_tag-indoor","11":"first","12":"instock","13":"sale","14":"taxable","15":"shipping-taxable","16":"purchasable","17":"product-type-variable","18":"has-default-attributes"},"jetpack_sharing_enabled":true,"_links":{"self":[{"href":"https:\/\/mariswiss.com\/da\/wp-json\/wp\/v2\/product\/16499","targetHints":{"allow":["GET"]}}],"collection":[{"href":"https:\/\/mariswiss.com\/da\/wp-json\/wp\/v2\/product"}],"about":[{"href":"https:\/\/mariswiss.com\/da\/wp-json\/wp\/v2\/types\/product"}],"replies":[{"embeddable":true,"href":"https:\/\/mariswiss.com\/da\/wp-json\/wp\/v2\/comments?post=16499"}],"wp:featuredmedia":[{"embeddable":true,"href":"https:\/\/mariswiss.com\/da\/wp-json\/wp\/v2\/media\/16504"}],"wp:attachment":[{"href":"https:\/\/mariswiss.com\/da\/wp-json\/wp\/v2\/media?parent=16499"}],"wp:term":[{"taxonomy":"product_cat","embeddable":true,"href":"https:\/\/mariswiss.com\/da\/wp-json\/wp\/v2\/product_cat?post=16499"},{"taxonomy":"product_tag","embeddable":true,"href":"https:\/\/mariswiss.com\/da\/wp-json\/wp\/v2\/product_tag?post=16499"}],"curies":[{"name":"wp","href":"https:\/\/api.w.org\/{rel}","templated":true}]}}