{"id":16541,"date":"2023-11-03T15:21:18","date_gmt":"2023-11-03T15:21:18","guid":{"rendered":"https:\/\/mariswiss.com\/?post_type=product&#038;p=16541"},"modified":"2026-04-17T09:04:13","modified_gmt":"2026-04-17T09:04:13","slug":"gold-nepal-pollen","status":"publish","type":"product","link":"https:\/\/mariswiss.com\/da\/product\/gold-nepal-pollen\/","title":{"rendered":"Gold Nepal Pollen CBD"},"content":{"rendered":"<p><span style=\"text-decoration: underline;\"><strong>GULD NEPAL POLLEN<\/strong><\/span><\/p>\n<ul>\n<li>Oprindelse: Fremstillet i Schweiz i vores dyrkningslaboratorium af blomster, der er dyrket indend\u00f8rs.<\/li>\n<li>Udseende: Som navnet antyder, en smuk gylden harpiks, kompakt, fugtig og meget nem at bruge.<\/li>\n<li>Lugt\/smag: En ret s\u00f8dlig lugt, selv n\u00e5r den indtages.<\/li>\n<li>CBD-indhold\/effekt: 22% CBD, ikke for st\u00e6rk en pollen, der kan indtages p\u00e5 alle tider af d\u00f8gnet.<\/li>\n<\/ul>","protected":false},"excerpt":{"rendered":"<p><span style=\"text-decoration: underline;\"><strong>GULD NEPAL POLLEN<\/strong><\/span><\/p>\n<ul>\n<li class=\"lead\">Oprindelse: Fremstillet i Schweiz i vores dyrkningslaboratorium af blomster, der er dyrket indend\u00f8rs.<\/li>\n<li class=\"lead\">Udseende: Som navnet antyder, en smuk gylden harpiks, kompakt, fugtig og meget nem at bruge.<\/li>\n<li class=\"lead\">Lugt\/smag: En ret s\u00f8dlig lugt, selv n\u00e5r den indtages.<\/li>\n<li class=\"lead\">CBD-indhold\/effekt: 22% CBD, ikke for st\u00e6rk en pollen, der kan indtages p\u00e5 alle tider af d\u00f8gnet.<\/li>\n<li style=\"list-style-type: none;\"><\/li>\n<\/ul>","protected":false},"featured_media":16546,"comment_status":"open","ping_status":"closed","template":"","meta":{"inline_featured_image":false},"product_cat":[357],"product_tag":[244,76],"class_list":{"0":"post-16541","1":"product","2":"type-product","3":"status-publish","4":"has-post-thumbnail","6":"product_brand-mari-swiss","7":"product_cat-resines-de-cbd","8":"product_tag-hash","9":"product_tag-indoor","11":"first","12":"instock","13":"sale","14":"taxable","15":"shipping-taxable","16":"purchasable","17":"product-type-variable"},"jetpack_sharing_enabled":true,"_links":{"self":[{"href":"https:\/\/mariswiss.com\/da\/wp-json\/wp\/v2\/product\/16541","targetHints":{"allow":["GET"]}}],"collection":[{"href":"https:\/\/mariswiss.com\/da\/wp-json\/wp\/v2\/product"}],"about":[{"href":"https:\/\/mariswiss.com\/da\/wp-json\/wp\/v2\/types\/product"}],"replies":[{"embeddable":true,"href":"https:\/\/mariswiss.com\/da\/wp-json\/wp\/v2\/comments?post=16541"}],"wp:featuredmedia":[{"embeddable":true,"href":"https:\/\/mariswiss.com\/da\/wp-json\/wp\/v2\/media\/16546"}],"wp:attachment":[{"href":"https:\/\/mariswiss.com\/da\/wp-json\/wp\/v2\/media?parent=16541"}],"wp:term":[{"taxonomy":"product_cat","embeddable":true,"href":"https:\/\/mariswiss.com\/da\/wp-json\/wp\/v2\/product_cat?post=16541"},{"taxonomy":"product_tag","embeddable":true,"href":"https:\/\/mariswiss.com\/da\/wp-json\/wp\/v2\/product_tag?post=16541"}],"curies":[{"name":"wp","href":"https:\/\/api.w.org\/{rel}","templated":true}]}}