{"id":16559,"date":"2023-11-07T14:01:27","date_gmt":"2023-11-07T14:01:27","guid":{"rendered":"https:\/\/mariswiss.com\/?post_type=product&#038;p=16559"},"modified":"2026-04-17T09:04:12","modified_gmt":"2026-04-17T09:04:12","slug":"charas","status":"publish","type":"product","link":"https:\/\/mariswiss.com\/da\/product\/charas\/","title":{"rendered":"Charas CBD"},"content":{"rendered":"<p><span style=\"text-decoration: underline;\"><strong>CHARAS<\/strong><\/span><\/p>\n<ul>\n<li>Oprindelse: Fremstillet i Schweiz i vores producenters laboratorium af blomster, der er dyrket indend\u00f8rs og helt \u00f8kologisk uden brug af pesticider.<\/li>\n<li>Udseende: en smuk sort hash, ret h\u00e5rd, s\u00e5 den skal varmes godt op f\u00f8r brug.<\/li>\n<li>Lugt\/smag: En tr\u00e6agtig, pebret lugt, der er meget karakteristisk og helt anderledes end vores andre hasher. Et enest\u00e5ende produkt<\/li>\n<li>CBD-indhold\/effekt: 22% CBD i denne hash, s\u00e5 afslapning er meget fremtr\u00e6dende under indtagelsen.<\/li>\n<\/ul>","protected":false},"excerpt":{"rendered":"<p><span style=\"text-decoration: underline;\"><strong>CHARAS<\/strong><\/span><\/p>\n<ul>\n<li class=\"lead\">Oprindelse: Fremstillet i Schweiz i vores producenters laboratorium af blomster, der er dyrket indend\u00f8rs og helt \u00f8kologisk uden brug af pesticider.<\/li>\n<li class=\"lead\"><span style=\"font-size: 20.16px;\">Aspekt:<\/span><span style=\"font-size: 20.16px;\"> En smuk sort hash, ret h\u00e5rd, s\u00e5 den skal opvarmes f\u00f8r brug.<\/span><\/li>\n<li class=\"lead\">Lugt\/smag: En tr\u00e6agtig, pebret lugt, der er meget karakteristisk og helt anderledes end vores andre hasher. Et enest\u00e5ende produkt<\/li>\n<li class=\"lead\">CBD-indhold\/effekt: 22% CBD i denne hash, s\u00e5 afslapning er meget fremtr\u00e6dende under indtagelsen.<\/li>\n<li style=\"list-style-type: none;\"><\/li>\n<\/ul>","protected":false},"featured_media":16564,"comment_status":"open","ping_status":"closed","template":"","meta":{"inline_featured_image":false},"product_cat":[357],"product_tag":[244,76],"class_list":{"0":"post-16559","1":"product","2":"type-product","3":"status-publish","4":"has-post-thumbnail","6":"product_brand-mari-swiss","7":"product_cat-resines-de-cbd","8":"product_tag-hash","9":"product_tag-indoor","11":"first","12":"instock","13":"sale","14":"taxable","15":"shipping-taxable","16":"purchasable","17":"product-type-variable"},"jetpack_sharing_enabled":true,"_links":{"self":[{"href":"https:\/\/mariswiss.com\/da\/wp-json\/wp\/v2\/product\/16559","targetHints":{"allow":["GET"]}}],"collection":[{"href":"https:\/\/mariswiss.com\/da\/wp-json\/wp\/v2\/product"}],"about":[{"href":"https:\/\/mariswiss.com\/da\/wp-json\/wp\/v2\/types\/product"}],"replies":[{"embeddable":true,"href":"https:\/\/mariswiss.com\/da\/wp-json\/wp\/v2\/comments?post=16559"}],"wp:featuredmedia":[{"embeddable":true,"href":"https:\/\/mariswiss.com\/da\/wp-json\/wp\/v2\/media\/16564"}],"wp:attachment":[{"href":"https:\/\/mariswiss.com\/da\/wp-json\/wp\/v2\/media?parent=16559"}],"wp:term":[{"taxonomy":"product_cat","embeddable":true,"href":"https:\/\/mariswiss.com\/da\/wp-json\/wp\/v2\/product_cat?post=16559"},{"taxonomy":"product_tag","embeddable":true,"href":"https:\/\/mariswiss.com\/da\/wp-json\/wp\/v2\/product_tag?post=16559"}],"curies":[{"name":"wp","href":"https:\/\/api.w.org\/{rel}","templated":true}]}}