{"id":16800,"date":"2023-11-23T15:31:39","date_gmt":"2023-11-23T15:31:39","guid":{"rendered":"https:\/\/mariswiss.com\/?post_type=product&#038;p=16800"},"modified":"2026-02-24T09:42:14","modified_gmt":"2026-02-24T09:42:14","slug":"hash-marocain-hhcpo","status":"publish","type":"product","link":"https:\/\/mariswiss.com\/da\/product\/hash-marocain-hhcpo\/","title":{"rendered":"Marokkansk hakkeb\u00f8f - INDEND\u00d8RS"},"content":{"rendered":"","protected":false},"excerpt":{"rendered":"<p><strong>MAROKKANSK HASH - INDEND\u00d8RS<\/strong><\/p>\n<p>Opdag eller genopdag <strong>Marokkansk hash<\/strong>Ligesom i gamle dage! Denne klassiker er tilbage med fuld styrke med sin autentiske smag og garanterede effekt.<\/p>\n<ul>\n<li>Oprindelse: Fremstillet med omhu i den maleriske kanton Valais i Schweiz af blomster, der er dyrket indend\u00f8rs.<\/li>\n<li>Udseende: En dyb sort harpiks med en l\u00e6kker, smidig, cremet konsistens, der giver uovertruffen brugervenlighed.<\/li>\n<li>Duft\/smag: Som al god hash har den en karakteristisk jordagtig duft. N\u00e5r det smages, fuldender den s\u00f8de smag oplevelsen og tilf\u00f8jer et subtilt, behageligt touch.<\/li>\n<li>Effekter: Bem\u00e6rkelsesv\u00e6rdige 25%++ CBD giver denne harpiks en enest\u00e5ende styrke. Et produkt i topkvalitet, der tager dig tilbage til dine r\u00f8dder og giver dig en uforglemmelig afslappende oplevelse.<\/li>\n<\/ul>","protected":false},"featured_media":19548,"comment_status":"open","ping_status":"closed","template":"","meta":{"inline_featured_image":false},"product_cat":[15,352,357,360,362],"product_tag":[244,76],"class_list":{"0":"post-16800","1":"product","2":"type-product","3":"status-publish","4":"has-post-thumbnail","6":"product_brand-mari-swiss","7":"product_cat-uncategorized","8":"product_cat-cbd","9":"product_cat-resines-de-cbd","10":"product_cat-thcp","11":"product_cat-resines-de-thcp","12":"product_tag-hash","13":"product_tag-indoor","15":"first","16":"instock","17":"sale","18":"taxable","19":"shipping-taxable","20":"purchasable","21":"product-type-variable","22":"has-default-attributes"},"jetpack_sharing_enabled":true,"_links":{"self":[{"href":"https:\/\/mariswiss.com\/da\/wp-json\/wp\/v2\/product\/16800","targetHints":{"allow":["GET"]}}],"collection":[{"href":"https:\/\/mariswiss.com\/da\/wp-json\/wp\/v2\/product"}],"about":[{"href":"https:\/\/mariswiss.com\/da\/wp-json\/wp\/v2\/types\/product"}],"replies":[{"embeddable":true,"href":"https:\/\/mariswiss.com\/da\/wp-json\/wp\/v2\/comments?post=16800"}],"wp:featuredmedia":[{"embeddable":true,"href":"https:\/\/mariswiss.com\/da\/wp-json\/wp\/v2\/media\/19548"}],"wp:attachment":[{"href":"https:\/\/mariswiss.com\/da\/wp-json\/wp\/v2\/media?parent=16800"}],"wp:term":[{"taxonomy":"product_cat","embeddable":true,"href":"https:\/\/mariswiss.com\/da\/wp-json\/wp\/v2\/product_cat?post=16800"},{"taxonomy":"product_tag","embeddable":true,"href":"https:\/\/mariswiss.com\/da\/wp-json\/wp\/v2\/product_tag?post=16800"}],"curies":[{"name":"wp","href":"https:\/\/api.w.org\/{rel}","templated":true}]}}