{"id":17527,"date":"2024-03-15T07:48:55","date_gmt":"2024-03-15T07:48:55","guid":{"rendered":"https:\/\/mariswiss.com\/?post_type=product&#038;p=17527"},"modified":"2025-07-11T08:17:02","modified_gmt":"2025-07-11T08:17:02","slug":"swiss-cream-hash-thcp","status":"publish","type":"product","link":"https:\/\/mariswiss.com\/da\/product\/swiss-cream-hash-thcp\/","title":{"rendered":"Hash med schweizisk fl\u00f8de - INDOOR"},"content":{"rendered":"","protected":false},"excerpt":{"rendered":"<p><span style=\"text-decoration: underline;\"><strong>HASH MED SCHWEIZISK FL\u00d8DE INDEND\u00d8RS<\/strong><\/span><\/p>\n<p>Oplev vores nye Swiss Cream Hash, en enest\u00e5ende harpiks, der kombinerer s\u00f8dme med en rig aroma.<\/p>\n<ul>\n<li class=\"lead\">Oprindelse: Tilberedt i Schweiz i kantonen Valais.<\/li>\n<li class=\"lead\">Udseende: Den bl\u00f8de, olieagtige tekstur g\u00f8r den nem at h\u00e5ndtere og indtage og inviterer dig p\u00e5 en unik sanserejse fra f\u00f8rste ber\u00f8ring.<\/li>\n<li class=\"lead\">Lugt\/smag: Lugtoplevelsen v\u00e6kker minder med sin nostalgiske duft, der minder om traditionel hash, mens de robuste terpener giver en uovertruffen styrke, der forst\u00e6rkes af et raffineret pebret strejf i finishen.<\/li>\n<li class=\"lead\">Effekter: Beriget med 22% CBD+ lover vores Swiss Cream Hash dyb afslapning, ideel til en beroligende aften. Dens beroligende og tr\u00f8stende effekt er perfekt afbalanceret for optimal velv\u00e6re. Denne hash er indbegrebet af kvalitet, designet til at appellere til kendere p\u00e5 jagt efter en autentisk harpiks, der gengiver tidl\u00f8se smage.<\/li>\n<li style=\"list-style-type: none;\"><\/li>\n<\/ul>","protected":false},"featured_media":17534,"comment_status":"open","ping_status":"closed","template":"","meta":{"inline_featured_image":false},"product_cat":[362,360],"product_tag":[244,76],"class_list":{"0":"post-17527","1":"product","2":"type-product","3":"status-publish","4":"has-post-thumbnail","6":"product_brand-mari-swiss","7":"product_cat-resines-de-thcp","8":"product_cat-thcp","9":"product_tag-hash","10":"product_tag-indoor","12":"first","13":"outofstock","14":"sale","15":"taxable","16":"shipping-taxable","17":"purchasable","18":"product-type-variable","19":"has-default-attributes"},"jetpack_sharing_enabled":true,"_links":{"self":[{"href":"https:\/\/mariswiss.com\/da\/wp-json\/wp\/v2\/product\/17527","targetHints":{"allow":["GET"]}}],"collection":[{"href":"https:\/\/mariswiss.com\/da\/wp-json\/wp\/v2\/product"}],"about":[{"href":"https:\/\/mariswiss.com\/da\/wp-json\/wp\/v2\/types\/product"}],"replies":[{"embeddable":true,"href":"https:\/\/mariswiss.com\/da\/wp-json\/wp\/v2\/comments?post=17527"}],"wp:featuredmedia":[{"embeddable":true,"href":"https:\/\/mariswiss.com\/da\/wp-json\/wp\/v2\/media\/17534"}],"wp:attachment":[{"href":"https:\/\/mariswiss.com\/da\/wp-json\/wp\/v2\/media?parent=17527"}],"wp:term":[{"taxonomy":"product_cat","embeddable":true,"href":"https:\/\/mariswiss.com\/da\/wp-json\/wp\/v2\/product_cat?post=17527"},{"taxonomy":"product_tag","embeddable":true,"href":"https:\/\/mariswiss.com\/da\/wp-json\/wp\/v2\/product_tag?post=17527"}],"curies":[{"name":"wp","href":"https:\/\/api.w.org\/{rel}","templated":true}]}}