{"id":17535,"date":"2024-03-15T08:16:58","date_gmt":"2024-03-15T08:16:58","guid":{"rendered":"https:\/\/mariswiss.com\/?post_type=product&#038;p=17535"},"modified":"2026-04-17T09:04:05","modified_gmt":"2026-04-17T09:04:05","slug":"kushberry-thcp","status":"publish","type":"product","link":"https:\/\/mariswiss.com\/da\/product\/kushberry-thcp\/","title":{"rendered":"Kushberry - Drivhus"},"content":{"rendered":"","protected":false},"excerpt":{"rendered":"<p><strong>Kushberry THCP - Drivhus<\/strong><\/p>\n<p>Oplev KushBerry Greenhouse, den seneste tilf\u00f8jelse til vores THCP-kollektion, hvor hver majest\u00e6tisk blomst m\u00e5ler mellem 1 og 3 cm.<\/p>\n<ul>\n<li>Oprindelse: Dyrket i Schweiz i Vaud-regionen.<\/li>\n<li>Udseende: Denne sort udm\u00e6rker sig ved sin friskhed og lethed, med en luftig struktur, der fremh\u00e6ver dens karakteristiske orange nuancer.<\/li>\n<li>Duft\/smag: N\u00e5r den br\u00e6ndes, frigiver den s\u00f8de, frugtagtige aromaer, der er tro mod sortens omd\u00f8mme, og som giver en fortryllende sanseoplevelse.<\/li>\n<li>CBD-indhold\/virkninger: Beriget med 18% CBD+ viser KushBerry Greenhouse sig at v\u00e6re en robust mulighed. Dens styrke ledsages af dyb afslapning og en uds\u00f8gt smagspalet, der lover up\u00e5klagelig nydelse ved hver brug.<\/li>\n<\/ul>","protected":false},"featured_media":17541,"comment_status":"open","ping_status":"closed","template":"","meta":{"inline_featured_image":false},"product_cat":[361],"product_tag":[227],"class_list":{"0":"post-17535","1":"product","2":"type-product","3":"status-publish","4":"has-post-thumbnail","6":"product_brand-mari-swiss","7":"product_cat-fleurs-de-thcp","8":"product_tag-greenhouse","10":"first","11":"outofstock","12":"sale","13":"taxable","14":"shipping-taxable","15":"purchasable","16":"product-type-variable"},"jetpack_sharing_enabled":true,"_links":{"self":[{"href":"https:\/\/mariswiss.com\/da\/wp-json\/wp\/v2\/product\/17535","targetHints":{"allow":["GET"]}}],"collection":[{"href":"https:\/\/mariswiss.com\/da\/wp-json\/wp\/v2\/product"}],"about":[{"href":"https:\/\/mariswiss.com\/da\/wp-json\/wp\/v2\/types\/product"}],"replies":[{"embeddable":true,"href":"https:\/\/mariswiss.com\/da\/wp-json\/wp\/v2\/comments?post=17535"}],"wp:featuredmedia":[{"embeddable":true,"href":"https:\/\/mariswiss.com\/da\/wp-json\/wp\/v2\/media\/17541"}],"wp:attachment":[{"href":"https:\/\/mariswiss.com\/da\/wp-json\/wp\/v2\/media?parent=17535"}],"wp:term":[{"taxonomy":"product_cat","embeddable":true,"href":"https:\/\/mariswiss.com\/da\/wp-json\/wp\/v2\/product_cat?post=17535"},{"taxonomy":"product_tag","embeddable":true,"href":"https:\/\/mariswiss.com\/da\/wp-json\/wp\/v2\/product_tag?post=17535"}],"curies":[{"name":"wp","href":"https:\/\/api.w.org\/{rel}","templated":true}]}}