{"id":17890,"date":"2024-04-10T12:41:36","date_gmt":"2024-04-10T12:41:36","guid":{"rendered":"https:\/\/mariswiss.com\/?post_type=product&#038;p=17890"},"modified":"2026-02-23T20:13:38","modified_gmt":"2026-02-23T20:13:38","slug":"royal-swiss-hash-cbd","status":"publish","type":"product","link":"https:\/\/mariswiss.com\/da\/product\/royal-swiss-hash-cbd\/","title":{"rendered":"Royal Swiss Hash CBD"},"content":{"rendered":"","protected":false},"excerpt":{"rendered":"<p><strong>Royal Swiss Hash CBD<\/strong><\/p>\n<ul>\n<li>Oprindelse: Dette produkt er produceret i Valais-kantonerne, n\u00e6r byen Martigny i Schweiz, med blomster, der er dyrket indend\u00f8rs i overensstemmelse med principperne for \u00f8kologisk landbrug.<\/li>\n<li>Udseende: Harpiksen er lys i farven, <a href=\"https:\/\/mariswiss.com\/da\/product\/brownie-hash-cbd\/\">meget fleksibel<\/a> og bl\u00f8d, hvilket g\u00f8r den let at drikke.<\/li>\n<li>Lugt\/smag: Aromaen er karakteristisk og minder om dens THC-holdige f\u00e6tter, og den giver en kraftig duftoplevelse. Den vil appellere til kendere, der s\u00e6tter pris p\u00e5 harpiks med en autentisk, dyb hashsmag.<\/li>\n<li>CBD-indhold\/effekt: Denne hash indeholder 27% CBD og fremkalder en m\u00e6rkbar, dyb afslapning.<\/li>\n<\/ul>\n<ul>\n<li style=\"list-style-type: none;\"><\/li>\n<\/ul>","protected":false},"featured_media":17896,"comment_status":"open","ping_status":"closed","template":"","meta":{"inline_featured_image":false},"product_cat":[352,357],"product_tag":[244,76],"class_list":{"0":"post-17890","1":"product","2":"type-product","3":"status-publish","4":"has-post-thumbnail","6":"product_brand-mari-swiss","7":"product_cat-cbd","8":"product_cat-resines-de-cbd","9":"product_tag-hash","10":"product_tag-indoor","12":"first","13":"instock","14":"sale","15":"taxable","16":"shipping-taxable","17":"purchasable","18":"product-type-variable","19":"has-default-attributes"},"jetpack_sharing_enabled":true,"_links":{"self":[{"href":"https:\/\/mariswiss.com\/da\/wp-json\/wp\/v2\/product\/17890","targetHints":{"allow":["GET"]}}],"collection":[{"href":"https:\/\/mariswiss.com\/da\/wp-json\/wp\/v2\/product"}],"about":[{"href":"https:\/\/mariswiss.com\/da\/wp-json\/wp\/v2\/types\/product"}],"replies":[{"embeddable":true,"href":"https:\/\/mariswiss.com\/da\/wp-json\/wp\/v2\/comments?post=17890"}],"wp:featuredmedia":[{"embeddable":true,"href":"https:\/\/mariswiss.com\/da\/wp-json\/wp\/v2\/media\/17896"}],"wp:attachment":[{"href":"https:\/\/mariswiss.com\/da\/wp-json\/wp\/v2\/media?parent=17890"}],"wp:term":[{"taxonomy":"product_cat","embeddable":true,"href":"https:\/\/mariswiss.com\/da\/wp-json\/wp\/v2\/product_cat?post=17890"},{"taxonomy":"product_tag","embeddable":true,"href":"https:\/\/mariswiss.com\/da\/wp-json\/wp\/v2\/product_tag?post=17890"}],"curies":[{"name":"wp","href":"https:\/\/api.w.org\/{rel}","templated":true}]}}