{"id":18082,"date":"2024-05-03T09:48:37","date_gmt":"2024-05-03T09:48:37","guid":{"rendered":"https:\/\/mariswiss.com\/?post_type=product&#038;p=18082"},"modified":"2025-07-15T15:51:09","modified_gmt":"2025-07-15T15:51:09","slug":"swiss-premium-black-hash-bio-cbd","status":"publish","type":"product","link":"https:\/\/mariswiss.com\/da\/product\/swiss-premium-black-hash-bio-cbd\/","title":{"rendered":"Swiss Premium Black Hash BIO CBD"},"content":{"rendered":"","protected":false},"excerpt":{"rendered":"<div style=\"text-align: left;\">\n<p><strong>Swiss Premium Black Hash \u00d8KOLOGISK<\/strong><\/p>\n<ul>\n<li>Oprindelse: Swiss Premium Black Hash BIO produceres i kantonen Bern i Schweiz, hvor blomster af h\u00f8j kvalitet dyrkes indend\u00f8rs efter \u00f8kologiske landbrugsprincipper.<\/li>\n<li>Udseende: Denne harpiks er kompakt og let fedtet, hvilket g\u00f8r den meget nem at h\u00e5ndtere til optimal brug.<\/li>\n<li>Lugt\/smag: Med sin udpr\u00e6gede smag giver denne hash en intens aromatisk oplevelse, der vil gl\u00e6de fans af autentiske harpikser med en tydelig karakter.<\/li>\n<li>CBD-indhold \/ effekter: Indeholder 30% CBD. Denne hash er prim\u00e6rt afslappende og er ideel til dem, der s\u00f8ger dyb afslapning, takket v\u00e6re dens egenskaber, der stammer fra \u00f8kologiske blomster af h\u00f8j kvalitet. Et must for kendere, der er p\u00e5 udkig efter en enest\u00e5ende oplevelse.<\/li>\n<\/ul>\n<\/div>","protected":false},"featured_media":18055,"comment_status":"open","ping_status":"closed","template":"","meta":{"inline_featured_image":false},"product_cat":[352,357],"product_tag":[],"class_list":{"0":"post-18082","1":"product","2":"type-product","3":"status-publish","4":"has-post-thumbnail","6":"product_brand-mari-swiss","7":"product_cat-cbd","8":"product_cat-resines-de-cbd","10":"first","11":"instock","12":"sale","13":"taxable","14":"shipping-taxable","15":"purchasable","16":"product-type-variable"},"jetpack_sharing_enabled":true,"_links":{"self":[{"href":"https:\/\/mariswiss.com\/da\/wp-json\/wp\/v2\/product\/18082","targetHints":{"allow":["GET"]}}],"collection":[{"href":"https:\/\/mariswiss.com\/da\/wp-json\/wp\/v2\/product"}],"about":[{"href":"https:\/\/mariswiss.com\/da\/wp-json\/wp\/v2\/types\/product"}],"replies":[{"embeddable":true,"href":"https:\/\/mariswiss.com\/da\/wp-json\/wp\/v2\/comments?post=18082"}],"wp:featuredmedia":[{"embeddable":true,"href":"https:\/\/mariswiss.com\/da\/wp-json\/wp\/v2\/media\/18055"}],"wp:attachment":[{"href":"https:\/\/mariswiss.com\/da\/wp-json\/wp\/v2\/media?parent=18082"}],"wp:term":[{"taxonomy":"product_cat","embeddable":true,"href":"https:\/\/mariswiss.com\/da\/wp-json\/wp\/v2\/product_cat?post=18082"},{"taxonomy":"product_tag","embeddable":true,"href":"https:\/\/mariswiss.com\/da\/wp-json\/wp\/v2\/product_tag?post=18082"}],"curies":[{"name":"wp","href":"https:\/\/api.w.org\/{rel}","templated":true}]}}