{"id":18088,"date":"2024-05-03T09:49:49","date_gmt":"2024-05-03T09:49:49","guid":{"rendered":"https:\/\/mariswiss.com\/?post_type=product&#038;p=18088"},"modified":"2025-07-15T15:50:47","modified_gmt":"2025-07-15T15:50:47","slug":"swiss-premium-brown-hash-bio-cbd","status":"publish","type":"product","link":"https:\/\/mariswiss.com\/da\/product\/swiss-premium-brown-hash-bio-cbd\/","title":{"rendered":"Swiss Premium Brown Hash BIO CBD"},"content":{"rendered":"","protected":false},"excerpt":{"rendered":"<div style=\"text-align: left;\">\n<p><strong>Swiss Premium Black Hash \u00d8KOLOGISK<\/strong><\/p>\n<ul>\n<li>Oprindelse: Swiss Premium Brown Hash BIO produceres i kantonen Bern i Schweiz, hvor blomster af h\u00f8j kvalitet dyrkes indend\u00f8rs efter \u00f8kologiske landbrugsprincipper.<\/li>\n<li>Udseende: Denne resin er lidt m\u00f8rkebrun i farven, halvbl\u00f8d og meget praktisk at bruge. Den er fingervenlig, hvilket g\u00f8r den til et ideelt valg til nem og ren brug.<\/li>\n<li>Lugt\/smag: Har en behagelig smag. <span style=\"font-size: 14.4px;\">Det er s\u00f8dt.<\/span><\/li>\n<li>CBD-indhold \/ effekter: Indeholder 29% CBD. Med et CBD-indhold p\u00e5 27% sikrer Swiss Premium Brown Hash BIO dyb afslapning. Det er en harpiks, der passer perfekt til dem, der \u00f8nsker at slappe af, mens de nyder et produkt med en karakteristisk smag.<\/li>\n<\/ul>\n<\/div>","protected":false},"featured_media":18054,"comment_status":"open","ping_status":"closed","template":"","meta":{"inline_featured_image":false},"product_cat":[352,357],"product_tag":[],"class_list":{"0":"post-18088","1":"product","2":"type-product","3":"status-publish","4":"has-post-thumbnail","6":"product_brand-mari-swiss","7":"product_cat-cbd","8":"product_cat-resines-de-cbd","10":"first","11":"instock","12":"sale","13":"taxable","14":"shipping-taxable","15":"purchasable","16":"product-type-variable"},"jetpack_sharing_enabled":true,"_links":{"self":[{"href":"https:\/\/mariswiss.com\/da\/wp-json\/wp\/v2\/product\/18088","targetHints":{"allow":["GET"]}}],"collection":[{"href":"https:\/\/mariswiss.com\/da\/wp-json\/wp\/v2\/product"}],"about":[{"href":"https:\/\/mariswiss.com\/da\/wp-json\/wp\/v2\/types\/product"}],"replies":[{"embeddable":true,"href":"https:\/\/mariswiss.com\/da\/wp-json\/wp\/v2\/comments?post=18088"}],"wp:featuredmedia":[{"embeddable":true,"href":"https:\/\/mariswiss.com\/da\/wp-json\/wp\/v2\/media\/18054"}],"wp:attachment":[{"href":"https:\/\/mariswiss.com\/da\/wp-json\/wp\/v2\/media?parent=18088"}],"wp:term":[{"taxonomy":"product_cat","embeddable":true,"href":"https:\/\/mariswiss.com\/da\/wp-json\/wp\/v2\/product_cat?post=18088"},{"taxonomy":"product_tag","embeddable":true,"href":"https:\/\/mariswiss.com\/da\/wp-json\/wp\/v2\/product_tag?post=18088"}],"curies":[{"name":"wp","href":"https:\/\/api.w.org\/{rel}","templated":true}]}}