{"id":18292,"date":"2024-05-27T14:09:03","date_gmt":"2024-05-27T14:09:03","guid":{"rendered":"https:\/\/mariswiss.com\/?post_type=product&#038;p=18292"},"modified":"2025-07-11T08:16:56","modified_gmt":"2025-07-11T08:16:56","slug":"irie-king-size-slim-extra-thin-papers","status":"publish","type":"product","link":"https:\/\/mariswiss.com\/da\/product\/irie-king-size-slim-extra-thin-papers\/","title":{"rendered":"IRIE King Size Slim Ekstra tynde papirer"},"content":{"rendered":"","protected":false},"excerpt":{"rendered":"<h2>IRIE King Size Slim Extra Thin Papers Rastafari Style<\/h2>\n<p><strong>50 ark pr. pakke!<\/strong><\/p>\n<p>King Size Slim Irie-lagner er 1000 gange genkendelige med deres Rastafari-farver, som kunderne elsker.<\/p>\n<p>Ekstremt fint papir, der er en forn\u00f8jelse at ryge. Et must, du ikke m\u00e5 g\u00e5 glip af!<\/p>","protected":false},"featured_media":18293,"comment_status":"open","ping_status":"closed","template":"","meta":{"inline_featured_image":false},"product_cat":[366,369],"product_tag":[],"class_list":{"0":"post-18292","1":"product","2":"type-product","3":"status-publish","4":"has-post-thumbnail","6":"product_brand-rasta","7":"product_cat-accessoires","8":"product_cat-feuilles-a-rouler","10":"first","11":"instock","12":"taxable","13":"shipping-taxable","14":"purchasable","15":"product-type-simple"},"jetpack_sharing_enabled":true,"_links":{"self":[{"href":"https:\/\/mariswiss.com\/da\/wp-json\/wp\/v2\/product\/18292","targetHints":{"allow":["GET"]}}],"collection":[{"href":"https:\/\/mariswiss.com\/da\/wp-json\/wp\/v2\/product"}],"about":[{"href":"https:\/\/mariswiss.com\/da\/wp-json\/wp\/v2\/types\/product"}],"replies":[{"embeddable":true,"href":"https:\/\/mariswiss.com\/da\/wp-json\/wp\/v2\/comments?post=18292"}],"wp:featuredmedia":[{"embeddable":true,"href":"https:\/\/mariswiss.com\/da\/wp-json\/wp\/v2\/media\/18293"}],"wp:attachment":[{"href":"https:\/\/mariswiss.com\/da\/wp-json\/wp\/v2\/media?parent=18292"}],"wp:term":[{"taxonomy":"product_cat","embeddable":true,"href":"https:\/\/mariswiss.com\/da\/wp-json\/wp\/v2\/product_cat?post=18292"},{"taxonomy":"product_tag","embeddable":true,"href":"https:\/\/mariswiss.com\/da\/wp-json\/wp\/v2\/product_tag?post=18292"}],"curies":[{"name":"wp","href":"https:\/\/api.w.org\/{rel}","templated":true}]}}