{"id":18296,"date":"2024-05-27T14:17:18","date_gmt":"2024-05-27T14:17:18","guid":{"rendered":"https:\/\/mariswiss.com\/?post_type=product&#038;p=18296"},"modified":"2025-07-11T08:16:26","modified_gmt":"2025-07-11T08:16:26","slug":"ocb-bamboo-king-size-slim-papers-100-bamboo","status":"publish","type":"product","link":"https:\/\/mariswiss.com\/da\/product\/ocb-bamboo-king-size-slim-papers-100-bamboo\/","title":{"rendered":"OCB BAMBUS KING SIZE SLIM PAPIRER - 100% BAMBUS"},"content":{"rendered":"","protected":false},"excerpt":{"rendered":"<h2>OCB BAMBUS KING SIZE SLIM PAPIRER<\/h2>\n<p>Her pr\u00e6senterer OCB cigaretblade lavet af 100 % bambus!<\/p>\n<p>Bambus er et hurtigt fornyende r\u00e5materiale, og det papir, der fremstilles af det, er ogs\u00e5 kendetegnet ved sin fleksibilitet og modstandsdygtighed over for rivning. Hvert h\u00e6fte indeholder 32 ark ubleget, ultrafint bambus, som br\u00e6nder j\u00e6vnt. Dette produkt er vegansk og fremstillet i Frankrig.<\/p>\n<p>I en n\u00f8ddeskal:<\/p>\n<ul>\n<li>Arkst\u00f8rrelse: 44 x 109 mm<\/li>\n<li>Ubleget og uden farvestoffer<\/li>\n<li>32 ark pr. h\u00e6fte<\/li>\n<li>50 h\u00e6fter pr. \u00e6ske<\/li>\n<\/ul>","protected":false},"featured_media":18297,"comment_status":"open","ping_status":"closed","template":"","meta":{"inline_featured_image":false},"product_cat":[366,369],"product_tag":[217],"class_list":{"0":"post-18296","1":"product","2":"type-product","3":"status-publish","4":"has-post-thumbnail","6":"product_brand-ocb","7":"product_cat-accessoires","8":"product_cat-feuilles-a-rouler","9":"product_tag-feuilles","11":"first","12":"instock","13":"taxable","14":"shipping-taxable","15":"purchasable","16":"product-type-simple"},"jetpack_sharing_enabled":true,"_links":{"self":[{"href":"https:\/\/mariswiss.com\/da\/wp-json\/wp\/v2\/product\/18296","targetHints":{"allow":["GET"]}}],"collection":[{"href":"https:\/\/mariswiss.com\/da\/wp-json\/wp\/v2\/product"}],"about":[{"href":"https:\/\/mariswiss.com\/da\/wp-json\/wp\/v2\/types\/product"}],"replies":[{"embeddable":true,"href":"https:\/\/mariswiss.com\/da\/wp-json\/wp\/v2\/comments?post=18296"}],"wp:featuredmedia":[{"embeddable":true,"href":"https:\/\/mariswiss.com\/da\/wp-json\/wp\/v2\/media\/18297"}],"wp:attachment":[{"href":"https:\/\/mariswiss.com\/da\/wp-json\/wp\/v2\/media?parent=18296"}],"wp:term":[{"taxonomy":"product_cat","embeddable":true,"href":"https:\/\/mariswiss.com\/da\/wp-json\/wp\/v2\/product_cat?post=18296"},{"taxonomy":"product_tag","embeddable":true,"href":"https:\/\/mariswiss.com\/da\/wp-json\/wp\/v2\/product_tag?post=18296"}],"curies":[{"name":"wp","href":"https:\/\/api.w.org\/{rel}","templated":true}]}}