{"id":19530,"date":"2024-10-05T09:00:06","date_gmt":"2024-10-05T09:00:06","guid":{"rendered":"https:\/\/mariswiss.com\/?post_type=product&#038;p=19530"},"modified":"2026-04-17T09:03:54","modified_gmt":"2026-04-17T09:03:54","slug":"bubble-gum-indoor-cbd","status":"publish","type":"product","link":"https:\/\/mariswiss.com\/da\/product\/bubble-gum-indoor-cbd\/","title":{"rendered":"Bubble Gum Indend\u00f8rs CBD"},"content":{"rendered":"","protected":false},"excerpt":{"rendered":"<h3>Bubble Gum Indend\u00f8rs CBD<\/h3>\n<p><strong>Oprindelse :<\/strong> Denne sort dyrkes indend\u00f8rs i Schweiz og udm\u00e6rker sig ved sine mellemstore knopper (1 til 3 cm) og sin enest\u00e5ende frugtagtige karakter.<\/p>\n<p><strong>Udseende :<\/strong> Attraktive, kompakte knopper med et lysegr\u00f8nt sk\u00e6r, overs\u00e5et med str\u00e5lende orange pistiller.<\/p>\n<p><strong>Lugt\/smag :<\/strong> En eksplosion af frugtagtig smag, der minder om tyggegummi, og som giver en unik, bl\u00f8d smagsoplevelse.<\/p>\n<p><strong>CBD-indhold \/ Effekter :<\/strong> Denne blomst har en afslappende effekt takket v\u00e6re dens h\u00f8je indhold af 21% CBD, perfekt til et \u00f8jebliks afslapning.<\/p>","protected":false},"featured_media":19535,"comment_status":"open","ping_status":"closed","template":"","meta":{"inline_featured_image":false},"product_cat":[352,353,354,15],"product_tag":[],"class_list":{"0":"post-19530","1":"product","2":"type-product","3":"status-publish","4":"has-post-thumbnail","6":"product_cat-cbd","7":"product_cat-fleurs-de-cbd","8":"product_cat-indoor","9":"product_cat-uncategorized","11":"first","12":"instock","13":"sale","14":"taxable","15":"shipping-taxable","16":"purchasable","17":"product-type-variable"},"jetpack_sharing_enabled":true,"_links":{"self":[{"href":"https:\/\/mariswiss.com\/da\/wp-json\/wp\/v2\/product\/19530","targetHints":{"allow":["GET"]}}],"collection":[{"href":"https:\/\/mariswiss.com\/da\/wp-json\/wp\/v2\/product"}],"about":[{"href":"https:\/\/mariswiss.com\/da\/wp-json\/wp\/v2\/types\/product"}],"replies":[{"embeddable":true,"href":"https:\/\/mariswiss.com\/da\/wp-json\/wp\/v2\/comments?post=19530"}],"wp:featuredmedia":[{"embeddable":true,"href":"https:\/\/mariswiss.com\/da\/wp-json\/wp\/v2\/media\/19535"}],"wp:attachment":[{"href":"https:\/\/mariswiss.com\/da\/wp-json\/wp\/v2\/media?parent=19530"}],"wp:term":[{"taxonomy":"product_cat","embeddable":true,"href":"https:\/\/mariswiss.com\/da\/wp-json\/wp\/v2\/product_cat?post=19530"},{"taxonomy":"product_tag","embeddable":true,"href":"https:\/\/mariswiss.com\/da\/wp-json\/wp\/v2\/product_tag?post=19530"}],"curies":[{"name":"wp","href":"https:\/\/api.w.org\/{rel}","templated":true}]}}