{"id":19651,"date":"2024-11-05T14:25:55","date_gmt":"2024-11-05T14:25:55","guid":{"rendered":"https:\/\/mariswiss.com\/?post_type=product&#038;p=19651"},"modified":"2026-04-17T09:03:54","modified_gmt":"2026-04-17T09:03:54","slug":"king-hassan-hsd","status":"publish","type":"product","link":"https:\/\/mariswiss.com\/da\/product\/king-hassan-hsd\/","title":{"rendered":"Kong Hassan"},"content":{"rendered":"<p>En ny tilf\u00f8jelse til vores sortiment af resiner og HSD-produkter.<\/p>\n<p>King Hassan er en kraftig, meget velduftende hash med st\u00e6rke krydrede noter. Vi har den ogs\u00e5 i vores CBD-sortiment, ufortyndet.<\/p>\n<p>Hvis du kan lide st\u00e6rke, m\u00f8rke, fugtige harpikser, s\u00e5 vil denne hash gl\u00e6de dig hver gang.<\/p>","protected":false},"excerpt":{"rendered":"<p><strong>Kong Hassan HSD<\/strong><\/p>\n<ul>\n<li>Oprindelse: Dette produkt fremstilles i laboratoriet hos vores producenter i det tysktalende Schweiz ved hj\u00e6lp af pollen fra indend\u00f8rs blomster. HSD-molekyle tilsat under tilberedningen.<\/li>\n<li>Udseende: Denne hash er m\u00f8rk, glat og let fedtet.<\/li>\n<li>Lugt\/smag: King Hassan er en hash, der er kendt over hele verden for sin karakteristiske, kraftige, pebrede lugt. N\u00e5r du br\u00e6nder den, vil du lugte den st\u00e6rke, krydrede aroma, og n\u00e5r du indtager den, vil du opleve den fulde kraft af dens terpener.<\/li>\n<li>CBD-indhold\/virkninger: Med 28% CBD og 10% HSD vil denne hash give dig en dejlig, afslappet rus, der er ret mild, men ikke ubetydelig.<\/li>\n<\/ul>\n<ul>\n<li style=\"list-style-type: none;\"><\/li>\n<\/ul>","protected":false},"featured_media":19685,"comment_status":"open","ping_status":"closed","template":"","meta":{"inline_featured_image":false},"product_cat":[352,357,360],"product_tag":[244,76],"class_list":{"0":"post-19651","1":"product","2":"type-product","3":"status-publish","4":"has-post-thumbnail","6":"product_brand-mari-swiss","7":"product_cat-cbd","8":"product_cat-resines-de-cbd","9":"product_cat-thcp","10":"product_tag-hash","11":"product_tag-indoor","13":"first","14":"instock","15":"sale","16":"taxable","17":"shipping-taxable","18":"purchasable","19":"product-type-variable","20":"has-default-attributes"},"jetpack_sharing_enabled":true,"_links":{"self":[{"href":"https:\/\/mariswiss.com\/da\/wp-json\/wp\/v2\/product\/19651","targetHints":{"allow":["GET"]}}],"collection":[{"href":"https:\/\/mariswiss.com\/da\/wp-json\/wp\/v2\/product"}],"about":[{"href":"https:\/\/mariswiss.com\/da\/wp-json\/wp\/v2\/types\/product"}],"replies":[{"embeddable":true,"href":"https:\/\/mariswiss.com\/da\/wp-json\/wp\/v2\/comments?post=19651"}],"wp:featuredmedia":[{"embeddable":true,"href":"https:\/\/mariswiss.com\/da\/wp-json\/wp\/v2\/media\/19685"}],"wp:attachment":[{"href":"https:\/\/mariswiss.com\/da\/wp-json\/wp\/v2\/media?parent=19651"}],"wp:term":[{"taxonomy":"product_cat","embeddable":true,"href":"https:\/\/mariswiss.com\/da\/wp-json\/wp\/v2\/product_cat?post=19651"},{"taxonomy":"product_tag","embeddable":true,"href":"https:\/\/mariswiss.com\/da\/wp-json\/wp\/v2\/product_tag?post=19651"}],"curies":[{"name":"wp","href":"https:\/\/api.w.org\/{rel}","templated":true}]}}