{"id":19657,"date":"2024-11-05T16:23:55","date_gmt":"2024-11-05T16:23:55","guid":{"rendered":"https:\/\/mariswiss.com\/?post_type=product&#038;p=19657"},"modified":"2025-10-28T09:50:05","modified_gmt":"2025-10-28T09:50:05","slug":"hash-bekaa-rouge","status":"publish","type":"product","link":"https:\/\/mariswiss.com\/da\/product\/hash-bekaa-rouge\/","title":{"rendered":"Hash Bekaa Red"},"content":{"rendered":"","protected":false},"excerpt":{"rendered":"<p><strong>Hash Bekaa Red<\/strong><\/p>\n<ul>\n<li>Oprindelse: Dette produkt er fremstillet i Schweiz af kryogenisk frosne lilla blomster, som giver det dets fantastiske, karakteristiske lilla farve. Den er koldpresset, hvilket fremh\u00e6ver de levende farver.<\/li>\n<li>Udseende: En bl\u00f8d, sej harpiks, der er meget let at smuldre. N\u00e6sten intet behov for varme eller ild.<\/li>\n<li>Lugt\/smag: S\u00f8de noter, der skiller sig ud, for en harpiks med smag, b\u00e5de n\u00e5r den tilberedes, og n\u00e5r den indtages.<\/li>\n<li>CBD-indhold \/ effekter: Med 25% CBD er dette en afslappende hash.<\/li>\n<\/ul>\n<ul>\n<li style=\"list-style-type: none;\"><\/li>\n<\/ul>","protected":false},"featured_media":19686,"comment_status":"open","ping_status":"closed","template":"","meta":{"inline_featured_image":false},"product_cat":[352,357],"product_tag":[244,76],"class_list":{"0":"post-19657","1":"product","2":"type-product","3":"status-publish","4":"has-post-thumbnail","6":"product_brand-mari-swiss","7":"product_cat-cbd","8":"product_cat-resines-de-cbd","9":"product_tag-hash","10":"product_tag-indoor","12":"first","13":"instock","14":"sale","15":"taxable","16":"shipping-taxable","17":"purchasable","18":"product-type-variable","19":"has-default-attributes"},"jetpack_sharing_enabled":true,"_links":{"self":[{"href":"https:\/\/mariswiss.com\/da\/wp-json\/wp\/v2\/product\/19657","targetHints":{"allow":["GET"]}}],"collection":[{"href":"https:\/\/mariswiss.com\/da\/wp-json\/wp\/v2\/product"}],"about":[{"href":"https:\/\/mariswiss.com\/da\/wp-json\/wp\/v2\/types\/product"}],"replies":[{"embeddable":true,"href":"https:\/\/mariswiss.com\/da\/wp-json\/wp\/v2\/comments?post=19657"}],"wp:featuredmedia":[{"embeddable":true,"href":"https:\/\/mariswiss.com\/da\/wp-json\/wp\/v2\/media\/19686"}],"wp:attachment":[{"href":"https:\/\/mariswiss.com\/da\/wp-json\/wp\/v2\/media?parent=19657"}],"wp:term":[{"taxonomy":"product_cat","embeddable":true,"href":"https:\/\/mariswiss.com\/da\/wp-json\/wp\/v2\/product_cat?post=19657"},{"taxonomy":"product_tag","embeddable":true,"href":"https:\/\/mariswiss.com\/da\/wp-json\/wp\/v2\/product_tag?post=19657"}],"curies":[{"name":"wp","href":"https:\/\/api.w.org\/{rel}","templated":true}]}}