{"id":20033,"date":"2025-02-25T14:43:16","date_gmt":"2025-02-25T14:43:16","guid":{"rendered":"https:\/\/mariswiss.com\/?post_type=product&#038;p=20033"},"modified":"2025-09-08T20:34:54","modified_gmt":"2025-09-08T20:34:54","slug":"black-afghan-thv","status":"publish","type":"product","link":"https:\/\/mariswiss.com\/da\/product\/black-afghan-thv\/","title":{"rendered":"Black Afghan THV"},"content":{"rendered":"","protected":false},"excerpt":{"rendered":"<p><strong>Black Afghan THV<\/strong><\/p>\n<ul>\n<li>Origine: Ce hash Black Afghan THV est fait \u00e0 partir de fleurs indoors. Le pollen est tamis\u00e9 \u00e0 100 microns, et donc cela assure une excellente qualit\u00e9 de pollen. Il est ensuite travaill\u00e9 par des sp\u00e9cialistes en r\u00e9sines CBD.<\/li>\n<li>Aspect: Une r\u00e9sine fonc\u00e9 et plut\u00f4t compacte et l\u00e9g\u00e8rement huileuse. Tr\u00e8s facile d&#8217;utilisation<\/li>\n<li>Odeur \/ Go\u00fbt: Ce hash est connu pour avoir des notes plut\u00f4t poivr\u00e9es, qui rappellent les r\u00e9sines d&#8217;antan, et les r\u00e9sines afghanes.<\/li>\n<li>Taux de CBD \/ Effets : Contenant 25% de CBD et 10% de la nouvelle mol\u00e9cule l\u00e9gale le THV, c&#8217;est une r\u00e9sine puissante et qui donne des effets forts.<\/li>\n<\/ul>\n<ul>\n<li style=\"list-style-type: none;\"><\/li>\n<\/ul>","protected":false},"featured_media":20039,"comment_status":"open","ping_status":"closed","template":"","meta":{"inline_featured_image":false},"product_cat":[357,360,362],"product_tag":[244,76,494],"class_list":{"0":"post-20033","1":"product","2":"type-product","3":"status-publish","4":"has-post-thumbnail","6":"product_brand-mari-swiss","7":"product_cat-resines-de-cbd","8":"product_cat-thcp","9":"product_cat-resines-de-thcp","10":"product_tag-hash","11":"product_tag-indoor","12":"product_tag-thv","14":"first","15":"outofstock","16":"sale","17":"taxable","18":"shipping-taxable","19":"purchasable","20":"product-type-variable","21":"has-default-attributes"},"jetpack_sharing_enabled":true,"_links":{"self":[{"href":"https:\/\/mariswiss.com\/da\/wp-json\/wp\/v2\/product\/20033","targetHints":{"allow":["GET"]}}],"collection":[{"href":"https:\/\/mariswiss.com\/da\/wp-json\/wp\/v2\/product"}],"about":[{"href":"https:\/\/mariswiss.com\/da\/wp-json\/wp\/v2\/types\/product"}],"replies":[{"embeddable":true,"href":"https:\/\/mariswiss.com\/da\/wp-json\/wp\/v2\/comments?post=20033"}],"wp:featuredmedia":[{"embeddable":true,"href":"https:\/\/mariswiss.com\/da\/wp-json\/wp\/v2\/media\/20039"}],"wp:attachment":[{"href":"https:\/\/mariswiss.com\/da\/wp-json\/wp\/v2\/media?parent=20033"}],"wp:term":[{"taxonomy":"product_cat","embeddable":true,"href":"https:\/\/mariswiss.com\/da\/wp-json\/wp\/v2\/product_cat?post=20033"},{"taxonomy":"product_tag","embeddable":true,"href":"https:\/\/mariswiss.com\/da\/wp-json\/wp\/v2\/product_tag?post=20033"}],"curies":[{"name":"wp","href":"https:\/\/api.w.org\/{rel}","templated":true}]}}