{"id":8371,"date":"2023-10-13T12:27:19","date_gmt":"2023-10-13T12:27:19","guid":{"rendered":"https:\/\/mariswiss.com\/?post_type=product&#038;p=8371"},"modified":"2025-07-11T08:19:22","modified_gmt":"2025-07-11T08:19:22","slug":"raw-connoisseur-king-size-slim-filtres","status":"publish","type":"product","link":"https:\/\/mariswiss.com\/da\/product\/raw-connoisseur-king-size-slim-filtres\/","title":{"rendered":"Raw Connoisseur King Size Slim + filtre"},"content":{"rendered":"<p>RAW King Size Slim + filtre. 2 vigtige elementer kombineret i en enkelt pakke for at g\u00f8re dit forbrug lettere. Arkene indeholder en hybridblanding af ublegede fibre (ikke bleget med klor). Papiret har en naturlig gennemskinnelig lysebrun farve. RAW er s\u00e5 tyndt, at man kan se igennem det. Hvert papir har det patenterede CrissCross-vandm\u00e6rke.<\/p>\n<p>For at sikre, at du f\u00e5r den bedst mulige smagsoplevelse, s\u00e6lger vi kun produkter af h\u00f8jeste kvalitet, kendt verden over for deres fine struktur, og frem for alt fremstillet af f\u00f8rsteklasses materialer og r\u00e5varer.<\/p>\n<p>Priserne er ogs\u00e5 meget attraktive for denne type produkter, s\u00e5 t\u00f8v ikke med at tilf\u00f8je dem til din ordre!<\/p>","protected":false},"excerpt":{"rendered":"<p><strong>32 ark og 32 filtre pr. pakke<\/strong><\/p>\n<p>Raw Connoisseur King Size Slim-ark og filtre i en enkelt pakke. RAW Connoisseur kombinerer to vigtige elementer til dit forbrug i et enkelt design.<br \/>\nRAW-papir indeholder en hybridblanding af ublegede fibre (ikke klorbleget), og papiret har en naturlig gennemskinnelig lysebrun farve. RAW er s\u00e5 tyndt, at man kan se igennem det. Hvert papir har det patenterede CrissCross-vandm\u00e6rke. Dette specielle vandm\u00e6rke forhindrer gennembl\u00f8dning og bevarer de j\u00e6vne br\u00e6ndeegenskaber, som vi er kendt for.<br \/>\nRAW-filtre er fremstillet af 100% klorfrit papir.<\/p>","protected":false},"featured_media":8372,"comment_status":"open","ping_status":"closed","template":"","meta":{"inline_featured_image":false},"product_cat":[15,366,369],"product_tag":[217,218],"class_list":{"0":"post-8371","1":"product","2":"type-product","3":"status-publish","4":"has-post-thumbnail","6":"product_brand-raw","7":"product_cat-uncategorized","8":"product_cat-accessoires","9":"product_cat-feuilles-a-rouler","10":"product_tag-feuilles","11":"product_tag-filtres","13":"first","14":"outofstock","15":"taxable","16":"shipping-taxable","17":"purchasable","18":"product-type-simple"},"jetpack_sharing_enabled":true,"_links":{"self":[{"href":"https:\/\/mariswiss.com\/da\/wp-json\/wp\/v2\/product\/8371","targetHints":{"allow":["GET"]}}],"collection":[{"href":"https:\/\/mariswiss.com\/da\/wp-json\/wp\/v2\/product"}],"about":[{"href":"https:\/\/mariswiss.com\/da\/wp-json\/wp\/v2\/types\/product"}],"replies":[{"embeddable":true,"href":"https:\/\/mariswiss.com\/da\/wp-json\/wp\/v2\/comments?post=8371"}],"wp:featuredmedia":[{"embeddable":true,"href":"https:\/\/mariswiss.com\/da\/wp-json\/wp\/v2\/media\/8372"}],"wp:attachment":[{"href":"https:\/\/mariswiss.com\/da\/wp-json\/wp\/v2\/media?parent=8371"}],"wp:term":[{"taxonomy":"product_cat","embeddable":true,"href":"https:\/\/mariswiss.com\/da\/wp-json\/wp\/v2\/product_cat?post=8371"},{"taxonomy":"product_tag","embeddable":true,"href":"https:\/\/mariswiss.com\/da\/wp-json\/wp\/v2\/product_tag?post=8371"}],"curies":[{"name":"wp","href":"https:\/\/api.w.org\/{rel}","templated":true}]}}