{"id":8380,"date":"2023-10-13T12:27:19","date_gmt":"2023-10-13T12:27:19","guid":{"rendered":"https:\/\/mariswiss.com\/?post_type=product&#038;p=8380"},"modified":"2025-09-06T04:19:27","modified_gmt":"2025-09-06T04:19:27","slug":"raw-organic-king-size-slim-filtres","status":"publish","type":"product","link":"https:\/\/mariswiss.com\/da\/product\/raw-organic-king-size-slim-filtres\/","title":{"rendered":"R\u00e5 \u00f8kologisk King Size Slim + filtre"},"content":{"rendered":"<p>RAW pr\u00e6senterer det f\u00f8rste helt \u00f8kologiske og veganske rullepapir. Fremstillet ved hj\u00e6lp af b\u00e6redygtige og \u00f8kologiske metoder.<\/p>\n<p>Et papir, der br\u00e6nder forsigtigt for at sikre kvalitetssmagning og fremragende afslapning.<\/p>\n<p>For at sikre, at du f\u00e5r den bedst mulige smagsoplevelse, s\u00e6lger vi kun produkter af h\u00f8jeste kvalitet. Anerkendt verden over for deres fine struktur, og frem for alt fremstillet af f\u00f8rsteklasses materialer og r\u00e5varer.<\/p>\n<p>Priserne er ogs\u00e5 meget attraktive for denne type produkter, s\u00e5 t\u00f8v ikke med at tilf\u00f8je dem til din ordre!<\/p>","protected":false},"excerpt":{"rendered":"<p>RAW pr\u00e6senterer det f\u00f8rste helt \u00f8kologiske og veganske rullepapir. Fremstillet ved hj\u00e6lp af b\u00e6redygtige og \u00f8kologiske metoder. Et papir, der br\u00e6nder forsigtigt for at sikre kvalitetssmagning og fremragende afslapning.<\/p>","protected":false},"featured_media":8382,"comment_status":"open","ping_status":"closed","template":"","meta":{"inline_featured_image":false},"product_cat":[15,366,369],"product_tag":[217,218],"class_list":{"0":"post-8380","1":"product","2":"type-product","3":"status-publish","4":"has-post-thumbnail","6":"product_brand-raw","7":"product_cat-uncategorized","8":"product_cat-accessoires","9":"product_cat-feuilles-a-rouler","10":"product_tag-feuilles","11":"product_tag-filtres","13":"first","14":"instock","15":"taxable","16":"shipping-taxable","17":"purchasable","18":"product-type-simple"},"jetpack_sharing_enabled":true,"_links":{"self":[{"href":"https:\/\/mariswiss.com\/da\/wp-json\/wp\/v2\/product\/8380","targetHints":{"allow":["GET"]}}],"collection":[{"href":"https:\/\/mariswiss.com\/da\/wp-json\/wp\/v2\/product"}],"about":[{"href":"https:\/\/mariswiss.com\/da\/wp-json\/wp\/v2\/types\/product"}],"replies":[{"embeddable":true,"href":"https:\/\/mariswiss.com\/da\/wp-json\/wp\/v2\/comments?post=8380"}],"wp:featuredmedia":[{"embeddable":true,"href":"https:\/\/mariswiss.com\/da\/wp-json\/wp\/v2\/media\/8382"}],"wp:attachment":[{"href":"https:\/\/mariswiss.com\/da\/wp-json\/wp\/v2\/media?parent=8380"}],"wp:term":[{"taxonomy":"product_cat","embeddable":true,"href":"https:\/\/mariswiss.com\/da\/wp-json\/wp\/v2\/product_cat?post=8380"},{"taxonomy":"product_tag","embeddable":true,"href":"https:\/\/mariswiss.com\/da\/wp-json\/wp\/v2\/product_tag?post=8380"}],"curies":[{"name":"wp","href":"https:\/\/api.w.org\/{rel}","templated":true}]}}