{"id":8384,"date":"2023-10-13T12:27:19","date_gmt":"2023-10-13T12:27:19","guid":{"rendered":"https:\/\/mariswiss.com\/?post_type=product&#038;p=8384"},"modified":"2025-11-25T20:04:45","modified_gmt":"2025-11-25T20:04:45","slug":"raw-organic-king-size-slim","status":"publish","type":"product","link":"https:\/\/mariswiss.com\/da\/product\/raw-organic-king-size-slim\/","title":{"rendered":"Raw Organic King Size Slim ( 32 ark \/ pakke )"},"content":{"rendered":"<p>RAW Organic-papir er fremstillet af naturlig, ubleget hamp. Dyrket og h\u00f8stet ved hj\u00e6lp af b\u00e6redygtige metoder. Hvert papir er markeret med et krydsformet vandm\u00e6rke. Dette specielle vandm\u00e6rke hj\u00e6lper med at forhindre dryp og holder br\u00e6ndingen s\u00e5 glat som muligt!<\/p>\n<p>Blade af f\u00f8rsteklasses kvalitet til perfekt smag!<\/p>\n<p>For at sikre, at du f\u00e5r den bedst mulige v\u00e6rdi for pengene, s\u00e6lger vi kun produkter af h\u00f8jeste kvalitet, kendt verden over for deres fine struktur, og frem for alt fremstillet af f\u00f8rsteklasses materialer og r\u00e5stoffer.<\/p>\n<p>Priserne er ogs\u00e5 meget attraktive for denne type produkter, s\u00e5 t\u00f8v ikke med at tilf\u00f8je dem til din ordre!<\/p>","protected":false},"excerpt":{"rendered":"<p><strong>32 ark pr. pakke<\/strong><\/p>\n<p>Raw Organic King Size Slim-papir er lavet af naturlig, ubleget hamp, der er dyrket og h\u00f8stet ved hj\u00e6lp af b\u00e6redygtige metoder. Hvert papir er m\u00e6rket med et krydsformet vandm\u00e6rke: dette specielle vandm\u00e6rke hj\u00e6lper med at forhindre dryp og holder forbr\u00e6ndingen s\u00e5 glat som muligt!<\/p>\n<p>Blade af f\u00f8rsteklasses kvalitet til perfekt smag!<\/p>","protected":false},"featured_media":8385,"comment_status":"open","ping_status":"closed","template":"","meta":{"inline_featured_image":false},"product_cat":[15,366,369],"product_tag":[217,218],"class_list":{"0":"post-8384","1":"product","2":"type-product","3":"status-publish","4":"has-post-thumbnail","6":"product_brand-raw","7":"product_cat-uncategorized","8":"product_cat-accessoires","9":"product_cat-feuilles-a-rouler","10":"product_tag-feuilles","11":"product_tag-filtres","13":"first","14":"instock","15":"taxable","16":"shipping-taxable","17":"purchasable","18":"product-type-simple"},"jetpack_sharing_enabled":true,"_links":{"self":[{"href":"https:\/\/mariswiss.com\/da\/wp-json\/wp\/v2\/product\/8384","targetHints":{"allow":["GET"]}}],"collection":[{"href":"https:\/\/mariswiss.com\/da\/wp-json\/wp\/v2\/product"}],"about":[{"href":"https:\/\/mariswiss.com\/da\/wp-json\/wp\/v2\/types\/product"}],"replies":[{"embeddable":true,"href":"https:\/\/mariswiss.com\/da\/wp-json\/wp\/v2\/comments?post=8384"}],"wp:featuredmedia":[{"embeddable":true,"href":"https:\/\/mariswiss.com\/da\/wp-json\/wp\/v2\/media\/8385"}],"wp:attachment":[{"href":"https:\/\/mariswiss.com\/da\/wp-json\/wp\/v2\/media?parent=8384"}],"wp:term":[{"taxonomy":"product_cat","embeddable":true,"href":"https:\/\/mariswiss.com\/da\/wp-json\/wp\/v2\/product_cat?post=8384"},{"taxonomy":"product_tag","embeddable":true,"href":"https:\/\/mariswiss.com\/da\/wp-json\/wp\/v2\/product_tag?post=8384"}],"curies":[{"name":"wp","href":"https:\/\/api.w.org\/{rel}","templated":true}]}}