{"id":8455,"date":"2021-08-10T16:21:44","date_gmt":"2021-08-10T16:21:44","guid":{"rendered":"https:\/\/mariswiss.com\/?post_type=product&#038;p=8455"},"modified":"2025-11-10T17:56:31","modified_gmt":"2025-11-10T17:56:31","slug":"feuilles-a-rouler-greengo-unbleached-slim-rolls","status":"publish","type":"product","link":"https:\/\/mariswiss.com\/da\/product\/feuilles-a-rouler-greengo-unbleached-slim-rolls\/","title":{"rendered":"Greengo ublegede tynde ruller"},"content":{"rendered":"<p>Greengo Slim-ruller er ublegede, klorfri og fremstillet af cellulose.<br \/>\nHver rulle indeholder 4 meter sammenh\u00e6ngende papir, som kan rives til den \u00f8nskede l\u00e6ngde.<br \/>\nBredde: 44 mm.<br \/>\nL\u00e6ngde: 4 m<br \/>\nFremstillet i EU.<\/p>\n<p>For at sikre, at du f\u00e5r den bedst mulige smagsoplevelse, s\u00e6lger vi kun produkter af h\u00f8jeste kvalitet. De er verdenskendte for deres fine struktur, og frem for alt er de fremstillet af f\u00f8rsteklasses materialer og r\u00e5varer.<\/p>\n<p>Priserne er ogs\u00e5 meget attraktive for denne type produkter, s\u00e5 t\u00f8v ikke med at tilf\u00f8je dem til din ordre!<\/p>","protected":false},"excerpt":{"rendered":"<p>Greengo Unbleached Slim Rolls er ublegede, klorfri og fremstillet af cellulose.<br \/>\nHver rulle indeholder 4 meter sammenh\u00e6ngende papir, som kan rives til den \u00f8nskede l\u00e6ngde.<br \/>\nBredde: 44 mm.<br \/>\nL\u00e6ngde: 4 m<br \/>\nFremstillet i EU.<\/p>","protected":false},"featured_media":8456,"comment_status":"open","ping_status":"closed","template":"","meta":{"inline_featured_image":false},"product_cat":[15,366,369],"product_tag":[217,218],"class_list":{"0":"post-8455","1":"product","2":"type-product","3":"status-publish","4":"has-post-thumbnail","6":"product_brand-greengo","7":"product_cat-uncategorized","8":"product_cat-accessoires","9":"product_cat-feuilles-a-rouler","10":"product_tag-feuilles","11":"product_tag-filtres","13":"first","14":"outofstock","15":"taxable","16":"shipping-taxable","17":"purchasable","18":"product-type-simple"},"jetpack_sharing_enabled":true,"_links":{"self":[{"href":"https:\/\/mariswiss.com\/da\/wp-json\/wp\/v2\/product\/8455","targetHints":{"allow":["GET"]}}],"collection":[{"href":"https:\/\/mariswiss.com\/da\/wp-json\/wp\/v2\/product"}],"about":[{"href":"https:\/\/mariswiss.com\/da\/wp-json\/wp\/v2\/types\/product"}],"replies":[{"embeddable":true,"href":"https:\/\/mariswiss.com\/da\/wp-json\/wp\/v2\/comments?post=8455"}],"wp:featuredmedia":[{"embeddable":true,"href":"https:\/\/mariswiss.com\/da\/wp-json\/wp\/v2\/media\/8456"}],"wp:attachment":[{"href":"https:\/\/mariswiss.com\/da\/wp-json\/wp\/v2\/media?parent=8455"}],"wp:term":[{"taxonomy":"product_cat","embeddable":true,"href":"https:\/\/mariswiss.com\/da\/wp-json\/wp\/v2\/product_cat?post=8455"},{"taxonomy":"product_tag","embeddable":true,"href":"https:\/\/mariswiss.com\/da\/wp-json\/wp\/v2\/product_tag?post=8455"}],"curies":[{"name":"wp","href":"https:\/\/api.w.org\/{rel}","templated":true}]}}