{"id":8460,"date":"2023-10-13T12:27:46","date_gmt":"2023-10-13T12:27:46","guid":{"rendered":"https:\/\/mariswiss.com\/?post_type=product&#038;p=8460"},"modified":"2025-07-11T08:19:22","modified_gmt":"2025-07-11T08:19:22","slug":"filtres-raw-wide-hemp-cotton-25mm","status":"publish","type":"product","link":"https:\/\/mariswiss.com\/da\/product\/filtres-raw-wide-hemp-cotton-25mm\/","title":{"rendered":"R\u00e5 bred hampebomuld 25 mm filtre"},"content":{"rendered":"<p>Raw har altid lavet fremragende papir uden kemikalier eller blegemidler. Nu har de tilf\u00f8jet perforering til denne vidunderlige evne!<br \/>\nRaw Perforated Tips betyder, at du ikke l\u00e6ngere har en undskyldning for at rulle en cigaret af d\u00e5rlig kvalitet. Perforeringerne kan b\u00f8jes for at skabe en \"z\"-form i kaffekanden. Det g\u00f8r din r\u00f8g endnu k\u00f8ligere.<br \/>\nSpidserne er bredere end normalt, hvilket \u00f8ger afk\u00f8lingen yderligere og g\u00f8r dem ideelle til meget store cigaretter.<br \/>\nFremstillet af naturlige hamp- og bomuldsfibre.<\/p>\n<p>For at sikre, at du f\u00e5r den bedst mulige smagsoplevelse, s\u00e6lger vi kun produkter af h\u00f8jeste kvalitet. De er verdenskendte for deres struktur, og frem for alt er de fremstillet af f\u00f8rsteklasses materialer og r\u00e5varer.<\/p>\n<p>Priserne er ogs\u00e5 meget attraktive for denne type produkter, s\u00e5 t\u00f8v ikke med at tilf\u00f8je dem til din ordre!<\/p>","protected":false},"excerpt":{"rendered":"<p>Ekstra store r\u00e5 nibs<br \/>\nPerforeret for nem rulning<br \/>\nSt\u00f8rrelse: 55x25mm<br \/>\n50 spidser pr. h\u00e6fte<\/p>\n<p>Z-fold for endnu bedre r\u00f8gfiltrering<\/p>","protected":false},"featured_media":8461,"comment_status":"open","ping_status":"closed","template":"","meta":{"inline_featured_image":false},"product_cat":[15,366,368],"product_tag":[217,218],"class_list":{"0":"post-8460","1":"product","2":"type-product","3":"status-publish","4":"has-post-thumbnail","6":"product_brand-raw","7":"product_cat-uncategorized","8":"product_cat-accessoires","9":"product_cat-filtres","10":"product_tag-feuilles","11":"product_tag-filtres","13":"first","14":"instock","15":"taxable","16":"shipping-taxable","17":"purchasable","18":"product-type-simple"},"jetpack_sharing_enabled":true,"_links":{"self":[{"href":"https:\/\/mariswiss.com\/da\/wp-json\/wp\/v2\/product\/8460","targetHints":{"allow":["GET"]}}],"collection":[{"href":"https:\/\/mariswiss.com\/da\/wp-json\/wp\/v2\/product"}],"about":[{"href":"https:\/\/mariswiss.com\/da\/wp-json\/wp\/v2\/types\/product"}],"replies":[{"embeddable":true,"href":"https:\/\/mariswiss.com\/da\/wp-json\/wp\/v2\/comments?post=8460"}],"wp:featuredmedia":[{"embeddable":true,"href":"https:\/\/mariswiss.com\/da\/wp-json\/wp\/v2\/media\/8461"}],"wp:attachment":[{"href":"https:\/\/mariswiss.com\/da\/wp-json\/wp\/v2\/media?parent=8460"}],"wp:term":[{"taxonomy":"product_cat","embeddable":true,"href":"https:\/\/mariswiss.com\/da\/wp-json\/wp\/v2\/product_cat?post=8460"},{"taxonomy":"product_tag","embeddable":true,"href":"https:\/\/mariswiss.com\/da\/wp-json\/wp\/v2\/product_tag?post=8460"}],"curies":[{"name":"wp","href":"https:\/\/api.w.org\/{rel}","templated":true}]}}