{"id":8817,"date":"2023-10-13T12:28:18","date_gmt":"2023-10-13T12:28:18","guid":{"rendered":"https:\/\/mariswiss.com\/?post_type=product&#038;p=8817"},"modified":"2025-07-11T08:18:41","modified_gmt":"2025-07-11T08:18:41","slug":"blunt-wrap-double-platinum-maroon-french-vanilla","status":"publish","type":"product","link":"https:\/\/mariswiss.com\/da\/product\/blunt-wrap-double-platinum-maroon-french-vanilla\/","title":{"rendered":"Blunt Wrap Double Platinum Maroon | Wet Cherry"},"content":{"rendered":"<p>Blunt er en\u00a0<b>type cigaretpapir<\/b>\u00a0og et udtryk, der bruges til at beskrive<i>\u00a0store led.\u00a0<\/i>Et stumpt blad er et\u00a0<b><a href=\"https:\/\/mariswiss.com\/da\/product\/blunt-wrap-double-platinum-purple\/\">naturligt tobaksblad<\/a>,\u00a0<\/b>som kan smages til for at tilf\u00f8je ekstra smag til vores mad. <a href=\"https:\/\/mariswiss.com\/da\/7808-2\/\">cannabis<\/a>.<\/p>\n<p>Amerikanske rappere og hiphop-sangere var de f\u00f8rste til at bruge dette udtryk.<b>\u00a0rullepapir til at lave samlingerne.<\/b>\u00a0Det var en god m\u00e5de at g\u00e5 ubem\u00e6rket hen p\u00e5, fordi det<i>\u00a0lignede mere en Cohiba-cigar produceret i Cuba<\/i>.<\/p>","protected":false},"excerpt":{"rendered":"<p><strong><a href=\"https:\/\/mariswiss.com\/da\/product\/blunt-wrap-double-platinum-yellow-mello-mango\/\">2 stumper<\/a> pr. pakke<\/strong><br \/>\n<strong>Maroon\"-smag - Wet Cherry\u00a0<\/strong><br \/>\nNyd vores andre smagsvarianter af <a href=\"https:\/\/mariswiss.com\/da\/product\/blunt-wrap-double-platinum-green-apple-martini\/\">Stump wrap<\/a>.<br \/>\nFrugtagtig, <a href=\"https:\/\/mariswiss.com\/da\/product\/blunt-wrap-double-platinum-blue-blueberry-burst\/\">eksotisk<\/a>s\u00f8dt - der er noget for enhver smag!<br \/>\nEn autentisk caribisk rygenydelse, fremstillet i Den Dominikanske Republik.<\/p>","protected":false},"featured_media":8979,"comment_status":"open","ping_status":"closed","template":"","meta":{"inline_featured_image":false},"product_cat":[15,366,367],"product_tag":[217,218],"class_list":{"0":"post-8817","1":"product","2":"type-product","3":"status-publish","4":"has-post-thumbnail","6":"product_brand-blunt-wrap-double-platinum","7":"product_brand-mari-swiss","8":"product_cat-uncategorized","9":"product_cat-accessoires","10":"product_cat-blunt","11":"product_tag-feuilles","12":"product_tag-filtres","14":"first","15":"outofstock","16":"taxable","17":"shipping-taxable","18":"purchasable","19":"product-type-variable"},"jetpack_sharing_enabled":true,"_links":{"self":[{"href":"https:\/\/mariswiss.com\/da\/wp-json\/wp\/v2\/product\/8817","targetHints":{"allow":["GET"]}}],"collection":[{"href":"https:\/\/mariswiss.com\/da\/wp-json\/wp\/v2\/product"}],"about":[{"href":"https:\/\/mariswiss.com\/da\/wp-json\/wp\/v2\/types\/product"}],"replies":[{"embeddable":true,"href":"https:\/\/mariswiss.com\/da\/wp-json\/wp\/v2\/comments?post=8817"}],"wp:featuredmedia":[{"embeddable":true,"href":"https:\/\/mariswiss.com\/da\/wp-json\/wp\/v2\/media\/8979"}],"wp:attachment":[{"href":"https:\/\/mariswiss.com\/da\/wp-json\/wp\/v2\/media?parent=8817"}],"wp:term":[{"taxonomy":"product_cat","embeddable":true,"href":"https:\/\/mariswiss.com\/da\/wp-json\/wp\/v2\/product_cat?post=8817"},{"taxonomy":"product_tag","embeddable":true,"href":"https:\/\/mariswiss.com\/da\/wp-json\/wp\/v2\/product_tag?post=8817"}],"curies":[{"name":"wp","href":"https:\/\/api.w.org\/{rel}","templated":true}]}}