{"id":8826,"date":"2023-10-13T12:28:58","date_gmt":"2023-10-13T12:28:58","guid":{"rendered":"https:\/\/mariswiss.com\/?post_type=product&#038;p=8826"},"modified":"2026-01-10T15:06:29","modified_gmt":"2026-01-10T15:06:29","slug":"filtres-the-bulldog-natural-brown-slim","status":"publish","type":"product","link":"https:\/\/mariswiss.com\/da\/product\/filtres-the-bulldog-natural-brown-slim\/","title":{"rendered":"The Bulldog Naturbrune tynde filtre"},"content":{"rendered":"<p>For at sikre, at du f\u00e5r den bedst mulige smagsoplevelse, s\u00e6lger vi kun produkter af h\u00f8jeste kvalitet. De er verdenskendte for deres struktur, og frem for alt er de fremstillet af f\u00f8rsteklasses materialer og r\u00e5varer.<\/p>\n<p>Priserne er ogs\u00e5 meget attraktive for denne type produkter, s\u00e5 t\u00f8v ikke med at tilf\u00f8je dem til din ordre!<\/p>","protected":false},"excerpt":{"rendered":"<p><strong>Bulldog Natural Brown Slim-filtre.<\/strong><\/p>\n<p>Disse filtre fra den hollandske kultkaffebutik 'The Bulldog' er ublegede, hvilket giver dem en naturlig brun farve. De er ogs\u00e5 perforerede, hvilket g\u00f8r dem meget nemme at rulle. Til milj\u00f8venlig rygeforn\u00f8jelse!<\/p>\n<p><strong>Dimensioner: 59x20mm<\/strong><\/p>\n<p><strong>33 filtre \/ notesbog<\/strong><\/p>","protected":false},"featured_media":9094,"comment_status":"open","ping_status":"closed","template":"","meta":{"inline_featured_image":false},"product_cat":[15,366,368],"product_tag":[217,218],"class_list":{"0":"post-8826","1":"product","2":"type-product","3":"status-publish","4":"has-post-thumbnail","6":"product_brand-bulldog","7":"product_cat-uncategorized","8":"product_cat-accessoires","9":"product_cat-filtres","10":"product_tag-feuilles","11":"product_tag-filtres","13":"first","14":"instock","15":"taxable","16":"shipping-taxable","17":"purchasable","18":"product-type-simple"},"jetpack_sharing_enabled":true,"_links":{"self":[{"href":"https:\/\/mariswiss.com\/da\/wp-json\/wp\/v2\/product\/8826","targetHints":{"allow":["GET"]}}],"collection":[{"href":"https:\/\/mariswiss.com\/da\/wp-json\/wp\/v2\/product"}],"about":[{"href":"https:\/\/mariswiss.com\/da\/wp-json\/wp\/v2\/types\/product"}],"replies":[{"embeddable":true,"href":"https:\/\/mariswiss.com\/da\/wp-json\/wp\/v2\/comments?post=8826"}],"wp:featuredmedia":[{"embeddable":true,"href":"https:\/\/mariswiss.com\/da\/wp-json\/wp\/v2\/media\/9094"}],"wp:attachment":[{"href":"https:\/\/mariswiss.com\/da\/wp-json\/wp\/v2\/media?parent=8826"}],"wp:term":[{"taxonomy":"product_cat","embeddable":true,"href":"https:\/\/mariswiss.com\/da\/wp-json\/wp\/v2\/product_cat?post=8826"},{"taxonomy":"product_tag","embeddable":true,"href":"https:\/\/mariswiss.com\/da\/wp-json\/wp\/v2\/product_tag?post=8826"}],"curies":[{"name":"wp","href":"https:\/\/api.w.org\/{rel}","templated":true}]}}