{"id":8847,"date":"2023-10-13T12:28:58","date_gmt":"2023-10-13T12:28:58","guid":{"rendered":"https:\/\/mariswiss.com\/?post_type=product&#038;p=8847"},"modified":"2025-07-11T08:18:32","modified_gmt":"2025-07-11T08:18:32","slug":"filtres-a-charbon-active-actitube-extra-slim-6mm","status":"publish","type":"product","link":"https:\/\/mariswiss.com\/da\/product\/filtres-a-charbon-active-actitube-extra-slim-6mm\/","title":{"rendered":"Actitube| Extra Slim 6 mm aktive kulfiltre"},"content":{"rendered":"<p>- Filterets dimensioner: 6 x 27 mm<br \/>\n- Keramiske h\u00e6tter p\u00e5 begge sider<br \/>\n- 50 filtre pr. pakke<\/p>\n<p><strong>Vintertips :<\/strong><\/p>\n<p>Ved temperaturer under 5\u00b0C kan filteret blive blokeret. Det skyldes kondensering af r\u00f8g inde i filteret.<\/p>\n<p>Derfor er det tilr\u00e5deligt at ryge indend\u00f8rs i den kolde \u00e5rstid eller at holde r\u00f8gen ude af huset.\u00a0<a href=\"https:\/\/mariswiss.com\/da\/product-category\/accessoires\/filtres\/\">filter<\/a>\u00a0indtil du t\u00e6nder for den.<\/p>\n<p>For at sikre, at du f\u00e5r den bedst mulige smagsoplevelse, s\u00e6lger vi kun produkter af h\u00f8jeste kvalitet. Der bruges f\u00f8rsteklasses materialer til at fremstille dem, og de er anerkendt over hele verden.<\/p>\n<p>Priserne er ogs\u00e5 meget attraktive for denne type produkter, s\u00e5 t\u00f8v ikke med at tilf\u00f8je dem til din ordre!<\/p>","protected":false},"excerpt":{"rendered":"<p>Kulfiltre <a href=\"https:\/\/mariswiss.com\/da\/product\/filtres-a-charbon-active-actitube-slim-compact-travel-size\/\"><strong>ActiTube<\/strong><\/a> <strong>Ekstra<\/strong> <strong>Slank<\/strong>\u00a0er designet til at filtrere en stor del af de skadelige stoffer fra ved hj\u00e6lp af aktivt kul.<\/p>\n<p>Til disse filtre har actiTube reduceret fyldningsgraden. Det betyder, at beskyttelsen af luftvejene er reduceret, men du f\u00e5r stadig den FULDE SMAG af at ryge dine roll-ups.<\/p>\n<p>Den har den s\u00e6rlige egenskab, at den bevarer visse elementer som nikotin og tj\u00e6re, der dannes, n\u00e5r cigaretter br\u00e6ndes, samt andre skadelige stoffer.<\/p>\n<p>N\u00e5r r\u00f8gen passerer gennem et aktivt kulfilter, kl\u00e6ber meget af den skadelige tj\u00e6re i r\u00f8gen til det aktive kul.<\/p>\n<p>R\u00f8gen er mindre skadelig, afk\u00f8let af en keramisk spids, som g\u00f8r den bl\u00f8dere, smagen af tobak er d\u00e6mpet, men ikke smagen af hash, og 'hit'-effekten er ikke \u00e6ndret.<\/p>","protected":false},"featured_media":9974,"comment_status":"open","ping_status":"closed","template":"","meta":{"inline_featured_image":false},"product_cat":[15,366,368],"product_tag":[217,218],"class_list":{"0":"post-8847","1":"product","2":"type-product","3":"status-publish","4":"has-post-thumbnail","6":"product_brand-actitube","7":"product_cat-uncategorized","8":"product_cat-accessoires","9":"product_cat-filtres","10":"product_tag-feuilles","11":"product_tag-filtres","13":"first","14":"instock","15":"sale","16":"taxable","17":"shipping-taxable","18":"purchasable","19":"product-type-simple"},"jetpack_sharing_enabled":true,"_links":{"self":[{"href":"https:\/\/mariswiss.com\/da\/wp-json\/wp\/v2\/product\/8847","targetHints":{"allow":["GET"]}}],"collection":[{"href":"https:\/\/mariswiss.com\/da\/wp-json\/wp\/v2\/product"}],"about":[{"href":"https:\/\/mariswiss.com\/da\/wp-json\/wp\/v2\/types\/product"}],"replies":[{"embeddable":true,"href":"https:\/\/mariswiss.com\/da\/wp-json\/wp\/v2\/comments?post=8847"}],"wp:featuredmedia":[{"embeddable":true,"href":"https:\/\/mariswiss.com\/da\/wp-json\/wp\/v2\/media\/9974"}],"wp:attachment":[{"href":"https:\/\/mariswiss.com\/da\/wp-json\/wp\/v2\/media?parent=8847"}],"wp:term":[{"taxonomy":"product_cat","embeddable":true,"href":"https:\/\/mariswiss.com\/da\/wp-json\/wp\/v2\/product_cat?post=8847"},{"taxonomy":"product_tag","embeddable":true,"href":"https:\/\/mariswiss.com\/da\/wp-json\/wp\/v2\/product_tag?post=8847"}],"curies":[{"name":"wp","href":"https:\/\/api.w.org\/{rel}","templated":true}]}}