{"id":8850,"date":"2023-10-13T12:28:57","date_gmt":"2023-10-13T12:28:57","guid":{"rendered":"https:\/\/mariswiss.com\/?post_type=product&#038;p=8850"},"modified":"2025-07-11T08:18:33","modified_gmt":"2025-07-11T08:18:33","slug":"filtres-gizeh-slim","status":"publish","type":"product","link":"https:\/\/mariswiss.com\/da\/product\/filtres-gizeh-slim\/","title":{"rendered":"GIZEH Slim-filtre"},"content":{"rendered":"<p>Gizeh er et tysk m\u00e6rke, der har specialiseret sig i alt til rygere. Deres tilstedev\u00e6relse p\u00e5 markedet i \u00e5rtier har gjort det muligt for dem at opn\u00e5 uovertruffen ekspertise p\u00e5 dette omr\u00e5de.<\/p>\n<p>For at sikre, at du f\u00e5r den bedst mulige smagsoplevelse, s\u00e6lger vi kun produkter af h\u00f8jeste kvalitet. De er verdenskendte for deres struktur, og frem for alt er de fremstillet af f\u00f8rsteklasses materialer og r\u00e5varer.<\/p>\n<p>Priserne er ogs\u00e5 meget attraktive for denne type produkter, s\u00e5 t\u00f8v ikke med at tilf\u00f8je dem til din ordre!<\/p>","protected":false},"excerpt":{"rendered":"<p>- Dimensioner: 20 x 60 mm<br \/>\n- Perforeret<br \/>\n- Ingen klor eller kemikalier<br \/>\n- 35 filtre \/ pakke<\/p>","protected":false},"featured_media":9092,"comment_status":"open","ping_status":"closed","template":"","meta":{"inline_featured_image":false},"product_cat":[15,366,368],"product_tag":[217,218],"class_list":{"0":"post-8850","1":"product","2":"type-product","3":"status-publish","4":"has-post-thumbnail","6":"product_brand-gizeh","7":"product_cat-uncategorized","8":"product_cat-accessoires","9":"product_cat-filtres","10":"product_tag-feuilles","11":"product_tag-filtres","13":"first","14":"instock","15":"taxable","16":"shipping-taxable","17":"purchasable","18":"product-type-simple"},"jetpack_sharing_enabled":true,"_links":{"self":[{"href":"https:\/\/mariswiss.com\/da\/wp-json\/wp\/v2\/product\/8850","targetHints":{"allow":["GET"]}}],"collection":[{"href":"https:\/\/mariswiss.com\/da\/wp-json\/wp\/v2\/product"}],"about":[{"href":"https:\/\/mariswiss.com\/da\/wp-json\/wp\/v2\/types\/product"}],"replies":[{"embeddable":true,"href":"https:\/\/mariswiss.com\/da\/wp-json\/wp\/v2\/comments?post=8850"}],"wp:featuredmedia":[{"embeddable":true,"href":"https:\/\/mariswiss.com\/da\/wp-json\/wp\/v2\/media\/9092"}],"wp:attachment":[{"href":"https:\/\/mariswiss.com\/da\/wp-json\/wp\/v2\/media?parent=8850"}],"wp:term":[{"taxonomy":"product_cat","embeddable":true,"href":"https:\/\/mariswiss.com\/da\/wp-json\/wp\/v2\/product_cat?post=8850"},{"taxonomy":"product_tag","embeddable":true,"href":"https:\/\/mariswiss.com\/da\/wp-json\/wp\/v2\/product_tag?post=8850"}],"curies":[{"name":"wp","href":"https:\/\/api.w.org\/{rel}","templated":true}]}}