{"id":9739,"date":"2023-10-12T13:52:56","date_gmt":"2023-10-12T13:52:56","guid":{"rendered":"https:\/\/mariswiss.com\/?post_type=product&#038;p=9739"},"modified":"2025-07-11T08:19:28","modified_gmt":"2025-07-11T08:19:28","slug":"seda-filtres-bio","status":"publish","type":"product","link":"https:\/\/mariswiss.com\/da\/product\/seda-filtres-bio\/","title":{"rendered":"SEDA Biofiltre"},"content":{"rendered":"<p>SEDA Bio-filtre er helt \u00f8kologiske. De er lavet af amarantfr\u00f8, er gode for planeten og g\u00f8r din smagning endnu mere speciel.<\/p>\n<p>Ca. 35 filtre pr. pakke.<\/p>\n<p>En lille pris for et symbolsk tilbeh\u00f8r.<\/p>\n<p>Alt vores tilbeh\u00f8r og relaterede produkter er n\u00f8je udvalgt efter deres sammens\u00e6tning, omd\u00f8mme og anvendelse. P\u00e5 vores side finder du kun referencem\u00e6rker, der bringer gode minder frem.<\/p>","protected":false},"excerpt":{"rendered":"<p>SEDA Bio-filtre er helt \u00f8kologiske. De er lavet af amarantfr\u00f8, er gode for planeten og g\u00f8r din smagning endnu mere speciel.<\/p>\n<p>Ca. 35 filtre pr. pakke.<\/p>\n<p>En lille pris for et symbolsk tilbeh\u00f8r.<\/p>","protected":false},"featured_media":0,"comment_status":"open","ping_status":"closed","template":"","meta":{"inline_featured_image":false},"product_cat":[15,366,368],"product_tag":[218],"class_list":{"0":"post-9739","1":"product","2":"type-product","3":"status-publish","5":"product_brand-seda","6":"product_cat-uncategorized","7":"product_cat-accessoires","8":"product_cat-filtres","9":"product_tag-filtres","11":"first","12":"instock","13":"taxable","14":"shipping-taxable","15":"purchasable","16":"product-type-simple"},"jetpack_sharing_enabled":true,"_links":{"self":[{"href":"https:\/\/mariswiss.com\/da\/wp-json\/wp\/v2\/product\/9739","targetHints":{"allow":["GET"]}}],"collection":[{"href":"https:\/\/mariswiss.com\/da\/wp-json\/wp\/v2\/product"}],"about":[{"href":"https:\/\/mariswiss.com\/da\/wp-json\/wp\/v2\/types\/product"}],"replies":[{"embeddable":true,"href":"https:\/\/mariswiss.com\/da\/wp-json\/wp\/v2\/comments?post=9739"}],"wp:attachment":[{"href":"https:\/\/mariswiss.com\/da\/wp-json\/wp\/v2\/media?parent=9739"}],"wp:term":[{"taxonomy":"product_cat","embeddable":true,"href":"https:\/\/mariswiss.com\/da\/wp-json\/wp\/v2\/product_cat?post=9739"},{"taxonomy":"product_tag","embeddable":true,"href":"https:\/\/mariswiss.com\/da\/wp-json\/wp\/v2\/product_tag?post=9739"}],"curies":[{"name":"wp","href":"https:\/\/api.w.org\/{rel}","templated":true}]}}