{"id":9750,"date":"2023-10-12T13:52:55","date_gmt":"2023-10-12T13:52:55","guid":{"rendered":"https:\/\/mariswiss.com\/?post_type=product&#038;p=9750"},"modified":"2025-07-11T08:19:33","modified_gmt":"2025-07-11T08:19:33","slug":"gizeh-feuilles-bio","status":"publish","type":"product","link":"https:\/\/mariswiss.com\/da\/product\/gizeh-feuilles-bio\/","title":{"rendered":"Gizeh 100% \u00d8kologiske blade King size slim + filtre"},"content":{"rendered":"<p>Disse Gizeh 100% \u00f8kologiske lagner er en subtil blanding af King Size Slim-lagner, lavet af ubleget hamp fra certificeret \u00f8kologisk landbrug, og matchende spidser fra GIZEH pure-serien.<\/p>\n<p>Kartonernes spidser kan foldes for at g\u00f8re filtreringen mere effektiv.<\/p>\n<p>Papiret er ultratyndt og let gennemsigtigt, br\u00e6nder langsomt og j\u00e6vnt og giver en perfekt smag.<\/p>\n<p>VEGAN-venligt produkt.<\/p>","protected":false},"excerpt":{"rendered":"<p>Disse Gizeh 100% \u00f8kologiske lagner er en subtil blanding af King Size Slim-lagner, lavet af ubleget hamp fra certificeret \u00f8kologisk landbrug, og matchende spidser fra GIZEH pure-serien.<\/p>\n<ul>\n<li>arkst\u00f8rrelse: 44*107 mm<\/li>\n<li>filterm\u00e5l: 24*54 mm<\/li>\n<li>34 ark og filtre \/ pakke<\/li>\n<\/ul>","protected":false},"featured_media":9751,"comment_status":"open","ping_status":"closed","template":"","meta":{"inline_featured_image":false},"product_cat":[15,366,369],"product_tag":[217],"class_list":{"0":"post-9750","1":"product","2":"type-product","3":"status-publish","4":"has-post-thumbnail","6":"product_brand-gizeh","7":"product_cat-uncategorized","8":"product_cat-accessoires","9":"product_cat-feuilles-a-rouler","10":"product_tag-feuilles","12":"first","13":"instock","14":"taxable","15":"shipping-taxable","16":"purchasable","17":"product-type-simple"},"jetpack_sharing_enabled":true,"_links":{"self":[{"href":"https:\/\/mariswiss.com\/da\/wp-json\/wp\/v2\/product\/9750","targetHints":{"allow":["GET"]}}],"collection":[{"href":"https:\/\/mariswiss.com\/da\/wp-json\/wp\/v2\/product"}],"about":[{"href":"https:\/\/mariswiss.com\/da\/wp-json\/wp\/v2\/types\/product"}],"replies":[{"embeddable":true,"href":"https:\/\/mariswiss.com\/da\/wp-json\/wp\/v2\/comments?post=9750"}],"wp:featuredmedia":[{"embeddable":true,"href":"https:\/\/mariswiss.com\/da\/wp-json\/wp\/v2\/media\/9751"}],"wp:attachment":[{"href":"https:\/\/mariswiss.com\/da\/wp-json\/wp\/v2\/media?parent=9750"}],"wp:term":[{"taxonomy":"product_cat","embeddable":true,"href":"https:\/\/mariswiss.com\/da\/wp-json\/wp\/v2\/product_cat?post=9750"},{"taxonomy":"product_tag","embeddable":true,"href":"https:\/\/mariswiss.com\/da\/wp-json\/wp\/v2\/product_tag?post=9750"}],"curies":[{"name":"wp","href":"https:\/\/api.w.org\/{rel}","templated":true}]}}