{"id":9765,"date":"2023-10-12T13:52:55","date_gmt":"2023-10-12T13:52:55","guid":{"rendered":"https:\/\/mariswiss.com\/?post_type=product&#038;p=9765"},"modified":"2025-07-11T08:19:32","modified_gmt":"2025-07-11T08:19:32","slug":"ocb-xpert-slim-fit-king-size","status":"publish","type":"product","link":"https:\/\/mariswiss.com\/da\/product\/ocb-xpert-slim-fit-king-size\/","title":{"rendered":"OCB X-Pert Slim Fit, ultratynde King Size Slim-lagner"},"content":{"rendered":"<p>OCB X-pert Slim fit lagner er s\u00e5 tynde, at hvis de var endnu tyndere, ville de v\u00e6re usynlige!<\/p>\n<p>Deres tyndhed g\u00f8r dem n\u00e6sten gennemsigtige. De er ideelle til langsom, ensartet forbr\u00e6nding<\/p>\n<p>&nbsp;<\/p>\n<p>&nbsp;<\/p>","protected":false},"excerpt":{"rendered":"<p>OCB X-pert Slim fit lagner er s\u00e5 tynde, at hvis de var endnu tyndere, ville de v\u00e6re usynlige!<\/p>\n<p>Deres tyndhed g\u00f8r dem n\u00e6sten gennemsigtige. De er ideelle til langsom, ensartet forbr\u00e6nding<\/p>\n<ul>\n<li>st\u00f8rrelse: 40*109 mm ca.<\/li>\n<li>arabisk gummi 100% naturlig<\/li>\n<li>32 ark \/ pakke<\/li>\n<\/ul>","protected":false},"featured_media":9766,"comment_status":"open","ping_status":"closed","template":"","meta":{"inline_featured_image":false},"product_cat":[15,366,369],"product_tag":[217],"class_list":{"0":"post-9765","1":"product","2":"type-product","3":"status-publish","4":"has-post-thumbnail","6":"product_brand-ocb","7":"product_cat-uncategorized","8":"product_cat-accessoires","9":"product_cat-feuilles-a-rouler","10":"product_tag-feuilles","12":"first","13":"instock","14":"taxable","15":"shipping-taxable","16":"purchasable","17":"product-type-simple"},"jetpack_sharing_enabled":true,"_links":{"self":[{"href":"https:\/\/mariswiss.com\/da\/wp-json\/wp\/v2\/product\/9765","targetHints":{"allow":["GET"]}}],"collection":[{"href":"https:\/\/mariswiss.com\/da\/wp-json\/wp\/v2\/product"}],"about":[{"href":"https:\/\/mariswiss.com\/da\/wp-json\/wp\/v2\/types\/product"}],"replies":[{"embeddable":true,"href":"https:\/\/mariswiss.com\/da\/wp-json\/wp\/v2\/comments?post=9765"}],"wp:featuredmedia":[{"embeddable":true,"href":"https:\/\/mariswiss.com\/da\/wp-json\/wp\/v2\/media\/9766"}],"wp:attachment":[{"href":"https:\/\/mariswiss.com\/da\/wp-json\/wp\/v2\/media?parent=9765"}],"wp:term":[{"taxonomy":"product_cat","embeddable":true,"href":"https:\/\/mariswiss.com\/da\/wp-json\/wp\/v2\/product_cat?post=9765"},{"taxonomy":"product_tag","embeddable":true,"href":"https:\/\/mariswiss.com\/da\/wp-json\/wp\/v2\/product_tag?post=9765"}],"curies":[{"name":"wp","href":"https:\/\/api.w.org\/{rel}","templated":true}]}}