{"id":10,"date":"2023-10-03T11:47:05","date_gmt":"2023-10-03T11:47:05","guid":{"rendered":"https:\/\/mariswiss.com\/?page_id=10"},"modified":"2024-03-18T11:27:24","modified_gmt":"2024-03-18T11:27:24","slug":"livraison-retour","status":"publish","type":"page","link":"https:\/\/mariswiss.com\/de\/livraison-retour\/","title":{"rendered":"Lieferung + R\u00fccksendung"},"content":{"rendered":"<div class=\"row\"  id=\"row-1091606478\">\n\n\t<div id=\"col-2065191541\" class=\"col medium-8 small-12 large-8\"  >\n\t\t\t\t<div class=\"col-inner\"  >\n\t\t\t\n\t\t\t\n<div class=\"container section-title-container\" ><h1 class=\"section-title section-title-bold-center\"><b><\/b><span class=\"section-title-main\" >Vorbereiten von Paketen<\/span><b><\/b><\/h1><\/div>\n<p>Pakete werden in der Regel sp\u00e4testens innerhalb von 2 (zwei) Tagen nach Zahlungseingang versandt.<br \/>\n- Wir versenden die Bestellung \u00fcber Colissimo mit einer Trackingnummer und \u00fcbergeben mit oder ohne Unterschrift. Die Pakete k\u00f6nnen auch \u00fcber Relais-Punkte verschickt und gegen Unterschrift ausgeh\u00e4ndigt werden.<br \/>\n- Unabh\u00e4ngig von der gew\u00e4hlten Versandart senden wir Ihnen einen Link, \u00fcber den Sie Ihr Paket verfolgen k\u00f6nnen.<\/p>\n<div class=\"container section-title-container\" ><h1 class=\"section-title section-title-bold-center\"><b><\/b><span class=\"section-title-main\" >Lieferung<\/span><b><\/b><\/h1><\/div>\n<p>Die Versandkosten, die Bedingungen f\u00fcr kostenlosen Versand und die voraussichtlichen Lieferzeiten finden Sie unten :<\/p>\n\t<div id=\"text-2962546240\" class=\"text\">\n\t\t\n<table class=\"shipping-table\" style=\"height: 252px;\" width=\"292\">\n<tbody>\n<tr>\n<th style=\"text-align: center;\">Land<\/th>\n<th style=\"text-align: center;\">Kosten f\u00fcr die Lieferung<\/th>\n<th style=\"text-align: center;\">Kostenlos ab<\/th>\n<th style=\"text-align: center;\">Fristen<\/th>\n<\/tr>\n<tr>\n<td style=\"text-align: center;\"><strong>Frankreich Metropolitan<\/strong><\/td>\n<td class=\"price\" style=\"text-align: center;\"><strong>4.95 \u20ac<\/strong><\/td>\n<td class=\"price\" style=\"text-align: center;\"><strong>50 \u20ac<\/strong><\/td>\n<td class=\"time\" style=\"text-align: center;\"><strong>48 Stunden bis 72 Stunden<\/strong><\/td>\n<\/tr>\n<tr>\n<td style=\"text-align: center;\"><strong>\u00dcbersee<\/strong><\/td>\n<td class=\"price\" style=\"text-align: center;\"><strong>13.10 \u20ac<\/strong><\/td>\n<td class=\"price\" style=\"text-align: center;\"><strong>95 \u20ac<\/strong><\/td>\n<td class=\"time\" style=\"text-align: center;\"><strong>5 bis 10 Tage<\/strong><\/td>\n<\/tr>\n<tr>\n<td style=\"text-align: center;\"><strong>Europa<\/strong><\/td>\n<td class=\"price\" style=\"text-align: center;\"><strong>10 \u20ac<\/strong><\/td>\n<td class=\"price\" style=\"text-align: center;\"><strong>70 \u20ac<\/strong><\/td>\n<td class=\"time\" style=\"text-align: center;\"><strong>4 bis 7 Tage<\/strong><\/td>\n<\/tr>\n<tr>\n<td style=\"text-align: center;\"><strong>UK<\/strong><\/td>\n<td class=\"price\" style=\"text-align: center;\"><strong>10\u20ac<\/strong><\/td>\n<td class=\"price\" style=\"text-align: center;\"><strong>70\u20ac<\/strong><\/td>\n<td class=\"time\" style=\"text-align: center;\"><strong>4 bis 8 Tage<\/strong><\/td>\n<\/tr>\n<tr>\n<td style=\"text-align: center;\"><strong>Schweiz<\/strong><\/td>\n<td class=\"price\" style=\"text-align: center;\"><strong>5 \u20ac<\/strong><\/td>\n<td class=\"price\" style=\"text-align: center;\"><strong>50 \u20ac<\/strong><\/td>\n<td class=\"time\" style=\"text-align: center;\"><strong>48 Stunden bis 72 Stunden<\/strong><\/td>\n<\/tr>\n<\/tbody>\n<\/table>\n\t\t\n<style>\n#text-2962546240 {\n  font-size: 0.8rem;\n}\n<\/style>\n\t<\/div>\n\t\n\t\t<\/div>\n\t\t\t\t\t<\/div>\n\n\t\n\n\t<div id=\"col-1173305542\" class=\"col medium-4 small-12 large-4\"  >\n\t\t\t\t<div class=\"col-inner\"  >\n\t\t\t\n\t\t\t\n\t<div class=\"img has-hover x md-x lg-x y md-y lg-y\" id=\"image_620266574\">\n\t\t\t\t\t\t\t\t<div class=\"img-inner dark\" >\n\t\t\t<img decoding=\"async\" width=\"800\" height=\"800\" src=\"https:\/\/i0.wp.com\/mariswiss.com\/wp-content\/uploads\/2023\/10\/Untitled-design-13-min.jpg?resize=800%2C800&#038;ssl=1\" class=\"attachment-original size-original\" alt=\"CBD-Lieferung\" srcset=\"https:\/\/i0.wp.com\/mariswiss.com\/wp-content\/uploads\/2023\/10\/Untitled-design-13-min.jpg?w=800&amp;ssl=1 800w, https:\/\/i0.wp.com\/mariswiss.com\/wp-content\/uploads\/2023\/10\/Untitled-design-13-min.jpg?resize=400%2C400&amp;ssl=1 400w, https:\/\/i0.wp.com\/mariswiss.com\/wp-content\/uploads\/2023\/10\/Untitled-design-13-min.jpg?resize=280%2C280&amp;ssl=1 280w, https:\/\/i0.wp.com\/mariswiss.com\/wp-content\/uploads\/2023\/10\/Untitled-design-13-min.jpg?resize=768%2C768&amp;ssl=1 768w, https:\/\/i0.wp.com\/mariswiss.com\/wp-content\/uploads\/2023\/10\/Untitled-design-13-min.jpg?resize=510%2C510&amp;ssl=1 510w, https:\/\/i0.wp.com\/mariswiss.com\/wp-content\/uploads\/2023\/10\/Untitled-design-13-min.jpg?resize=100%2C100&amp;ssl=1 100w\" sizes=\"(max-width: 800px) 100vw, 800px\" title=\"\" data-recalc-dims=\"1\">\t\t\t\t\t\t\n\t\t\t\t\t<\/div>\n\t\t\t\t\t\t\t\t\n<style>\n#image_620266574 {\n  width: 100%;\n}\n<\/style>\n\t<\/div>\n\t\n\t\t<\/div>\n\t\t\t\t\t<\/div>\n\n\t\n<\/div>\n<div class=\"container section-title-container\" ><h1 class=\"section-title section-title-bold-center\"><b><\/b><span class=\"section-title-main\" >BEZAHLUNG<\/span><b><\/b><\/h1><\/div>\n<div class=\"row\"  id=\"row-1993678298\">\n\n\t<div id=\"col-2063597155\" class=\"col medium-4 small-12 large-4\"  >\n\t\t\t\t<div class=\"col-inner\"  >\n\t\t\t\n\t\t\t\n\t<div class=\"img has-hover x md-x lg-x y md-y lg-y\" id=\"image_1943161212\">\n\t\t\t\t\t\t\t\t<div class=\"img-inner dark\" >\n\t\t\t<img decoding=\"async\" width=\"768\" height=\"768\" src=\"https:\/\/i0.wp.com\/mariswiss.com\/wp-content\/uploads\/2023\/10\/Untitled-design-14.jpg?fit=768%2C768&amp;ssl=1\" class=\"attachment-medium_large size-medium_large\" alt=\"PAIMENT CBD Sicher\" srcset=\"https:\/\/i0.wp.com\/mariswiss.com\/wp-content\/uploads\/2023\/10\/Untitled-design-14.jpg?w=800&amp;ssl=1 800w, https:\/\/i0.wp.com\/mariswiss.com\/wp-content\/uploads\/2023\/10\/Untitled-design-14.jpg?resize=400%2C400&amp;ssl=1 400w, https:\/\/i0.wp.com\/mariswiss.com\/wp-content\/uploads\/2023\/10\/Untitled-design-14.jpg?resize=280%2C280&amp;ssl=1 280w, https:\/\/i0.wp.com\/mariswiss.com\/wp-content\/uploads\/2023\/10\/Untitled-design-14.jpg?resize=768%2C768&amp;ssl=1 768w, https:\/\/i0.wp.com\/mariswiss.com\/wp-content\/uploads\/2023\/10\/Untitled-design-14.jpg?resize=510%2C510&amp;ssl=1 510w, https:\/\/i0.wp.com\/mariswiss.com\/wp-content\/uploads\/2023\/10\/Untitled-design-14.jpg?resize=100%2C100&amp;ssl=1 100w\" sizes=\"(max-width: 768px) 100vw, 768px\" title=\"\">\t\t\t\t\t\t\n\t\t\t\t\t<\/div>\n\t\t\t\t\t\t\t\t\n<style>\n#image_1943161212 {\n  width: 73%;\n}\n<\/style>\n\t<\/div>\n\t\n\t\t<\/div>\n\t\t\t\t\t<\/div>\n\n\t\n\n\t<div id=\"col-1754855533\" class=\"col medium-8 small-12 large-8\"  >\n\t\t\t\t<div class=\"col-inner\"  >\n\t\t\t\n\t\t\t\n<p>Wir bieten Ihnen die folgenden Zahlungsm\u00f6glichkeiten an:<\/p>\n<p>- Kreditkarten ( Visa, MasterCard, American Express )<br \/>\n- Bank\u00fcberweisung<\/p>\n<p><em>*Ihre Kreditkartennummer wird an die Zahlungsserver weitergeleitet, Ihre Zahlung wird direkt in einer sicheren Umgebung durchgef\u00fchrt, ohne \u00fcber unseren Server zu gehen, was garantiert, dass Ihre Kreditkartennummern nur unserem Bankpartner bekannt sind.<\/em><\/p>\n\t\t<\/div>\n\t\t\t\t\t<\/div>\n\n\t\n<\/div>\n<div class=\"container section-title-container\" ><h1 class=\"section-title section-title-bold-center\"><b><\/b><span class=\"section-title-main\" >R\u00dcCKGABE &amp; ERSTATTUNG<\/span><b><\/b><\/h1><\/div>\n<div class=\"row row-collapse row-full-width align-middle\"  id=\"row-680919677\">\n\n\t<div id=\"col-64818657\" class=\"col medium-6 small-12 large-6\"  >\n\t\t\t\t<div class=\"col-inner\"  >\n\t\t\t\n\t\t\t\n<p>F\u00fcr den unwahrscheinlichen Fall, dass Sie mit der Qualit\u00e4t unserer Produkte nicht zufrieden sind, wird ein R\u00fcckerstattungsservice angeboten:<\/p>\n<ul>\n<li>Sie m\u00fcssen sich innerhalb von 7 Tagen nach Erhalt mit uns in Verbindung setzen, indem Sie eine E-Mail an <a href=\"mailto:hello@mariswiss.com\">hello@mariswiss.com<\/a>. Indem Sie uns die Nummer Ihrer Bestellung geben und beschreiben, warum Sie eine R\u00fcckerstattung w\u00fcnschen.<\/li>\n<li>Schicken Sie den Artikel in der Originalverpackung und unge\u00f6ffnet zur\u00fcck. Wenn ein Artikel benutzt\/ge\u00f6ffnet wurde, k\u00f6nnen wir keine R\u00fccksendung akzeptieren.<\/li>\n<li>Zur\u00fcckgesandte Artikel werden auf M\u00e4ngel gepr\u00fcft und entweder ersetzt oder der Kaufpreis wird erstattet, wenn ein Mangel festgestellt wird.<\/li>\n<li>Die R\u00fcckerstattung bezieht sich auf die Kosten des Produkts und schlie\u00dft alle Postgeb\u00fchren, Verpackungs- und Versandkosten aus.<\/li>\n<li>R\u00fcckerstattungen werden mit derselben Zahlungsmethode gutgeschrieben, die auch f\u00fcr den Kauf verwendet wurde.<\/li>\n<li><strong>Wir akzeptieren keine R\u00fccksendungen von Produkten, deren Geschmack oder Geruch Ihnen nicht gef\u00e4llt.<\/strong><\/li>\n<\/ul>\n<h3 id=\"h-5-remboursement\" class=\"wp-block-heading\"><strong>R\u00fcckerstattung<\/strong><\/h3>\n<ul>\n<li>Wenn Sie aus irgendeinem Grund eine R\u00fcckerstattung w\u00fcnschen, kontaktieren Sie uns bitte unter der folgenden E-Mail-Adresse: <a href=\"mailto:hello@mariswiss.com\">hello@mariswiss.com<\/a> und wir werden auf Ihre Anfrage antworten. R\u00fcckerstattungen werden von Fall zu Fall und mit unwiderlegbaren Beweisen vorgenommen.<\/li>\n<\/ul>\n\t\t<\/div>\n\t\t\t\t\n<style>\n#col-64818657 > .col-inner {\n  padding: 5% 5% 5% 5%;\n  max-width: 520px;\n}\n<\/style>\n\t<\/div>\n\n\t\n\n\t<div id=\"col-1205358181\" class=\"col medium-6 small-12 large-6\"  >\n\t\t\t\t<div class=\"col-inner\"  >\n\t\t\t\n\t\t\t\n\t<div class=\"img has-hover x md-x lg-x y md-y lg-y\" id=\"image_1115945143\">\n\t\t\t\t\t\t\t\t<div class=\"img-inner dark\" >\n\t\t\t<img decoding=\"async\" width=\"800\" height=\"800\" src=\"https:\/\/i0.wp.com\/mariswiss.com\/wp-content\/uploads\/2023\/10\/efund-1.jpg?fit=800%2C800&amp;ssl=1\" class=\"attachment-large size-large\" alt=\"\" srcset=\"https:\/\/i0.wp.com\/mariswiss.com\/wp-content\/uploads\/2023\/10\/efund-1.jpg?w=800&amp;ssl=1 800w, https:\/\/i0.wp.com\/mariswiss.com\/wp-content\/uploads\/2023\/10\/efund-1.jpg?resize=400%2C400&amp;ssl=1 400w, https:\/\/i0.wp.com\/mariswiss.com\/wp-content\/uploads\/2023\/10\/efund-1.jpg?resize=280%2C280&amp;ssl=1 280w, https:\/\/i0.wp.com\/mariswiss.com\/wp-content\/uploads\/2023\/10\/efund-1.jpg?resize=768%2C768&amp;ssl=1 768w, https:\/\/i0.wp.com\/mariswiss.com\/wp-content\/uploads\/2023\/10\/efund-1.jpg?resize=510%2C510&amp;ssl=1 510w, https:\/\/i0.wp.com\/mariswiss.com\/wp-content\/uploads\/2023\/10\/efund-1.jpg?resize=100%2C100&amp;ssl=1 100w\" sizes=\"(max-width: 800px) 100vw, 800px\" title=\"\">\t\t\t\t\t\t\n\t\t\t\t\t<\/div>\n\t\t\t\t\t\t\t\t\n<style>\n#image_1115945143 {\n  width: 100%;\n}\n<\/style>\n\t<\/div>\n\t\n\t\t<\/div>\n\t\t\t\t\t<\/div>\n\n\t\n<\/div>","protected":false},"excerpt":{"rendered":"","protected":false},"author":2,"featured_media":0,"parent":0,"menu_order":0,"comment_status":"closed","ping_status":"closed","template":"","meta":{"inline_featured_image":false,"footnotes":""},"class_list":["post-10","page","type-page","status-publish","hentry"],"jetpack_sharing_enabled":true,"_links":{"self":[{"href":"https:\/\/mariswiss.com\/de\/wp-json\/wp\/v2\/pages\/10","targetHints":{"allow":["GET"]}}],"collection":[{"href":"https:\/\/mariswiss.com\/de\/wp-json\/wp\/v2\/pages"}],"about":[{"href":"https:\/\/mariswiss.com\/de\/wp-json\/wp\/v2\/types\/page"}],"author":[{"embeddable":true,"href":"https:\/\/mariswiss.com\/de\/wp-json\/wp\/v2\/users\/2"}],"replies":[{"embeddable":true,"href":"https:\/\/mariswiss.com\/de\/wp-json\/wp\/v2\/comments?post=10"}],"version-history":[{"count":15,"href":"https:\/\/mariswiss.com\/de\/wp-json\/wp\/v2\/pages\/10\/revisions"}],"predecessor-version":[{"id":17591,"href":"https:\/\/mariswiss.com\/de\/wp-json\/wp\/v2\/pages\/10\/revisions\/17591"}],"wp:attachment":[{"href":"https:\/\/mariswiss.com\/de\/wp-json\/wp\/v2\/media?parent=10"}],"curies":[{"name":"wp","href":"https:\/\/api.w.org\/{rel}","templated":true}]}}