{"id":16180,"date":"2023-10-02T06:59:01","date_gmt":"2023-10-02T06:59:01","guid":{"rendered":"https:\/\/mariswiss.com\/?page_id=16180"},"modified":"2024-12-05T15:25:42","modified_gmt":"2024-12-05T15:25:42","slug":"qui-sommes-nous","status":"publish","type":"page","link":"https:\/\/mariswiss.com\/de\/qui-sommes-nous\/","title":{"rendered":"Wer sind wir?"},"content":{"rendered":"<h1>\u00dcber MariSwiss: Ihre vertrauensw\u00fcrdige Quelle f\u00fcr qualitativ hochwertigen legalen Cannabis aus der Schweiz und der ganzen Welt<\/h1>\n<p>Willkommen bei MariSwiss, einem europ\u00e4ischen Unternehmen, das sich seit 2022 der Bereitstellung von qualitativ hochwertigen legalen Cannabisprodukten widmet. Wir sind stolz auf unser Engagement f\u00fcr Spitzenleistungen, Nachhaltigkeit und die Zufriedenheit unserer Kunden. Auf dieser Seite laden wir Sie dazu ein, mehr \u00fcber unsere Geschichte, unser Engagement f\u00fcr Schweizer Qualit\u00e4t, unsere Produktpalette, unseren Versandservice in Europa, unser leidenschaftliches Team und wie Sie uns bei Fragen oder W\u00fcnschen kontaktieren k\u00f6nnen, zu erfahren.<\/p>\n<div class=\"ux-logo has-hover align-middle ux_logo inline-block\" style=\"max-width: 100%!important; width: 230px!important\"><a class=\"ux-logo-link block image-\" title=\"\" href=\"https:\/\/mariswiss.com\/de\/\" style=\"padding: 15px;\"><img decoding=\"async\" src=\"https:\/\/i0.wp.com\/mariswiss.com\/wp-content\/uploads\/2023\/10\/MariSwiss-B-scaled.jpg?w=1020&#038;ssl=1\" title=\"\" alt=\"\" class=\"ux-logo-image block\" style=\"height:200px;\" data-recalc-dims=\"1\"><\/a><\/div>\n<h2>Die Geschichte von MariSwiss<\/h2>\n<p>Die Geschichte von MariSwiss begann im Jahr 2022 mit einer klaren Vision: ein f\u00fchrendes Unternehmen in der legalen Cannabisindustrie zu werden. Gegr\u00fcndet von Enthusiasten f\u00fcr Cannabis und Schweizer Qualit\u00e4t, hat sich unser Unternehmen schnell weiterentwickelt, um den wachsenden Bedarf des Marktes an hochwertigen legalen Cannabisprodukten zu befriedigen.<\/p>\n<h2>Unsere Verpflichtung zur Qualit\u00e4t<\/h2>\n<p>Bei MariSwiss ist Qualit\u00e4t unser Schl\u00fcsselwort. Wir glauben an die Reinheit der Schweizer und anderer Natur, weshalb einige unserer legalen Cannabisprodukte aus biologischem Schweizer Anbau stammen. Die anderen stammen aus anderen Teilen der Welt (Uruguay, Frankreich, Italien), wobei wir die Strenge der Produktion handverlesen. Wir sind entschlossen, bei jedem von uns angebotenen Produkt die h\u00f6chsten Standards der Qualit\u00e4tskontrolle einzuhalten. Wir arbeiten eng mit lokalen Bauern zusammen, die unsere Leidenschaft f\u00fcr einen nachhaltigen und umweltfreundlichen Anbau teilen.<\/p>\n<h2>Unsere Produktpalette<\/h2>\n<p>Wir sind stolz darauf, Ihnen eine vielf\u00e4ltige Palette an legalen Cannabisprodukten anbieten zu k\u00f6nnen, die auf Ihre individuellen Bed\u00fcrfnisse zugeschnitten sind. Ob Sie nun nach hochwertigen Cannabisbl\u00fcten, starken Extrakten, raffinierten \u00d6len oder k\u00f6stlichen essbaren Produkten suchen, MariSwiss hat das Richtige f\u00fcr Sie. Jedes unserer Produkte wird sorgf\u00e4ltig nach seiner Qualit\u00e4t und seinem Potenzial, ein au\u00dfergew\u00f6hnliches Konsumerlebnis zu bieten, ausgew\u00e4hlt.<\/p>\n<h2>Versand in Europa<\/h2>\n<p>Wir bei MariSwiss haben es uns zur Aufgabe gemacht, unsere legalen Cannabisprodukte einem breiteren Publikum in Europa zug\u00e4nglich zu machen. Wir freuen uns, Ihnen mitteilen zu k\u00f6nnen, dass wir einen zuverl\u00e4ssigen und sicheren Versandservice in viele europ\u00e4ische L\u00e4nder anbieten. Mit unserer Erfahrung in der Logistik setzen wir uns daf\u00fcr ein, dass Ihre Bestellungen sicher an Ihrer Haust\u00fcr ankommen.<\/p>\n<h2>Unser Team<\/h2>\n<p>Unser Team besteht aus leidenschaftlichen und engagierten Fachleuten, die die gleiche Vision von Qualit\u00e4t und Innovation teilen. Vom Anbau bis zum Vertrieb bringt jedes Mitglied unseres Teams wertvolle Fachkenntnisse mit, um sicherzustellen, dass MariSwiss weiterhin eine Referenz in der legalen Cannabisindustrie ist.<\/p>\n<h2>Verpflichtung zur Nachhaltigkeit<\/h2>\n<p>Wir bei MariSwiss verstehen, wie wichtig Nachhaltigkeit in der Cannabisindustrie ist. Deshalb setzen wir uns daf\u00fcr ein, unseren \u00f6kologischen Fu\u00dfabdruck so klein wie m\u00f6glich zu halten. Unsere Z\u00fcchter wenden umweltfreundliche Anbaumethoden an und wir verwenden wiederverwertbare Verpackungen, um Plastikm\u00fcll zu reduzieren. Wir sind entschlossen, zu einer gr\u00fcneren Zukunft beizutragen und Ihnen gleichzeitig die besten legalen Cannabisprodukte zu liefern.<\/p>\n<h2>Innovation und Forschung<\/h2>\n<p>Wir glauben an kontinuierliche Innovation, um unsere Produkte zu verbessern und den sich \u00e4ndernden Bed\u00fcrfnissen unserer Kunden gerecht zu werden. Unser Forschungs- und Entwicklungsteam arbeitet unerm\u00fcdlich an der Entwicklung neuer Cannabissorten, fortschrittlicher Extraktionsmethoden und innovativer Produkte. Wir bleiben an der Spitze der legalen Cannabisindustrie.<\/p>\n<h2>Gemeinschaft und soziale Verantwortung<\/h2>\n<p>MariSwiss ist stolz darauf, ein wichtiger Teil der Gemeinschaft zu sein. Wir verpflichten uns, lokale Initiativen zu unterst\u00fctzen und einen positiven Beitrag zu unserer Gesellschaft zu leisten. Dar\u00fcber hinaus treten wir f\u00fcr einen verantwortungsvollen Umgang mit legalem Cannabis ein und f\u00f6rdern aufkl\u00e4rende Informationen, um unseren Kunden zu helfen, fundierte Entscheidungen zu treffen.<\/p>\n<h2>Kontaktieren Sie uns<\/h2>\n<p>Wir freuen uns immer, von unseren Kunden zu h\u00f6ren und ihre Fragen zu beantworten. Bitte z\u00f6gern Sie nicht, uns zu kontaktieren, wenn Sie Informationen, Support oder Informationen zu unseren Produkten ben\u00f6tigen. Sie k\u00f6nnen uns per E-Mail unter [E-Mail-Adresse] oder telefonisch unter [Telefonnummer] erreichen. Wir sind auch in den sozialen Medien vertreten, wo Sie uns f\u00fcr die neuesten Nachrichten und Updates folgen k\u00f6nnen.<\/p>\n<p>Vielen Dank, dass Sie MariSwiss f\u00fcr Ihren Bedarf an legalen Cannabisprodukten in Schweizer Qualit\u00e4t gew\u00e4hlt haben. Wir freuen uns darauf, Sie zu bedienen und Ihnen in jeder Phase Ihres Weges mit uns eine au\u00dfergew\u00f6hnliche Erfahrung zu bieten.<\/p>","protected":false},"excerpt":{"rendered":"<p>\u00c0 propos de MariSwiss : Votre Source de Confiance pour le Cannabis L\u00e9gal de Qualit\u00e9 Suisse et Monde Bienvenue chez MariSwiss, une soci\u00e9t\u00e9 europ\u00e9enne d\u00e9di\u00e9e \u00e0 l&#8217;offre de produits de cannabis l\u00e9gal de qualit\u00e9 depuis 2022. Nous sommes fiers de notre engagement envers l&#8217;excellence, la durabilit\u00e9 et la satisfaction de nos clients. Dans cette page, [&#8230;]","protected":false},"author":2,"featured_media":16175,"parent":0,"menu_order":0,"comment_status":"closed","ping_status":"closed","template":"","meta":{"inline_featured_image":false,"footnotes":""},"class_list":["post-16180","page","type-page","status-publish","has-post-thumbnail","hentry"],"jetpack_sharing_enabled":true,"_links":{"self":[{"href":"https:\/\/mariswiss.com\/de\/wp-json\/wp\/v2\/pages\/16180","targetHints":{"allow":["GET"]}}],"collection":[{"href":"https:\/\/mariswiss.com\/de\/wp-json\/wp\/v2\/pages"}],"about":[{"href":"https:\/\/mariswiss.com\/de\/wp-json\/wp\/v2\/types\/page"}],"author":[{"embeddable":true,"href":"https:\/\/mariswiss.com\/de\/wp-json\/wp\/v2\/users\/2"}],"replies":[{"embeddable":true,"href":"https:\/\/mariswiss.com\/de\/wp-json\/wp\/v2\/comments?post=16180"}],"version-history":[{"count":13,"href":"https:\/\/mariswiss.com\/de\/wp-json\/wp\/v2\/pages\/16180\/revisions"}],"predecessor-version":[{"id":19797,"href":"https:\/\/mariswiss.com\/de\/wp-json\/wp\/v2\/pages\/16180\/revisions\/19797"}],"wp:featuredmedia":[{"embeddable":true,"href":"https:\/\/mariswiss.com\/de\/wp-json\/wp\/v2\/media\/16175"}],"wp:attachment":[{"href":"https:\/\/mariswiss.com\/de\/wp-json\/wp\/v2\/media?parent=16180"}],"curies":[{"name":"wp","href":"https:\/\/api.w.org\/{rel}","templated":true}]}}