{"id":16212,"date":"2023-10-03T12:59:53","date_gmt":"2023-10-03T12:59:53","guid":{"rendered":"https:\/\/mariswiss.com\/?page_id=16212"},"modified":"2024-12-05T15:16:10","modified_gmt":"2024-12-05T15:16:10","slug":"conditions-generales","status":"publish","type":"page","link":"https:\/\/mariswiss.com\/de\/conditions-generales\/","title":{"rendered":"Allgemeine Gesch\u00e4ftsbedingungen (CVG)"},"content":{"rendered":"<h1>Allgemeine Gesch\u00e4ftsbedingungen (CVG)<\/h1>\n<p>Durch die Nutzung unserer Website und den Kauf von Produkten oder Dienstleistungen auf ihr, best\u00e4tigen Sie automatisch, dass Sie unsere Allgemeinen Gesch\u00e4ftsbedingungen akzeptieren und best\u00e4tigen, dass Sie mindestens 18 Jahre alt sind.<\/p>\n<p><strong>1. Anmeldung<\/strong><br \/>\nSie sind allein verantwortlich f\u00fcr die Richtigkeit und Vollst\u00e4ndigkeit der Daten, die Sie bei der Registrierung auf der Website angeben.<br \/>\nWenn n\u00f6tig, informieren Sie uns \u00fcber \u00c4nderungen an den angegebenen Daten, indem Sie das Profil so schnell wie m\u00f6glich aktualisieren.<br \/>\nBei der Registrierung m\u00fcssen Sie ein Passwort w\u00e4hlen, mit dem Sie unsere Website nutzen k\u00f6nnen. Dieses Passwort ist streng vertraulich. Es darf nicht an Dritte weitergegeben werden.<br \/>\nSie sind allein f\u00fcr die Verwendung, Speicherung und Sicherheit Ihres Passworts verantwortlich.<br \/>\nWenn Sie wissen oder vermuten, dass ein Dritter Zugang zu Ihrem Passwort hat, informieren Sie uns bitte umgehend.<\/p>\n<p><strong>2. Preis<\/strong><br \/>\nDie auf unserer Website angegebenen Preise sind in Euro (EUR), Schweizer Franken (CHF) und Pfund Sterling (\u00a3) angegeben.<br \/>\nDer auf den Produktbl\u00e4ttern angegebene Preis enth\u00e4lt keine Transportkosten.<br \/>\n<em>Wir k\u00f6nnen den Preis ohne vorherige Ank\u00fcndigung \u00e4ndern.<\/em><\/p>\n<p><strong>3. Lieferung<\/strong><br \/>\nIhre Bestellung wird innerhalb von 24 bis 48 Stunden nach Zahlungseingang versendet. Sobald Ihre Bestellung versendet wurde, erhalten Sie eine E-Mail mit Ihrer Tracking-Nummer.<br \/>\nSie k\u00f6nnen Ihre Trackingnummer auch in Ihrem pers\u00f6nlichen Bereich auf unserer Website unter \"Bestellungen\" finden.<br \/>\nIhre Bestellung wird an die in der Bestellung angegebene Adresse geliefert.<br \/>\nWir versenden Ihre Bestellung als Priorit\u00e4tssendung mit einer Trackingnummer.<br \/>\nIhre Bestellung kann in mehreren Paketen versendet werden.<br \/>\nDie Versanddauer betr\u00e4gt 3 (drei) bis 5 (f\u00fcnf) Werktage oder l\u00e4nger, je nach den Umst\u00e4nden.<\/p>\n<p><strong>4. R\u00fcckgaberichtlinie<\/strong><br \/>\nF\u00fcr den unwahrscheinlichen Fall, dass Sie mit der Qualit\u00e4t unserer Produkte nicht zufrieden sind, wird ein R\u00fcckerstattungsservice angeboten:<\/p>\n<p>Sie m\u00fcssen sich innerhalb von 7 Tagen nach Erhalt mit uns in Verbindung setzen, indem Sie eine E-Mail an <a href=\"mailto:hello@mariswiss.com\">hello@mariswiss.com<\/a> . Indem Sie uns die Referenznummer Ihrer Bestellung nennen und beschreiben, warum Sie eine R\u00fcckerstattung w\u00fcnschen. Wir haften nicht f\u00fcr Verluste oder Sch\u00e4den, wenn Sie dies nicht tun.<br \/>\nSchicken Sie den Artikel in der Originalverpackung und unge\u00f6ffnet zur\u00fcck. Wenn ein Artikel benutzt\/ge\u00f6ffnet wurde, k\u00f6nnen wir keine R\u00fccksendung akzeptieren.<br \/>\nZur\u00fcckgesandte Artikel werden auf M\u00e4ngel gepr\u00fcft und entweder ersetzt oder der Kaufpreis wird erstattet, wenn ein Mangel festgestellt wird.<br \/>\nDie R\u00fcckerstattung bezieht sich auf die Kosten des Produkts und schlie\u00dft alle Postgeb\u00fchren, Verpackungs- und Versandkosten aus.<br \/>\nR\u00fcckerstattungen werden in der Regel mit derselben Zahlungsmethode gutgeschrieben, die auch f\u00fcr den Kauf verwendet wurde.<br \/>\nWir akzeptieren keine R\u00fccksendungen von Produkten, deren Geschmack oder Geruch Ihnen nicht gef\u00e4llt.<\/p>\n<p><strong>5. R\u00fcckerstattung<\/strong><\/p>\n<p>Wenn Sie aus irgendeinem Grund eine R\u00fcckerstattung w\u00fcnschen, kontaktieren Sie uns bitte unter der folgenden E-Mail-Adresse: <a href=\"mailto:hello@mariswiss.com\">hello@mariswiss.com<\/a> und wir werden auf Ihre Anfrage antworten. R\u00fcckerstattungen werden von Fall zu Fall und mit unwiderlegbaren Beweisen vorgenommen.<\/p>\n<p><strong>6. Fehler beim Versand<\/strong><br \/>\n- Sie sind verpflichtet, die gelieferte Bestellung sofort zu \u00fcberpr\u00fcfen.<\/p>\n<p>- Wenn der Artikel nicht mit dem bestellten Artikel \u00fcbereinstimmt, kann es sich um einen Versandfehler handeln. Sie haben dann drei (3) Werktage Zeit, um uns den Fehler zu melden.<\/p>\n<p>- Im Falle eines von uns zu verantwortenden Versandfehlers werden wir von Fall zu Fall eine Ausgleichsl\u00f6sung vorschlagen.<\/p>\n<p><strong>7. Zahlungsarten<\/strong><br \/>\nWir bieten Ihnen die folgende Zahlungsmethode an:<\/p>\n<p>Kreditkarten (Visa, MasterCard, American Express)<br \/>\nBank\u00fcberweisung: IBAN: FR76 3000 4006 8300 0102 5141 293. BIC: BNPAFRPPXXX<br \/>\n* Ihre Kreditkartennummer wird an die Zahlungsserver weitergeleitet, Ihre Zahlung erfolgt direkt in einer sicheren Umgebung, ohne \u00fcber den Server von www.mariswiss.com zu gehen, wodurch sichergestellt wird, dass Ihre Kreditkartennummern nur unserem Bankpartner bekannt sind.<\/p>\n<p><strong>8. Verantwortung des Klienten<\/strong><br \/>\nWir m\u00f6chten Sie daran erinnern, dass wir nicht befugt sind, medizinische Ratschl\u00e4ge oder Diagnosen zu erteilen. Wir empfehlen Ihnen, Ihren Arzt zu konsultieren, bevor Sie mit dem Konsum von CBD-haltigen Produkten beginnen. Wir erinnern Sie auch daran, dass Sie, wenn Sie sich zu einem Kauf verpflichten, sich an die Regeln halten, vollj\u00e4hrig sind und die Gesetze kennen, die in Ihrem Land in Bezug auf CBD gelten.<\/p>\n<p>Der\/die Klient\/in akzeptiert die Haftung f\u00fcr:<\/p>\n<p>K\u00f6rperliche Sch\u00e4den,<br \/>\nSchadenersatz,<br \/>\nStrafma\u00dfnahmen,<br \/>\nDer Verlust von Gewinnen oder Einkommen,<br \/>\nDer Verlust der Nutzung eines Produkts oder einer Ausr\u00fcstung,<br \/>\nDer Verlust von Eigentum, der durch den Kauf, die Nutzung oder den Missbrauch eines Produkts entstehen kann.<br \/>\nMariswiss.com, seine Eigent\u00fcmer, Vertreter und Angestellten k\u00f6nnen nicht f\u00fcr die Handlungen seiner Kunden verantwortlich gemacht werden.<\/p>\n<p><strong>9. Datenpolitik<\/strong><br \/>\nBitte lesen Sie unsere Seite zur Datenschutzrichtlinie aufmerksam durch.<\/p>\n<p><strong>10. \u00c4nderung unserer Allgemeinen Gesch\u00e4ftsbedingungen<\/strong><br \/>\nWir k\u00f6nnen unsere Allgemeinen Gesch\u00e4ftsbedingungen von Zeit zu Zeit \u00e4ndern (aktualisieren). Wir werden Sie \u00fcber alle \u00c4nderungen informieren, indem wir die neuen Datenschutzbestimmungen auf dieser Seite ver\u00f6ffentlichen.<br \/>\nBitte besuchen Sie diese Seite h\u00e4ufig, wenn Sie unseren Dienst nutzen.<br \/>\nWir empfehlen Ihnen, diese Datenschutzrichtlinie regelm\u00e4\u00dfig zu \u00fcberpr\u00fcfen, um sich \u00fcber m\u00f6gliche \u00c4nderungen zu informieren. \u00c4nderungen an dieser Datenschutzrichtlinie treten in Kraft, sobald sie auf dieser Seite ver\u00f6ffentlicht werden.<\/p>\n<p><strong>11. Kontakt und Kundenservice<\/strong><br \/>\nF\u00fcr weitere Informationen kontaktieren Sie uns bitte per E-Mail unter <a href=\"mailto:contact@mariswiss.com\">contatc@mariswiss.com<\/a> oder auf unserer Seite <a href=\"https:\/\/ticket.mariswiss.com\/\">Kontaktieren Sie uns.<\/a><\/p>","protected":false},"excerpt":{"rendered":"<p>Conditions g\u00e9n\u00e9rales (CVG) L\u2019utilisation de notre site web et l\u2019achat de produits ou services sur celui-ci, confirme automatiquement que vous acceptez nos conditions g\u00e9n\u00e9rales et que vous confirmez que vous avez au moins 18 ans. 1. Inscription Vous \u00eates seul responsable de l\u2019exactitude et de l\u2019exhaustivit\u00e9 des donn\u00e9es que vous fournissez lors de votre inscription [&#8230;]","protected":false},"author":2,"featured_media":0,"parent":0,"menu_order":0,"comment_status":"closed","ping_status":"closed","template":"","meta":{"inline_featured_image":false,"footnotes":""},"class_list":["post-16212","page","type-page","status-publish","hentry"],"jetpack_sharing_enabled":true,"_links":{"self":[{"href":"https:\/\/mariswiss.com\/de\/wp-json\/wp\/v2\/pages\/16212","targetHints":{"allow":["GET"]}}],"collection":[{"href":"https:\/\/mariswiss.com\/de\/wp-json\/wp\/v2\/pages"}],"about":[{"href":"https:\/\/mariswiss.com\/de\/wp-json\/wp\/v2\/types\/page"}],"author":[{"embeddable":true,"href":"https:\/\/mariswiss.com\/de\/wp-json\/wp\/v2\/users\/2"}],"replies":[{"embeddable":true,"href":"https:\/\/mariswiss.com\/de\/wp-json\/wp\/v2\/comments?post=16212"}],"version-history":[{"count":7,"href":"https:\/\/mariswiss.com\/de\/wp-json\/wp\/v2\/pages\/16212\/revisions"}],"predecessor-version":[{"id":19794,"href":"https:\/\/mariswiss.com\/de\/wp-json\/wp\/v2\/pages\/16212\/revisions\/19794"}],"wp:attachment":[{"href":"https:\/\/mariswiss.com\/de\/wp-json\/wp\/v2\/media?parent=16212"}],"curies":[{"name":"wp","href":"https:\/\/api.w.org\/{rel}","templated":true}]}}