{"id":19726,"date":"2024-11-23T08:38:05","date_gmt":"2024-11-23T08:38:05","guid":{"rendered":"https:\/\/mariswiss.com\/?page_id=19726"},"modified":"2024-12-05T15:11:47","modified_gmt":"2024-12-05T15:11:47","slug":"mention-legal","status":"publish","type":"page","link":"https:\/\/mariswiss.com\/de\/mention-legal\/","title":{"rendered":"Rechtliche Hinweise"},"content":{"rendered":"<p>Gem\u00e4\u00df den Bestimmungen der Artikel 6-III und 19 des Gesetzes Nr. 2004-575 vom 21. Juni 2004 \u00fcber das Vertrauen in die digitale Wirtschaft, auch L.C.E.N. genannt, bringen wir den Nutzern und Besuchern der Website: https:\/\/www.mariswiss.com folgende Informationen zur Kenntnis:<\/p>\n<p><strong>Rechtliche Informationen :<br \/>\n<\/strong><br \/>\nName des Unternehmens: Eco Brothers S\u00e0rl<br \/>\nAdresse:13 Route d'annemasse, 74160 SAINT-JULIEN-EN-GENEVOIS, Frankreich.<br \/>\nTel: +33 (0)679 82 40 78<br \/>\nMit einem Kapital von : 10'000 EUR<br \/>\nSIRET: 901 440 503 R.C.S.: Thonon-les-Bains<br \/>\nUmsatzsteuer-Identifikationsnummer: FR30901440503<br \/>\nE-Mail-Adresse: contact@mariswiss.com<\/p>\n<p>Der Ersteller der Website ist: Mari Swiss<br \/>\nDer Verantwortliche f\u00fcr die Ver\u00f6ffentlichung ist sein Vorsitzender und Generaldirektor<br \/>\nKontaktieren Sie den Verantwortlichen f\u00fcr die Ver\u00f6ffentlichung: contact@mariswiss.com<\/p>\n<p>Kontaktieren Sie den Webmaster: Sie k\u00f6nnen das auf der Website vorhandene Kontaktformular verwenden.<\/p>\n<p>Der Host der Website ist: 1&amp;1 IONOS Inc, 701 Lee Road, Suite 300, Chesterbrook, PA 19087, USA<\/p>","protected":false},"excerpt":{"rendered":"<p>Conform\u00e9ment aux dispositions des articles 6-III et 19 de la Loi n\u00b0 2004-575 du 21 juin 2004 pour la Confiance dans l\u2019\u00e9conomie num\u00e9rique, dite L.C.E.N., nous portons \u00e0 la connaissance des utilisateurs et visiteurs du site : https:\/\/www.mariswiss.com les informations suivantes : Informations l\u00e9gales : Nom de la Soci\u00e9t\u00e9 : Eco Brothers S\u00e0rl Adresse :13 [&#8230;]","protected":false},"author":81,"featured_media":0,"parent":0,"menu_order":0,"comment_status":"closed","ping_status":"closed","template":"","meta":{"inline_featured_image":false,"footnotes":""},"class_list":["post-19726","page","type-page","status-publish","hentry"],"jetpack_sharing_enabled":true,"_links":{"self":[{"href":"https:\/\/mariswiss.com\/de\/wp-json\/wp\/v2\/pages\/19726","targetHints":{"allow":["GET"]}}],"collection":[{"href":"https:\/\/mariswiss.com\/de\/wp-json\/wp\/v2\/pages"}],"about":[{"href":"https:\/\/mariswiss.com\/de\/wp-json\/wp\/v2\/types\/page"}],"author":[{"embeddable":true,"href":"https:\/\/mariswiss.com\/de\/wp-json\/wp\/v2\/users\/81"}],"replies":[{"embeddable":true,"href":"https:\/\/mariswiss.com\/de\/wp-json\/wp\/v2\/comments?post=19726"}],"version-history":[{"count":3,"href":"https:\/\/mariswiss.com\/de\/wp-json\/wp\/v2\/pages\/19726\/revisions"}],"predecessor-version":[{"id":19792,"href":"https:\/\/mariswiss.com\/de\/wp-json\/wp\/v2\/pages\/19726\/revisions\/19792"}],"wp:attachment":[{"href":"https:\/\/mariswiss.com\/de\/wp-json\/wp\/v2\/media?parent=19726"}],"curies":[{"name":"wp","href":"https:\/\/api.w.org\/{rel}","templated":true}]}}