{"id":16408,"date":"2023-10-19T14:56:27","date_gmt":"2023-10-19T14:56:27","guid":{"rendered":"https:\/\/mariswiss.com\/?post_type=product&#038;p=16408"},"modified":"2025-07-11T08:18:28","modified_gmt":"2025-07-11T08:18:28","slug":"lemon-tonic-cbd-greenhouse","status":"publish","type":"product","link":"https:\/\/mariswiss.com\/de\/product\/lemon-tonic-cbd-greenhouse\/","title":{"rendered":"Lemon Tonic CBD Greenhouse"},"content":{"rendered":"<p><span style=\"text-decoration: underline;\"><strong>LEMON TONIC CBD GREENHOUSE<\/strong><\/span><\/p>\n<ul>\n<li>Herkunft: Angebaut in der Schweiz (Kanton Wallis) in Gew\u00e4chshauskultur. Gem\u00e4\u00dfigtes Klima<\/li>\n<li>Aussehen: Die Bl\u00fcten sind gro\u00df und hellgr\u00fcn. Die Bl\u00fcten sind eher trocken.<\/li>\n<li>Geruch\/Geschmack: Ein sehr zitrusartiger Geruch, der an Limoncello-Bl\u00fcten erinnert. Beim Verbrennen kommen fruchtige und holzige Noten zum Vorschein.<\/li>\n<li>CBD-Anteil \/ Effekte: 15% CBD f\u00fcr diese Blume, eine relativ ma\u00dfvolle St\u00e4rke, die f\u00fcr eine leichte Entspannung sorgen wird.<\/li>\n<\/ul>","protected":false},"excerpt":{"rendered":"<p><span style=\"text-decoration: underline;\"><strong>LEMON TONIC CBD GREENHOUSE<\/strong><\/span><\/p>\n<ul>\n<li>Herkunft: Angebaut in der Schweiz (Kanton Wallis) in Gew\u00e4chshauskultur. Gem\u00e4\u00dfigtes Klima<\/li>\n<li>Aussehen: Die Bl\u00fcten sind gro\u00df und hellgr\u00fcn. Die Bl\u00fcten sind eher trocken.<\/li>\n<li>Geruch\/Geschmack: Ein sehr zitrusartiger Geruch, der an Limoncello-Bl\u00fcten erinnert. Beim Verbrennen kommen fruchtige und holzige Noten zum Vorschein.<\/li>\n<li>CBD-Anteil \/ Effekte: 15% CBD f\u00fcr diese Blume, eine relativ ma\u00dfvolle St\u00e4rke, die f\u00fcr eine leichte Entspannung sorgen wird.<\/li>\n<\/ul>","protected":false},"featured_media":16413,"comment_status":"open","ping_status":"closed","template":"","meta":{"inline_featured_image":false},"product_cat":[353,355],"product_tag":[220,227],"class_list":{"0":"post-16408","1":"product","2":"type-product","3":"status-publish","4":"has-post-thumbnail","6":"product_brand-mari-swiss","7":"product_cat-fleurs-de-cbd","8":"product_cat-greenhouse","9":"product_tag-fleurs-cbd","10":"product_tag-greenhouse","12":"first","13":"instock","14":"sale","15":"taxable","16":"shipping-taxable","17":"purchasable","18":"product-type-variable"},"jetpack_sharing_enabled":true,"_links":{"self":[{"href":"https:\/\/mariswiss.com\/de\/wp-json\/wp\/v2\/product\/16408","targetHints":{"allow":["GET"]}}],"collection":[{"href":"https:\/\/mariswiss.com\/de\/wp-json\/wp\/v2\/product"}],"about":[{"href":"https:\/\/mariswiss.com\/de\/wp-json\/wp\/v2\/types\/product"}],"replies":[{"embeddable":true,"href":"https:\/\/mariswiss.com\/de\/wp-json\/wp\/v2\/comments?post=16408"}],"wp:featuredmedia":[{"embeddable":true,"href":"https:\/\/mariswiss.com\/de\/wp-json\/wp\/v2\/media\/16413"}],"wp:attachment":[{"href":"https:\/\/mariswiss.com\/de\/wp-json\/wp\/v2\/media?parent=16408"}],"wp:term":[{"taxonomy":"product_cat","embeddable":true,"href":"https:\/\/mariswiss.com\/de\/wp-json\/wp\/v2\/product_cat?post=16408"},{"taxonomy":"product_tag","embeddable":true,"href":"https:\/\/mariswiss.com\/de\/wp-json\/wp\/v2\/product_tag?post=16408"}],"curies":[{"name":"wp","href":"https:\/\/api.w.org\/{rel}","templated":true}]}}