{"id":16416,"date":"2023-10-24T14:33:45","date_gmt":"2023-10-24T14:33:45","guid":{"rendered":"https:\/\/mariswiss.com\/?post_type=product&#038;p=16416"},"modified":"2026-03-13T18:46:01","modified_gmt":"2026-03-13T18:46:01","slug":"harley-quinn-cbd-greenhouse","status":"publish","type":"product","link":"https:\/\/mariswiss.com\/de\/product\/harley-quinn-cbd-greenhouse\/","title":{"rendered":"Harley Quinn CBD Indoor"},"content":{"rendered":"<p><span style=\"text-decoration: underline;\"><strong>HARLEY QUINN CBD INDOOR<\/strong><\/span><\/p>\n<ul>\n<li>Herkunft: Wird in der Schweiz in Innenr\u00e4umen angebaut. Die Anbaubedingungen sind daher perfekt (Feuchtigkeit, W\u00e4rme, Licht usw.).<\/li>\n<li>Aussehen: Gro\u00dfe, hellgr\u00fcne Buds. Die Bl\u00fcten sind atmungsaktiv und nicht zu kompakt.<\/li>\n<li>Geruch\/Geschmack: Ein typischer Harlequin-Geruch, fruchtig und holzig. Beim Verzehr entsteht ein s\u00fc\u00dfer Geschmack im Mund.<\/li>\n<li>CBD-Anteil \/ Effekte: 17% CBD f\u00fcr diese Bl\u00fcte, es ist also eine eher starke Bl\u00fcte, die f\u00fcr gute Entspannung sorgen wird.<\/li>\n<\/ul>","protected":false},"excerpt":{"rendered":"<p><span style=\"text-decoration: underline;\"><strong>HARLEY QUINN CBD INDOOR<\/strong><\/span><\/p>\n<ul>\n<li>Herkunft: Wird in der Schweiz in Innenr\u00e4umen angebaut. Die Anbaubedingungen sind daher perfekt (Feuchtigkeit, W\u00e4rme, Licht usw.).<\/li>\n<li>Aussehen: Gro\u00dfe, hellgr\u00fcne Buds. Die Bl\u00fcten sind atmungsaktiv und nicht zu kompakt.<\/li>\n<li>Geruch\/Geschmack: Ein typischer Harlequin-Geruch, fruchtig und holzig. Beim Verzehr entsteht ein s\u00fc\u00dfer Geschmack im Mund.<\/li>\n<li>CBD-Anteil \/ Effekte: 17% CBD f\u00fcr diese Bl\u00fcte, es ist also eine eher starke Bl\u00fcte, die f\u00fcr gute Entspannung sorgen wird.<\/li>\n<\/ul>","protected":false},"featured_media":16422,"comment_status":"open","ping_status":"closed","template":"","meta":{"inline_featured_image":false},"product_cat":[353,354],"product_tag":[220,76],"class_list":{"0":"post-16416","1":"product","2":"type-product","3":"status-publish","4":"has-post-thumbnail","6":"product_brand-mari-swiss","7":"product_cat-fleurs-de-cbd","8":"product_cat-indoor","9":"product_tag-fleurs-cbd","10":"product_tag-indoor","12":"first","13":"instock","14":"sale","15":"taxable","16":"shipping-taxable","17":"purchasable","18":"product-type-variable"},"jetpack_sharing_enabled":true,"_links":{"self":[{"href":"https:\/\/mariswiss.com\/de\/wp-json\/wp\/v2\/product\/16416","targetHints":{"allow":["GET"]}}],"collection":[{"href":"https:\/\/mariswiss.com\/de\/wp-json\/wp\/v2\/product"}],"about":[{"href":"https:\/\/mariswiss.com\/de\/wp-json\/wp\/v2\/types\/product"}],"replies":[{"embeddable":true,"href":"https:\/\/mariswiss.com\/de\/wp-json\/wp\/v2\/comments?post=16416"}],"wp:featuredmedia":[{"embeddable":true,"href":"https:\/\/mariswiss.com\/de\/wp-json\/wp\/v2\/media\/16422"}],"wp:attachment":[{"href":"https:\/\/mariswiss.com\/de\/wp-json\/wp\/v2\/media?parent=16416"}],"wp:term":[{"taxonomy":"product_cat","embeddable":true,"href":"https:\/\/mariswiss.com\/de\/wp-json\/wp\/v2\/product_cat?post=16416"},{"taxonomy":"product_tag","embeddable":true,"href":"https:\/\/mariswiss.com\/de\/wp-json\/wp\/v2\/product_tag?post=16416"}],"curies":[{"name":"wp","href":"https:\/\/api.w.org\/{rel}","templated":true}]}}