{"id":16442,"date":"2023-10-31T08:12:12","date_gmt":"2023-10-31T08:12:12","guid":{"rendered":"https:\/\/mariswiss.com\/?post_type=product&#038;p=16442"},"modified":"2025-07-11T08:17:55","modified_gmt":"2025-07-11T08:17:55","slug":"queen-purple-cbd-greenhouse-copy","status":"publish","type":"product","link":"https:\/\/mariswiss.com\/de\/product\/queen-purple-cbd-greenhouse-copy\/","title":{"rendered":"Queen Purple CBD Greenhouse"},"content":{"rendered":"<p><span style=\"text-decoration: underline;\"><strong>QUEEN PURPLE CBD GREENHOUSE<\/strong><\/span><\/p>\n<ul>\n<li>Herkunft: Angebaut in der Schweiz (Kanton Wallis) im Gew\u00e4chshaus. Das Klima ist gem\u00e4\u00dfigt und eignet sich gut f\u00fcr den Anbau von Blumen.<\/li>\n<li>Aussehen: Gro\u00dfe, dunkelgr\u00fcne Bl\u00fcten mit einem sch\u00f6nen violetten Schimmer.<\/li>\n<li>Geruch\/Geschmack: Beim \u00d6ffnen des Beutels riecht es eher blumig und fruchtig. Beim Verzehr ist ein angenehm s\u00fc\u00dfer Geschmack zu sp\u00fcren.<\/li>\n<li>CBD Anteil \/ Effekte: 16% CBD in dieser Bl\u00fcte. Nicht zu stark, ideal f\u00fcr den Konsum am Tag, wie auch am Abend.<\/li>\n<\/ul>","protected":false},"excerpt":{"rendered":"<p><span style=\"text-decoration: underline;\"><strong>QUEEN PURPLE CBD GREENHOUSE<\/strong><\/span><\/p>\n<ul>\n<li>Herkunft: Angebaut in der Schweiz (Kanton Wallis) in Gew\u00e4chshauskultur. Gem\u00e4\u00dfigtes Klima<\/li>\n<li>Aussehen: Gro\u00dfe, dunkelgr\u00fcne Bl\u00fcten mit einem sch\u00f6nen violetten Schimmer.<\/li>\n<li>Geruch\/Geschmack: Ein sehr blumiger und fruchtiger Geruch. Beim Verbrennen erkennt man eine s\u00fc\u00dfe Blume.<\/li>\n<li>CBD-Anteil \/ Effekte: 16% CBD f\u00fcr diese Blume, eine relativ ma\u00dfvolle St\u00e4rke, die f\u00fcr eine leichte Entspannung sorgen wird.<\/li>\n<\/ul>","protected":false},"featured_media":16447,"comment_status":"open","ping_status":"closed","template":"","meta":{"inline_featured_image":false},"product_cat":[353,355],"product_tag":[220,227],"class_list":{"0":"post-16442","1":"product","2":"type-product","3":"status-publish","4":"has-post-thumbnail","6":"product_brand-mari-swiss","7":"product_cat-fleurs-de-cbd","8":"product_cat-greenhouse","9":"product_tag-fleurs-cbd","10":"product_tag-greenhouse","12":"first","13":"outofstock","14":"sale","15":"taxable","16":"shipping-taxable","17":"purchasable","18":"product-type-variable"},"jetpack_sharing_enabled":true,"_links":{"self":[{"href":"https:\/\/mariswiss.com\/de\/wp-json\/wp\/v2\/product\/16442","targetHints":{"allow":["GET"]}}],"collection":[{"href":"https:\/\/mariswiss.com\/de\/wp-json\/wp\/v2\/product"}],"about":[{"href":"https:\/\/mariswiss.com\/de\/wp-json\/wp\/v2\/types\/product"}],"replies":[{"embeddable":true,"href":"https:\/\/mariswiss.com\/de\/wp-json\/wp\/v2\/comments?post=16442"}],"wp:featuredmedia":[{"embeddable":true,"href":"https:\/\/mariswiss.com\/de\/wp-json\/wp\/v2\/media\/16447"}],"wp:attachment":[{"href":"https:\/\/mariswiss.com\/de\/wp-json\/wp\/v2\/media?parent=16442"}],"wp:term":[{"taxonomy":"product_cat","embeddable":true,"href":"https:\/\/mariswiss.com\/de\/wp-json\/wp\/v2\/product_cat?post=16442"},{"taxonomy":"product_tag","embeddable":true,"href":"https:\/\/mariswiss.com\/de\/wp-json\/wp\/v2\/product_tag?post=16442"}],"curies":[{"name":"wp","href":"https:\/\/api.w.org\/{rel}","templated":true}]}}