{"id":16448,"date":"2023-10-31T08:18:07","date_gmt":"2023-10-31T08:18:07","guid":{"rendered":"https:\/\/mariswiss.com\/?post_type=product&#038;p=16448"},"modified":"2026-04-24T18:28:52","modified_gmt":"2026-04-24T18:28:52","slug":"blueberry-mini-buds-cbd-indoor","status":"publish","type":"product","link":"https:\/\/mariswiss.com\/de\/product\/blueberry-mini-buds-cbd-indoor\/","title":{"rendered":"Blueberry Mini Buds CBD Indoor"},"content":{"rendered":"<p><span style=\"text-decoration: underline;\"><strong>BLUEBERRY MINI BUDS CBD INDOOR<\/strong><\/span><\/p>\n<ul>\n<li>Herkunft: In der Schweiz gez\u00fcchtet und in Indoor-Kultur. Optimale Bedingungen (Feuchtigkeit, W\u00e4rme, Licht).<\/li>\n<li>Aussehen: Kleine, kompakte, helle, popcorngro\u00dfe Bl\u00fcten mit kleinen Farbschimmern, die von den Stempeln auf den Bl\u00fcten herr\u00fchren.<\/li>\n<li>Geruch\/Geschmack: Beim \u00d6ffnen des Beutels riecht es fruchtig nach der Sorte Blaubeere. Beim Verzehr ist ein angenehm s\u00fc\u00dfer Geschmack zu sp\u00fcren.<\/li>\n<li>CBD Anteil \/ Effekte: 16% CBD in dieser Bl\u00fcte. Nicht zu stark, ideal f\u00fcr den Konsum am Tag, wie auch am Abend.<\/li>\n<\/ul>","protected":false},"excerpt":{"rendered":"<p><span style=\"text-decoration: underline;\"><strong>BLUEBERRY MINI BUDS CBD INDOOR<\/strong><\/span><\/p>\n<ul>\n<li>Herkunft: In der Schweiz unter optimalen Bedingungen (Feuchtigkeit, W\u00e4rme, Licht, Temperatur) angebaut.<\/li>\n<li>Aussehen: Eine Mischung aus kleinen Popcornblumen. Hellgr\u00fcn, mit sch\u00f6nen Farbreflexen durch die Stempel in der Bl\u00fcte.<\/li>\n<li>Geruch\/Geschmack: Ein fruchtiger Geruch, der typisch f\u00fcr die Sorte Blaubeere ist. Sehr leicht zu konsumieren, mit einem fruchtigen Nachgeschmack (Heidelbeere, rote Beeren).<\/li>\n<li>CBD-Gehalt \/ Wirkung: 16% CBD f\u00fcr diese Blume, eine relativ ma\u00dfvolle St\u00e4rke, die f\u00fcr eine leichte Entspannung sorgen wird. Sie kann zu jeder Tageszeit konsumiert werden.<\/li>\n<\/ul>","protected":false},"featured_media":16453,"comment_status":"open","ping_status":"closed","template":"","meta":{"inline_featured_image":false},"product_cat":[353,354,407],"product_tag":[220,76],"class_list":{"0":"post-16448","1":"product","2":"type-product","3":"status-publish","4":"has-post-thumbnail","6":"product_brand-mari-swiss","7":"product_cat-fleurs-de-cbd","8":"product_cat-indoor","9":"product_cat-mini-buds","10":"product_tag-fleurs-cbd","11":"product_tag-indoor","13":"first","14":"instock","15":"sale","16":"taxable","17":"shipping-taxable","18":"purchasable","19":"product-type-variable"},"jetpack_sharing_enabled":true,"_links":{"self":[{"href":"https:\/\/mariswiss.com\/de\/wp-json\/wp\/v2\/product\/16448","targetHints":{"allow":["GET"]}}],"collection":[{"href":"https:\/\/mariswiss.com\/de\/wp-json\/wp\/v2\/product"}],"about":[{"href":"https:\/\/mariswiss.com\/de\/wp-json\/wp\/v2\/types\/product"}],"replies":[{"embeddable":true,"href":"https:\/\/mariswiss.com\/de\/wp-json\/wp\/v2\/comments?post=16448"}],"wp:featuredmedia":[{"embeddable":true,"href":"https:\/\/mariswiss.com\/de\/wp-json\/wp\/v2\/media\/16453"}],"wp:attachment":[{"href":"https:\/\/mariswiss.com\/de\/wp-json\/wp\/v2\/media?parent=16448"}],"wp:term":[{"taxonomy":"product_cat","embeddable":true,"href":"https:\/\/mariswiss.com\/de\/wp-json\/wp\/v2\/product_cat?post=16448"},{"taxonomy":"product_tag","embeddable":true,"href":"https:\/\/mariswiss.com\/de\/wp-json\/wp\/v2\/product_tag?post=16448"}],"curies":[{"name":"wp","href":"https:\/\/api.w.org\/{rel}","templated":true}]}}