{"id":16454,"date":"2023-10-31T08:27:23","date_gmt":"2023-10-31T08:27:23","guid":{"rendered":"https:\/\/mariswiss.com\/?post_type=product&#038;p=16454"},"modified":"2026-04-09T19:04:25","modified_gmt":"2026-04-09T19:04:25","slug":"charlotte-web-cbd-indoor","status":"publish","type":"product","link":"https:\/\/mariswiss.com\/de\/product\/charlotte-web-cbd-indoor\/","title":{"rendered":"Charlotte's web CBD Indoor"},"content":{"rendered":"<p><span style=\"text-decoration: underline;\"><strong>CHARLOTTE'S WEB CBD INDOOR<\/strong><\/span><\/p>\n<ul>\n<li>Herkunft: In der Schweiz gez\u00fcchtet und in Indoor-Kultur. Optimale Bedingungen (Feuchtigkeit, W\u00e4rme, Licht).<\/li>\n<li>Aussehen: Kleine, kompakte, helle, popcorngro\u00dfe Bl\u00fcten, die von Pollen umgeben sind. Leicht feuchte Bl\u00fcten.<\/li>\n<li>Geruch\/Geschmack: Ein holziger Geruch, der beim \u00d6ffnen des Beutels deutlich wahrnehmbar ist. Bei der Verbrennung ist der Geruch eher pfeffrig und kr\u00e4ftig und der Geschmack gut pr\u00e4sent.<\/li>\n<li>CBD Anteil \/ Effekte: 16% CBD in dieser Bl\u00fcte. Nicht zu stark, ideal f\u00fcr den Konsum am Tag, wie auch am Abend.<\/li>\n<\/ul>","protected":false},"excerpt":{"rendered":"<p><span style=\"text-decoration: underline;\"><strong>CHARLOTTE'S WEB CBD INDOOR<\/strong><\/span><\/p>\n<ul>\n<li>Herkunft: In der Schweiz unter optimalen Bedingungen (Feuchtigkeit, W\u00e4rme, Licht, Temperatur) angebaut.<\/li>\n<li>Aussehen: Eine Auswahl kleiner, popcornartiger Bl\u00fcten. Hellgr\u00fcn und viel Pollen vorhanden. Eine eher leicht feuchte Bl\u00fcte.<\/li>\n<li>Geruch\/Geschmack: Ein holziger Geruch, der beim \u00d6ffnen des Beutels deutlich wahrnehmbar ist. Bei der Verbrennung ist der Geruch eher pfeffrig und kr\u00e4ftig und der Geschmack gut pr\u00e4sent.<\/li>\n<li>CBD-Gehalt \/ Wirkung: 16% CBD f\u00fcr diese Blume, eine relativ ma\u00dfvolle St\u00e4rke, die f\u00fcr eine leichte Entspannung sorgen wird. Sie kann zu jeder Tageszeit konsumiert werden.<\/li>\n<\/ul>","protected":false},"featured_media":16459,"comment_status":"open","ping_status":"closed","template":"","meta":{"inline_featured_image":false},"product_cat":[353,354,407],"product_tag":[220,76],"class_list":{"0":"post-16454","1":"product","2":"type-product","3":"status-publish","4":"has-post-thumbnail","6":"product_brand-mari-swiss","7":"product_cat-fleurs-de-cbd","8":"product_cat-indoor","9":"product_cat-mini-buds","10":"product_tag-fleurs-cbd","11":"product_tag-indoor","13":"first","14":"instock","15":"sale","16":"taxable","17":"shipping-taxable","18":"purchasable","19":"product-type-variable"},"jetpack_sharing_enabled":true,"_links":{"self":[{"href":"https:\/\/mariswiss.com\/de\/wp-json\/wp\/v2\/product\/16454","targetHints":{"allow":["GET"]}}],"collection":[{"href":"https:\/\/mariswiss.com\/de\/wp-json\/wp\/v2\/product"}],"about":[{"href":"https:\/\/mariswiss.com\/de\/wp-json\/wp\/v2\/types\/product"}],"replies":[{"embeddable":true,"href":"https:\/\/mariswiss.com\/de\/wp-json\/wp\/v2\/comments?post=16454"}],"wp:featuredmedia":[{"embeddable":true,"href":"https:\/\/mariswiss.com\/de\/wp-json\/wp\/v2\/media\/16459"}],"wp:attachment":[{"href":"https:\/\/mariswiss.com\/de\/wp-json\/wp\/v2\/media?parent=16454"}],"wp:term":[{"taxonomy":"product_cat","embeddable":true,"href":"https:\/\/mariswiss.com\/de\/wp-json\/wp\/v2\/product_cat?post=16454"},{"taxonomy":"product_tag","embeddable":true,"href":"https:\/\/mariswiss.com\/de\/wp-json\/wp\/v2\/product_tag?post=16454"}],"curies":[{"name":"wp","href":"https:\/\/api.w.org\/{rel}","templated":true}]}}