{"id":16468,"date":"2023-10-31T08:55:14","date_gmt":"2023-10-31T08:55:14","guid":{"rendered":"https:\/\/mariswiss.com\/?post_type=product&#038;p=16468"},"modified":"2025-12-05T14:59:57","modified_gmt":"2025-12-05T14:59:57","slug":"candy-baby-buds-cbd-indoor","status":"publish","type":"product","link":"https:\/\/mariswiss.com\/de\/product\/candy-baby-buds-cbd-indoor\/","title":{"rendered":"Candy Baby Buds CBD Indoor"},"content":{"rendered":"<p><span style=\"text-decoration: underline;\"><strong>CANDY BABY BUDS CBD INDOOR<\/strong><\/span><\/p>\n<ul>\n<li>Herkunft: In der Schweiz gez\u00fcchtet und in Indoor-Kultur. Optimale Bedingungen (Feuchtigkeit, W\u00e4rme, Licht).<\/li>\n<li>Aussehen: Eine Mischung aus kleinen, eher dunkelgr\u00fcnen Blumen. Sie werden viele kleine orangefarbene Trichome sehen.<\/li>\n<li>Geruch\/Geschmack: Ein fruchtiger Geruch f\u00fcr diese Blume, die der Sorte OG \u00e4hnelt. Der Geschmack ist s\u00fc\u00dflich, wenn sie gegessen wird.<\/li>\n<li>CBD Anteil \/ Effekte: 14% CBD f\u00fcr diese Blume. Nicht zu stark, ideal f\u00fcr den Konsum am Tag, wie auch am Abend.<\/li>\n<\/ul>","protected":false},"excerpt":{"rendered":"<p><span style=\"text-decoration: underline;\"><strong>CANDY BABY BUDS CBD INDOOR (neue Ernte)<\/strong><\/span><\/p>\n<ul>\n<li>Herkunft: Kolumbianische Hybriden, die auf der Orange-Gelato-Genetik basieren.<\/li>\n<li>Aussehen: Eine Mischung aus kleinen Blumen. Leicht dunkelgr\u00fcn mit orangefarbenen Trichomen.<\/li>\n<li>Geruch\/Geschmack: Ein fruchtiger Geruch f\u00fcr diese Blume, die der Sorte OG \u00e4hnelt. Der Geschmack ist s\u00fc\u00dflich, wenn sie gegessen wird.<\/li>\n<li>CBD-Anteil \/ Wirkung: 14% CBD f\u00fcr diese Blume, eine relativ ma\u00dfvolle St\u00e4rke, die f\u00fcr eine leichte Entspannung sorgen wird. Sie kann zu jeder Tageszeit konsumiert werden.<\/li>\n<\/ul>","protected":false},"featured_media":16473,"comment_status":"open","ping_status":"closed","template":"","meta":{"inline_featured_image":false},"product_cat":[353,354,407],"product_tag":[220,76],"class_list":{"0":"post-16468","1":"product","2":"type-product","3":"status-publish","4":"has-post-thumbnail","6":"product_brand-mari-swiss","7":"product_cat-fleurs-de-cbd","8":"product_cat-indoor","9":"product_cat-mini-buds","10":"product_tag-fleurs-cbd","11":"product_tag-indoor","13":"first","14":"instock","15":"sale","16":"taxable","17":"shipping-taxable","18":"purchasable","19":"product-type-variable"},"jetpack_sharing_enabled":true,"_links":{"self":[{"href":"https:\/\/mariswiss.com\/de\/wp-json\/wp\/v2\/product\/16468","targetHints":{"allow":["GET"]}}],"collection":[{"href":"https:\/\/mariswiss.com\/de\/wp-json\/wp\/v2\/product"}],"about":[{"href":"https:\/\/mariswiss.com\/de\/wp-json\/wp\/v2\/types\/product"}],"replies":[{"embeddable":true,"href":"https:\/\/mariswiss.com\/de\/wp-json\/wp\/v2\/comments?post=16468"}],"wp:featuredmedia":[{"embeddable":true,"href":"https:\/\/mariswiss.com\/de\/wp-json\/wp\/v2\/media\/16473"}],"wp:attachment":[{"href":"https:\/\/mariswiss.com\/de\/wp-json\/wp\/v2\/media?parent=16468"}],"wp:term":[{"taxonomy":"product_cat","embeddable":true,"href":"https:\/\/mariswiss.com\/de\/wp-json\/wp\/v2\/product_cat?post=16468"},{"taxonomy":"product_tag","embeddable":true,"href":"https:\/\/mariswiss.com\/de\/wp-json\/wp\/v2\/product_tag?post=16468"}],"curies":[{"name":"wp","href":"https:\/\/api.w.org\/{rel}","templated":true}]}}