{"id":16493,"date":"2023-10-31T13:24:43","date_gmt":"2023-10-31T13:24:43","guid":{"rendered":"https:\/\/mariswiss.com\/?post_type=product&#038;p=16493"},"modified":"2026-01-29T17:07:21","modified_gmt":"2026-01-29T17:07:21","slug":"gold-mousseux-thcp","status":"publish","type":"product","link":"https:\/\/mariswiss.com\/de\/product\/gold-mousseux-thcp\/","title":{"rendered":"Gold Schaum CBN+"},"content":{"rendered":"<p><span style=\"text-decoration: underline;\"><strong>GOLD SEKT HSD<\/strong><\/span><\/p>\n<ul>\n<li class=\"lead\">Herkunft: Hergestellt in der Schweiz im Labor unserer Produzenten aus Indoor-Bl\u00fcten.<\/li>\n<li class=\"lead\">Aussehen: Ein wundersch\u00f6nes, goldfarbenes Hasch, weich und einfach zu verwenden.<\/li>\n<li class=\"lead\">Geruch\/Geschmack: Ein leicht erdiges Harz, das im Geruch den Shits aus der Jugendzeit \u00e4hnelt. Ein starker, pfeffriger Geschmack beim Konsum.<\/li>\n<li class=\"lead\">CBD - HSD Anteil \/ Effekte: 25% CBD, 10% HSD. Dies ist ein starkes Hasch, das wir Ihnen empfehlen, am Ende des Tages zu konsumieren. HSD ist eine Mischung aus CBN-, CBD- und Musimol-Isolaten, die nat\u00fcrlich und legal ist. Es ist eine vollst\u00e4ndig zugelassene Mischung, die st\u00e4rker ist und mehr Effekte als CBD hat, aber keine starke psychotrope Wirkung hat.<\/li>\n<\/ul>","protected":false},"excerpt":{"rendered":"<p><span style=\"text-decoration: underline;\"><strong>GOLD SEKT HSD<\/strong><\/span><\/p>\n<ul>\n<li class=\"lead\">Herkunft: Hergestellt in der Schweiz im Labor unserer Produzenten aus Indoor-Bl\u00fcten.<\/li>\n<li class=\"lead\">Aussehen: Ein wundersch\u00f6nes, goldfarbenes Hasch, weich und einfach zu verwenden.<\/li>\n<li class=\"lead\">Geruch\/Geschmack: Ein leicht erdiges Harz, das im Geruch den Shits aus der Jugendzeit \u00e4hnelt. Ein starker, pfeffriger Geschmack beim Konsum.<\/li>\n<li class=\"lead\">CBD - HSD Anteil \/ Effekte: 25% CBD, 10% HSD. Dies ist ein starkes Hasch, das wir Ihnen empfehlen, am Ende des Tages zu konsumieren. HSD ist eine Mischung aus CBN-, CBD- und Musimol-Isolaten, die nat\u00fcrlich und legal ist. Es ist eine vollst\u00e4ndig zugelassene Mischung, die st\u00e4rker ist und mehr Effekte als CBD hat, aber keine starke psychotrope Wirkung hat.<\/li>\n<li style=\"list-style-type: none;\"><\/li>\n<\/ul>","protected":false},"featured_media":19307,"comment_status":"open","ping_status":"closed","template":"","meta":{"inline_featured_image":false},"product_cat":[362,360],"product_tag":[244,482,76],"class_list":{"0":"post-16493","1":"product","2":"type-product","3":"status-publish","4":"has-post-thumbnail","6":"product_brand-mari-swiss","7":"product_cat-resines-de-thcp","8":"product_cat-thcp","9":"product_tag-hash","10":"product_tag-hsd","11":"product_tag-indoor","13":"first","14":"instock","15":"sale","16":"taxable","17":"shipping-taxable","18":"purchasable","19":"product-type-variable"},"jetpack_sharing_enabled":true,"_links":{"self":[{"href":"https:\/\/mariswiss.com\/de\/wp-json\/wp\/v2\/product\/16493","targetHints":{"allow":["GET"]}}],"collection":[{"href":"https:\/\/mariswiss.com\/de\/wp-json\/wp\/v2\/product"}],"about":[{"href":"https:\/\/mariswiss.com\/de\/wp-json\/wp\/v2\/types\/product"}],"replies":[{"embeddable":true,"href":"https:\/\/mariswiss.com\/de\/wp-json\/wp\/v2\/comments?post=16493"}],"wp:featuredmedia":[{"embeddable":true,"href":"https:\/\/mariswiss.com\/de\/wp-json\/wp\/v2\/media\/19307"}],"wp:attachment":[{"href":"https:\/\/mariswiss.com\/de\/wp-json\/wp\/v2\/media?parent=16493"}],"wp:term":[{"taxonomy":"product_cat","embeddable":true,"href":"https:\/\/mariswiss.com\/de\/wp-json\/wp\/v2\/product_cat?post=16493"},{"taxonomy":"product_tag","embeddable":true,"href":"https:\/\/mariswiss.com\/de\/wp-json\/wp\/v2\/product_tag?post=16493"}],"curies":[{"name":"wp","href":"https:\/\/api.w.org\/{rel}","templated":true}]}}